{"id":22911,"date":"2021-10-10T04:46:57","date_gmt":"2021-10-10T04:46:57","guid":{"rendered":"https:\/\/mouldking.store\/shop\/moc-56649-modular-tatooine-build-from-18-mocs-star-wars-by-gabizon-moc-factory\/"},"modified":"2025-12-25T09:21:02","modified_gmt":"2025-12-25T02:21:02","slug":"moc-56649-modular-tatooine-build-from-18-mocs-star-wars-by-gabizon-moc-factory","status":"publish","type":"product","link":"https:\/\/mouldking.store\/hu\/shop\/moc-56649-modular-tatooine-build-from-18-mocs-star-wars-by-gabizon-moc-factory\/","title":{"rendered":"MOC-56649 Modul\u00e1ris Tatooine | A gabizon MOC FACTORY 18 MOC-b\u00f3l \u00e9p\u00edtette a Star Wars-t"},"content":{"rendered":"<p style=\"text-align: left\">MOC-56649 Modular Tatooine | Build from 18 MOCs Star Wars by gabizon MOC FACTORY is a set in Star Wars collection, designed by gabizon. This MOC 56649 comes with PDF instruction which is easy to build and find the missing pieces. The set contains 9585 pieces, first released in 2021.<\/p>\n<figure id=\"attachment_202674\" aria-describedby=\"caption-attachment-202674\" style=\"width: 800px\" class=\"wp-caption aligncenter\"><a href=\"https:\/\/pay.lpwstore.com\/wp-content\/uploads\/2021\/02\/MOC-56649-Modular-Tatooine-Build-from-18-MOCs-Star-Wars-by-gabizon-MOC-FACTORY.jpg\" target=\"_blank\" rel=\"noopener\"><img fetchpriority=\"high\" decoding=\"async\" class=\"wp-image-202674 size-full\" title=\"MOC-56649 Modul\u00e1ris Tatooine | A gabizon MOC FACTORY 18 MOC-b\u00f3l \u00e9p\u00edtette a Star Wars-t\" src=\"https:\/\/pay.lpwstore.com\/wp-content\/uploads\/2021\/02\/MOC-56649-Modular-Tatooine-Build-from-18-MOCs-Star-Wars-by-gabizon-MOC-FACTORY.jpg\" alt=\"MOC-56649 Modular Tatooine | Build from 18 MOCs Star Wars by gabizon MOC FACTORY\" width=\"800\" height=\"800\" \/><\/a><figcaption id=\"caption-attachment-202674\" class=\"wp-caption-text\">MOC-56649 Modul\u00e1ris Tatooine | A gabizon MOC FACTORY 18 MOC-b\u00f3l \u00e9p\u00edtette a Star Wars-t<\/figcaption><\/figure>\n<p><img decoding=\"async\" class=\"alignnone size-full wp-image-202675 aligncenter\" src=\"https:\/\/pay.lpwstore.com\/wp-content\/uploads\/2021\/02\/MOC-56649-Modular-Tatooine-Build-from-18-MOCs-Star-Wars-by-gabizon-MOC-FACTORY-2.jpg\" alt=\"-\" width=\"800\" height=\"800\" title=\"-\"> <img decoding=\"async\" class=\"alignnone size-full wp-image-202676 aligncenter\" src=\"https:\/\/pay.lpwstore.com\/wp-content\/uploads\/2021\/02\/MOC-56649-Modular-Tatooine-Build-from-18-MOCs-Star-Wars-by-gabizon-MOC-FACTORY-3.jpg\" alt=\"-\" width=\"800\" height=\"800\" title=\"-\"><\/p>","protected":false},"excerpt":{"rendered":"<ul>\n<li>Tartalmazza\u00a0<strong>9585+<\/strong>\u00a0db<\/li>\n<li>Online PDF oktat\u00e1s<\/li>\n<li>Kiv\u00e1l\u00f3 min\u0151s\u00e9g\u0171 ABS blokk<\/li>\n<\/ul>","protected":false},"featured_media":22908,"comment_status":"open","ping_status":"closed","template":"","meta":{"_acf_changed":false},"product_cat":[415],"product_tag":[],"class_list":["product","first","instock","shipping-taxable","purchasable","product-type-simple"],"acf":[],"_links":{"self":[{"href":"https:\/\/mouldking.store\/hu\/wp-json\/wp\/v2\/product\/22911","targetHints":{"allow":["GET"]}}],"collection":[{"href":"https:\/\/mouldking.store\/hu\/wp-json\/wp\/v2\/product"}],"about":[{"href":"https:\/\/mouldking.store\/hu\/wp-json\/wp\/v2\/types\/product"}],"replies":[{"embeddable":true,"href":"https:\/\/mouldking.store\/hu\/wp-json\/wp\/v2\/comments?post=22911"}],"wp:featuredmedia":[{"embeddable":true,"href":"https:\/\/mouldking.store\/hu\/wp-json\/wp\/v2\/media\/22908"}],"wp:attachment":[{"href":"https:\/\/mouldking.store\/hu\/wp-json\/wp\/v2\/media?parent=22911"}],"wp:term":[{"taxonomy":"product_cat","embeddable":true,"href":"https:\/\/mouldking.store\/hu\/wp-json\/wp\/v2\/product_cat?post=22911"},{"taxonomy":"product_tag","embeddable":true,"href":"https:\/\/mouldking.store\/hu\/wp-json\/wp\/v2\/product_tag?post=22911"}],"curies":[{"name":"wp","href":"https:\/\/api.w.org\/{rel}","templated":true}]}}