{"id":22917,"date":"2021-10-10T04:47:01","date_gmt":"2021-10-09T21:47:01","guid":{"rendered":"https:\/\/mouldking.store\/shop\/moc-59836-aac-1-star-wars-by-thrawnsrevenge-moc-factory\/"},"modified":"2025-12-25T09:21:02","modified_gmt":"2025-12-25T02:21:02","slug":"moc-59836-aac-1-star-wars-by-thrawnsrevenge-moc-factory","status":"publish","type":"product","link":"https:\/\/mouldking.store\/hu\/shop\/moc-59836-aac-1-star-wars-by-thrawnsrevenge-moc-factory\/","title":{"rendered":"MOC-59836 AAC-1 Star Wars, ThrawnsRevenge MOC GY\u00c1R"},"content":{"rendered":"<p style=\"text-align: left\">MOC-59836 AAC-1 Star Wars, ThrawnsRevenge A MOC FACTORY egy Star Wars k\u00e9szlet, melyet a ThrawnsRevenge tervezett. Ez a MOC 59836 PDF \u00fatmutat\u00f3val rendelkezik, amely k\u00f6nnyen meg\u00e9p\u00edthet\u0151 \u00e9s seg\u00edt megtal\u00e1lni a hi\u00e1nyz\u00f3 darabokat. A k\u00e9szlet 590 darabot tartalmaz, \u00e9s eredetileg 2021-ben jelent meg.<\/p>\n<figure id=\"attachment_202678\" aria-describedby=\"caption-attachment-202678\" style=\"width: 800px\" class=\"wp-caption aligncenter\"><a href=\"https:\/\/pay.lpwstore.com\/wp-content\/uploads\/2021\/02\/MOC-59836-AAC-1-Star-Wars-by-ThrawnsRevenge-MOC-FACTORY.jpg\" target=\"_blank\" rel=\"noopener\"><img fetchpriority=\"high\" decoding=\"async\" class=\"wp-image-202678 size-full\" title=\"MOC-59836 AAC-1 Star Wars, ThrawnsRevenge MOC GY\u00c1R\" src=\"https:\/\/pay.lpwstore.com\/wp-content\/uploads\/2021\/02\/MOC-59836-AAC-1-Star-Wars-by-ThrawnsRevenge-MOC-FACTORY.jpg\" alt=\"MOC-59836 AAC-1 Star Wars by ThrawnsRevenge MOC FACTORY\" width=\"800\" height=\"800\" \/><\/a><figcaption id=\"caption-attachment-202678\" class=\"wp-caption-text\">MOC-59836 AAC-1 Star Wars, ThrawnsRevenge MOC GY\u00c1R<\/figcaption><\/figure>\n<p><img decoding=\"async\" class=\"alignnone size-full wp-image-202679 aligncenter\" src=\"https:\/\/pay.lpwstore.com\/wp-content\/uploads\/2021\/02\/MOC-59836-AAC-1-Star-Wars-by-ThrawnsRevenge-MOC-FACTORY-2.jpg\" alt=\"-\" width=\"800\" height=\"800\" title=\"-\"> <img decoding=\"async\" class=\"alignnone size-full wp-image-202680 aligncenter\" src=\"https:\/\/pay.lpwstore.com\/wp-content\/uploads\/2021\/02\/MOC-59836-AAC-1-Star-Wars-by-ThrawnsRevenge-MOC-FACTORY-3.jpg\" alt=\"-\" width=\"800\" height=\"800\" title=\"-\"> <img loading=\"lazy\" decoding=\"async\" class=\"alignnone size-full wp-image-202681 aligncenter\" src=\"https:\/\/pay.lpwstore.com\/wp-content\/uploads\/2021\/02\/MOC-59836-AAC-1-Star-Wars-by-ThrawnsRevenge-MOC-FACTORY-4.jpg\" alt=\"-\" width=\"800\" height=\"800\" title=\"-\"> <img loading=\"lazy\" decoding=\"async\" class=\"alignnone size-full wp-image-202682 aligncenter\" src=\"https:\/\/pay.lpwstore.com\/wp-content\/uploads\/2021\/02\/MOC-59836-AAC-1-Star-Wars-by-ThrawnsRevenge-MOC-FACTORY-5.jpg\" alt=\"-\" width=\"800\" height=\"800\" title=\"-\"><\/p>","protected":false},"excerpt":{"rendered":"<ul>\n<li>Tartalmazza\u00a0<strong>590+<\/strong>\u00a0db<\/li>\n<li>Online PDF oktat\u00e1s<\/li>\n<li>Kiv\u00e1l\u00f3 min\u0151s\u00e9g\u0171 ABS blokk<\/li>\n<li>Dimensions: 19 x 11 x 8 cm<\/li>\n<\/ul>","protected":false},"author":83,"featured_media":22912,"comment_status":"open","ping_status":"closed","template":"","meta":{"_acf_changed":false},"product_cat":[415],"product_tag":[],"class_list":["product","first","instock","shipping-taxable","purchasable","product-type-simple"],"acf":[],"_links":{"self":[{"href":"https:\/\/mouldking.store\/hu\/wp-json\/wp\/v2\/product\/22917","targetHints":{"allow":["GET"]}}],"collection":[{"href":"https:\/\/mouldking.store\/hu\/wp-json\/wp\/v2\/product"}],"about":[{"href":"https:\/\/mouldking.store\/hu\/wp-json\/wp\/v2\/types\/product"}],"author":[{"embeddable":true,"href":"https:\/\/mouldking.store\/hu\/wp-json\/wp\/v2\/users\/83"}],"replies":[{"embeddable":true,"href":"https:\/\/mouldking.store\/hu\/wp-json\/wp\/v2\/comments?post=22917"}],"wp:featuredmedia":[{"embeddable":true,"href":"https:\/\/mouldking.store\/hu\/wp-json\/wp\/v2\/media\/22912"}],"wp:attachment":[{"href":"https:\/\/mouldking.store\/hu\/wp-json\/wp\/v2\/media?parent=22917"}],"wp:term":[{"taxonomy":"product_cat","embeddable":true,"href":"https:\/\/mouldking.store\/hu\/wp-json\/wp\/v2\/product_cat?post=22917"},{"taxonomy":"product_tag","embeddable":true,"href":"https:\/\/mouldking.store\/hu\/wp-json\/wp\/v2\/product_tag?post=22917"}],"curies":[{"name":"wp","href":"https:\/\/api.w.org\/{rel}","templated":true}]}}