{"id":22944,"date":"2021-10-10T04:47:42","date_gmt":"2021-10-10T04:47:42","guid":{"rendered":"https:\/\/mouldking.store\/shop\/moc-39574-bt-13a-military-by-yellow-lxf-moc-factory\/"},"modified":"2025-12-25T09:21:02","modified_gmt":"2025-12-25T02:21:02","slug":"moc-39574-bt-13a-military-by-yellow-lxf-moc-factory","status":"publish","type":"product","link":"https:\/\/mouldking.store\/hu\/shop\/moc-39574-bt-13a-military-by-yellow-lxf-moc-factory\/","title":{"rendered":"MOC-39574 BT-13A Military, Yellow.LXF MOC FACTORY"},"content":{"rendered":"<p style=\"text-align: left\">MOC-39574 BT-13A Military, Yellow.LXF A MOC FACTORY a Yellow.LXF \u00e1ltal tervezett Modular Building kollekci\u00f3 k\u00e9szlete. Ez a MOC 39574 PDF utas\u00edt\u00e1ssal \u00e9rkezik, amely k\u00f6nnyen \u00f6ssze\u00e1ll\u00edthat\u00f3 \u00e9s megtal\u00e1lhatja a hi\u00e1nyz\u00f3 darabokat. A k\u00e9szlet 912 darabot tartalmaz, el\u0151sz\u00f6r 2021-ben adt\u00e1k ki.<\/p>\n<figure id=\"attachment_202710\" aria-describedby=\"caption-attachment-202710\" style=\"width: 800px\" class=\"wp-caption aligncenter\"><a href=\"https:\/\/pay.lpwstore.com\/wp-content\/uploads\/2021\/02\/MOC-39574-BT-13A-Military-by-YellowLXF-MOC-FACTORY.jpg\" target=\"_blank\" rel=\"noopener\"><img fetchpriority=\"high\" decoding=\"async\" class=\"wp-image-202710 size-full\" title=\"MOC-39574 BT-13A Military, Yellow.LXF MOC FACTORY\" src=\"https:\/\/pay.lpwstore.com\/wp-content\/uploads\/2021\/02\/MOC-39574-BT-13A-Military-by-YellowLXF-MOC-FACTORY.jpg\" alt=\"MOC-39574 BT-13A Military by Yellow.LXF MOC FACTORY\" width=\"800\" height=\"800\" \/><\/a><figcaption id=\"caption-attachment-202710\" class=\"wp-caption-text\">MOC-39574 BT-13A Military, Yellow.LXF MOC FACTORY<\/figcaption><\/figure>\n<p><img decoding=\"async\" class=\"alignnone size-full wp-image-202711 aligncenter\" src=\"https:\/\/pay.lpwstore.com\/wp-content\/uploads\/2021\/02\/MOC-39574-BT-13A-Military-by-YellowLXF-MOC-FACTORY-2.jpg\" alt=\"MOC-39574-BT-13A-Military-by-YellowLXF-MOC-FACTORY-2\" width=\"800\" height=\"800\" title=\"-\"><\/p>","protected":false},"excerpt":{"rendered":"<ul>\n<li>Tartalmazza\u00a0<strong>912+<\/strong>\u00a0db<\/li>\n<li>Online PDF oktat\u00e1s<\/li>\n<li>Kiv\u00e1l\u00f3 min\u0151s\u00e9g\u0171 ABS blokk<\/li>\n<li>M\u00e9retek: 39 x 55 x 21 cm<\/li>\n<\/ul>","protected":false},"featured_media":22942,"comment_status":"open","ping_status":"closed","template":"","meta":{"_acf_changed":false},"product_cat":[372],"product_tag":[],"class_list":["product","first","instock","shipping-taxable","purchasable","product-type-simple"],"acf":[],"_links":{"self":[{"href":"https:\/\/mouldking.store\/hu\/wp-json\/wp\/v2\/product\/22944","targetHints":{"allow":["GET"]}}],"collection":[{"href":"https:\/\/mouldking.store\/hu\/wp-json\/wp\/v2\/product"}],"about":[{"href":"https:\/\/mouldking.store\/hu\/wp-json\/wp\/v2\/types\/product"}],"replies":[{"embeddable":true,"href":"https:\/\/mouldking.store\/hu\/wp-json\/wp\/v2\/comments?post=22944"}],"wp:featuredmedia":[{"embeddable":true,"href":"https:\/\/mouldking.store\/hu\/wp-json\/wp\/v2\/media\/22942"}],"wp:attachment":[{"href":"https:\/\/mouldking.store\/hu\/wp-json\/wp\/v2\/media?parent=22944"}],"wp:term":[{"taxonomy":"product_cat","embeddable":true,"href":"https:\/\/mouldking.store\/hu\/wp-json\/wp\/v2\/product_cat?post=22944"},{"taxonomy":"product_tag","embeddable":true,"href":"https:\/\/mouldking.store\/hu\/wp-json\/wp\/v2\/product_tag?post=22944"}],"curies":[{"name":"wp","href":"https:\/\/api.w.org\/{rel}","templated":true}]}}