{"id":23024,"date":"2021-10-10T04:48:57","date_gmt":"2021-10-10T04:48:57","guid":{"rendered":"https:\/\/mouldking.store\/shop\/moc-47231-combat-jeep-swat-team-military-by-madmocs-moc-factory\/"},"modified":"2025-12-25T09:21:01","modified_gmt":"2025-12-25T02:21:01","slug":"moc-47231-combat-jeep-swat-team-military-by-madmocs-moc-factory","status":"publish","type":"product","link":"https:\/\/mouldking.store\/hu\/shop\/moc-47231-combat-jeep-swat-team-military-by-madmocs-moc-factory\/","title":{"rendered":"MOC-47231 Combat Jeep SWAT Team Military, MadMocs MOC FACTORY"},"content":{"rendered":"<p>MOC-47231 Combat Jeep SWAT Team Military by MadMocs MOC FACTORY is a set in Military collection, designed by MadMocs. This MOC 47231 comes with PDF instruction which is easy to build and find the missing pieces. The set contains 302 pieces, first released in 2021.<\/p>\n<figure id=\"attachment_202832\" aria-describedby=\"caption-attachment-202832\" style=\"width: 800px\" class=\"wp-caption aligncenter\"><a href=\"https:\/\/pay.lpwstore.com\/wp-content\/uploads\/2021\/02\/MOC-47231-Combat-Jeep-SWAT-Team-Military-by-MadMocs-MOC-FACTORY.jpg\" target=\"_blank\" rel=\"noopener\"><img fetchpriority=\"high\" decoding=\"async\" class=\"wp-image-202832 size-full\" title=\"MOC-47231 Combat Jeep SWAT Team Military, MadMocs MOC FACTORY\" src=\"https:\/\/pay.lpwstore.com\/wp-content\/uploads\/2021\/02\/MOC-47231-Combat-Jeep-SWAT-Team-Military-by-MadMocs-MOC-FACTORY.jpg\" alt=\"MOC-47231 Combat Jeep SWAT Team Military by MadMocs MOC FACTORY\" width=\"800\" height=\"800\" \/><\/a><figcaption id=\"caption-attachment-202832\" class=\"wp-caption-text\">MOC-47231 Combat Jeep SWAT Team Military, MadMocs MOC FACTORY<\/figcaption><\/figure>","protected":false},"excerpt":{"rendered":"<ul>\n<li>Tartalmazza\u00a0<strong>302+<\/strong>\u00a0db<\/li>\n<li>Online PDF oktat\u00e1s<\/li>\n<li>Kiv\u00e1l\u00f3 min\u0151s\u00e9g\u0171 ABS blokk<\/li>\n<li>Dimensions: 7 x 14 x 16 cm<\/li>\n<\/ul>","protected":false},"featured_media":23023,"comment_status":"open","ping_status":"closed","template":"","meta":{"_acf_changed":false},"product_cat":[372],"product_tag":[],"class_list":["product","first","instock","shipping-taxable","purchasable","product-type-simple"],"acf":[],"_links":{"self":[{"href":"https:\/\/mouldking.store\/hu\/wp-json\/wp\/v2\/product\/23024","targetHints":{"allow":["GET"]}}],"collection":[{"href":"https:\/\/mouldking.store\/hu\/wp-json\/wp\/v2\/product"}],"about":[{"href":"https:\/\/mouldking.store\/hu\/wp-json\/wp\/v2\/types\/product"}],"replies":[{"embeddable":true,"href":"https:\/\/mouldking.store\/hu\/wp-json\/wp\/v2\/comments?post=23024"}],"wp:featuredmedia":[{"embeddable":true,"href":"https:\/\/mouldking.store\/hu\/wp-json\/wp\/v2\/media\/23023"}],"wp:attachment":[{"href":"https:\/\/mouldking.store\/hu\/wp-json\/wp\/v2\/media?parent=23024"}],"wp:term":[{"taxonomy":"product_cat","embeddable":true,"href":"https:\/\/mouldking.store\/hu\/wp-json\/wp\/v2\/product_cat?post=23024"},{"taxonomy":"product_tag","embeddable":true,"href":"https:\/\/mouldking.store\/hu\/wp-json\/wp\/v2\/product_tag?post=23024"}],"curies":[{"name":"wp","href":"https:\/\/api.w.org\/{rel}","templated":true}]}}