{"id":23121,"date":"2021-10-10T04:50:30","date_gmt":"2021-10-10T04:50:30","guid":{"rendered":"https:\/\/mouldking.store\/shop\/moc-90076-star-wars-ahsoka-tano-pixel-art-moc-factory\/"},"modified":"2025-12-25T09:20:55","modified_gmt":"2025-12-25T02:20:55","slug":"moc-90076-star-wars-ahsoka-tano-pixel-art-moc-factory","status":"publish","type":"product","link":"https:\/\/mouldking.store\/hu\/shop\/moc-90076-star-wars-ahsoka-tano-pixel-art-moc-factory\/","title":{"rendered":"MOC-90076 Star Wars Ahsoka Tano Pixel Art MOC GY\u00c1R"},"content":{"rendered":"<p style=\"text-align: left\">MOC-90076 Star Wars Ahsoka Tano Pixel Art MOC FACTORY is a set in Star Wars collection. This MOC 90076 comes with PDF instruction which is easy to build and find the missing pieces. The set contains 2304 pieces, first released in 2021.<\/p>\n<figure id=\"attachment_203023\" aria-describedby=\"caption-attachment-203023\" style=\"width: 800px\" class=\"wp-caption aligncenter\"><a href=\"https:\/\/pay.lpwstore.com\/wp-content\/uploads\/2021\/02\/MOC-90076-Star-Wars-Ahsoka-Tano-Pixel-Art-MOC-FACTORY.jpg\" target=\"_blank\" rel=\"noopener\"><img fetchpriority=\"high\" decoding=\"async\" class=\"wp-image-203023 size-full\" title=\"MOC-90076 Star Wars Ahsoka Tano Pixel Art MOC GY\u00c1R\" src=\"https:\/\/pay.lpwstore.com\/wp-content\/uploads\/2021\/02\/MOC-90076-Star-Wars-Ahsoka-Tano-Pixel-Art-MOC-FACTORY.jpg\" alt=\"MOC-90076 Star Wars Ahsoka Tano Pixel Art MOC FACTORY\" width=\"800\" height=\"800\" \/><\/a><figcaption id=\"caption-attachment-203023\" class=\"wp-caption-text\">MOC-90076 Star Wars Ahsoka Tano Pixel Art MOC GY\u00c1R<\/figcaption><\/figure>\n<p><img decoding=\"async\" class=\"alignnone size-full wp-image-203024 aligncenter\" src=\"https:\/\/pay.lpwstore.com\/wp-content\/uploads\/2021\/02\/MOC-90076-Star-Wars-Ahsoka-Tano-Pixel-Art-MOC-FACTORY-2.jpg\" alt=\"MOC-90076-Star-Wars-Ahsoka-Tano-Pixel-Art-MOC-FACTORY-2\" width=\"800\" height=\"800\" title=\"-\"><\/p>","protected":false},"excerpt":{"rendered":"<ul>\n<li>Tartalmazza\u00a0<strong>2304+<\/strong>\u00a0db<\/li>\n<li>Online PDF oktat\u00e1s<\/li>\n<li>Kiv\u00e1l\u00f3 min\u0151s\u00e9g\u0171 ABS blokk<\/li>\n<li>M\u00e9retek: 39 x 2 x 39 cm<\/li>\n<\/ul>","protected":false},"featured_media":23119,"comment_status":"open","ping_status":"closed","template":"","meta":{"_acf_changed":false},"product_cat":[415],"product_tag":[],"class_list":["product","first","outofstock","shipping-taxable","purchasable","product-type-simple"],"acf":[],"_links":{"self":[{"href":"https:\/\/mouldking.store\/hu\/wp-json\/wp\/v2\/product\/23121","targetHints":{"allow":["GET"]}}],"collection":[{"href":"https:\/\/mouldking.store\/hu\/wp-json\/wp\/v2\/product"}],"about":[{"href":"https:\/\/mouldking.store\/hu\/wp-json\/wp\/v2\/types\/product"}],"replies":[{"embeddable":true,"href":"https:\/\/mouldking.store\/hu\/wp-json\/wp\/v2\/comments?post=23121"}],"wp:featuredmedia":[{"embeddable":true,"href":"https:\/\/mouldking.store\/hu\/wp-json\/wp\/v2\/media\/23119"}],"wp:attachment":[{"href":"https:\/\/mouldking.store\/hu\/wp-json\/wp\/v2\/media?parent=23121"}],"wp:term":[{"taxonomy":"product_cat","embeddable":true,"href":"https:\/\/mouldking.store\/hu\/wp-json\/wp\/v2\/product_cat?post=23121"},{"taxonomy":"product_tag","embeddable":true,"href":"https:\/\/mouldking.store\/hu\/wp-json\/wp\/v2\/product_tag?post=23121"}],"curies":[{"name":"wp","href":"https:\/\/api.w.org\/{rel}","templated":true}]}}