{"id":23152,"date":"2021-10-10T04:51:04","date_gmt":"2021-10-09T21:51:04","guid":{"rendered":"https:\/\/mouldking.store\/shop\/moc-50609-the-emperors-arrival-star-wars-by-onecase-moc-factory\/"},"modified":"2025-12-25T09:20:54","modified_gmt":"2025-12-25T02:20:54","slug":"moc-50609-the-emperors-arrival-star-wars-by-onecase-moc-factory","status":"publish","type":"product","link":"https:\/\/mouldking.store\/hu\/shop\/moc-50609-the-emperors-arrival-star-wars-by-onecase-moc-factory\/","title":{"rendered":"MOC-50609 The Emperor&#8217;s Arrival Star Wars by onecase MOC FACTORY"},"content":{"rendered":"<p style=\"text-align: left\">MOC-50609 The Emperor&#8217;s Arrival Star Wars by onecase MOC FACTORY is a set in Star Wars collection, designed by onecase. This MOC 50609 comes with PDF instruction which is easy to build and find the missing pieces. The set contains 1174 pieces, first released in 2021.<\/p>\n<figure id=\"attachment_203225\" aria-describedby=\"caption-attachment-203225\" style=\"width: 800px\" class=\"wp-caption aligncenter\"><a href=\"https:\/\/pay.lpwstore.com\/wp-content\/uploads\/2021\/03\/MOC-50609-The-Emperors-Arrival-Star-Wars-by-onecase-MOC-FACTORY.jpg\" target=\"_blank\" rel=\"noopener\"><img fetchpriority=\"high\" decoding=\"async\" class=\"wp-image-203225 size-full\" title=\"MOC-50609 A Cs\u00e1sz\u00e1r \u00e9rkez\u00e9se Star Wars \u2013 onecase MOC FACTORY\" src=\"https:\/\/pay.lpwstore.com\/wp-content\/uploads\/2021\/03\/MOC-50609-The-Emperors-Arrival-Star-Wars-by-onecase-MOC-FACTORY.jpg\" alt=\"MOC-50609 The Emperor's Arrival Star Wars by onecase MOC FACTORY\" width=\"800\" height=\"800\" \/><\/a><figcaption id=\"caption-attachment-203225\" class=\"wp-caption-text\">MOC-50609 The Emperor&#8217;s Arrival Star Wars by onecase MOC FACTORY<\/figcaption><\/figure>\n<p><img decoding=\"async\" class=\"alignnone size-full wp-image-203226 aligncenter\" src=\"https:\/\/pay.lpwstore.com\/wp-content\/uploads\/2021\/03\/MOC-50609-The-Emperors-Arrival-Star-Wars-by-onecase-MOC-FACTORY-2.jpg\" alt=\"-\" width=\"800\" height=\"800\" title=\"-\"> <img decoding=\"async\" class=\"alignnone size-full wp-image-203227 aligncenter\" src=\"https:\/\/pay.lpwstore.com\/wp-content\/uploads\/2021\/03\/MOC-50609-The-Emperors-Arrival-Star-Wars-by-onecase-MOC-FACTORY-3.jpg\" alt=\"-\" width=\"800\" height=\"800\" title=\"-\"> <img loading=\"lazy\" decoding=\"async\" class=\"alignnone size-full wp-image-203228 aligncenter\" src=\"https:\/\/pay.lpwstore.com\/wp-content\/uploads\/2021\/03\/MOC-50609-The-Emperors-Arrival-Star-Wars-by-onecase-MOC-FACTORY-4.jpg\" alt=\"-\" width=\"800\" height=\"800\" title=\"-\"><\/p>","protected":false},"excerpt":{"rendered":"<ul>\n<li>Tartalmazza <strong>1174+<\/strong> db<\/li>\n<li>Online PDF oktat\u00e1s<\/li>\n<li>Kiv\u00e1l\u00f3 min\u0151s\u00e9g\u0171 ABS blokk<\/li>\n<li>Dimensions: 26 x 26 x 14 cm<\/li>\n<\/ul>","protected":false},"featured_media":23148,"comment_status":"open","ping_status":"closed","template":"","meta":{"_acf_changed":false},"product_cat":[415],"product_tag":[],"class_list":["product","first","instock","shipping-taxable","purchasable","product-type-simple"],"acf":[],"_links":{"self":[{"href":"https:\/\/mouldking.store\/hu\/wp-json\/wp\/v2\/product\/23152","targetHints":{"allow":["GET"]}}],"collection":[{"href":"https:\/\/mouldking.store\/hu\/wp-json\/wp\/v2\/product"}],"about":[{"href":"https:\/\/mouldking.store\/hu\/wp-json\/wp\/v2\/types\/product"}],"replies":[{"embeddable":true,"href":"https:\/\/mouldking.store\/hu\/wp-json\/wp\/v2\/comments?post=23152"}],"wp:featuredmedia":[{"embeddable":true,"href":"https:\/\/mouldking.store\/hu\/wp-json\/wp\/v2\/media\/23148"}],"wp:attachment":[{"href":"https:\/\/mouldking.store\/hu\/wp-json\/wp\/v2\/media?parent=23152"}],"wp:term":[{"taxonomy":"product_cat","embeddable":true,"href":"https:\/\/mouldking.store\/hu\/wp-json\/wp\/v2\/product_cat?post=23152"},{"taxonomy":"product_tag","embeddable":true,"href":"https:\/\/mouldking.store\/hu\/wp-json\/wp\/v2\/product_tag?post=23152"}],"curies":[{"name":"wp","href":"https:\/\/api.w.org\/{rel}","templated":true}]}}