{"id":23182,"date":"2021-10-10T04:51:32","date_gmt":"2021-10-09T21:51:32","guid":{"rendered":"https:\/\/mouldking.store\/shop\/moc-57851-lamborghini-countach-lp5000-qv-red-version-technic-by-rastacoco-moc-factory\/"},"modified":"2025-12-25T09:20:53","modified_gmt":"2025-12-25T02:20:53","slug":"moc-57851-lamborghini-countach-lp5000-qv-red-version-technic-by-rastacoco-moc-factory","status":"publish","type":"product","link":"https:\/\/mouldking.store\/hu\/shop\/moc-57851-lamborghini-countach-lp5000-qv-red-version-technic-by-rastacoco-moc-factory\/","title":{"rendered":"MOC-57851 Lamborghini Countach LP5000 QV \u2013 Red v\u00e1ltozat Technic by Rastacoco MOC FACTORY"},"content":{"rendered":"<p style=\"text-align: left\">MOC-57851 Lamborghini Countach LP5000 QV \u2013 Red v\u00e1ltozat Technic by Rastacoco A MOC FACTORY a Rastacoco \u00e1ltal tervezett Technic kollekci\u00f3 k\u00e9szlete. Ez a MOC 57851 PDF utas\u00edt\u00e1ssal \u00e9rkezik, amely k\u00f6nnyen \u00f6ssze\u00e1ll\u00edthat\u00f3 \u00e9s megtal\u00e1lhatja a hi\u00e1nyz\u00f3 r\u00e9szeket. A k\u00e9szlet 1316 darabot tartalmaz, el\u0151sz\u00f6r 2021-ben adt\u00e1k ki.<\/p>\n<figure id=\"attachment_203253\" aria-describedby=\"caption-attachment-203253\" style=\"width: 800px\" class=\"wp-caption aligncenter\"><a href=\"https:\/\/pay.lpwstore.com\/wp-content\/uploads\/2021\/03\/MOC-57851-Lamborghini-Countach-LP5000-QV-Red-version-Technic-by-Rastacoco-MOC-FACTORY.jpg\" target=\"_blank\" rel=\"noopener\"><img fetchpriority=\"high\" decoding=\"async\" class=\"wp-image-203253 size-full\" title=\"MOC-57851 Lamborghini Countach LP5000 QV - Red v\u00e1ltozat Technic by Rastacoco MOC FACTORY\" src=\"https:\/\/pay.lpwstore.com\/wp-content\/uploads\/2021\/03\/MOC-57851-Lamborghini-Countach-LP5000-QV-Red-version-Technic-by-Rastacoco-MOC-FACTORY.jpg\" alt=\"MOC-57851 Lamborghini Countach LP5000 QV - Red version Technic by Rastacoco MOC FACTORY\" width=\"800\" height=\"800\" \/><\/a><figcaption id=\"caption-attachment-203253\" class=\"wp-caption-text\">MOC-57851 Lamborghini Countach LP5000 QV \u2013 Red v\u00e1ltozat Technic by Rastacoco MOC FACTORY<\/figcaption><\/figure>\n<p><img decoding=\"async\" class=\"alignnone size-full wp-image-203254 aligncenter\" src=\"https:\/\/pay.lpwstore.com\/wp-content\/uploads\/2021\/03\/MOC-57851-Lamborghini-Countach-LP5000-QV-Red-version-Technic-by-Rastacoco-MOC-FACTORY-2.jpg\" alt=\"-\" width=\"800\" height=\"800\" title=\"-\"> <img decoding=\"async\" class=\"alignnone size-full wp-image-203255 aligncenter\" src=\"https:\/\/pay.lpwstore.com\/wp-content\/uploads\/2021\/03\/MOC-57851-Lamborghini-Countach-LP5000-QV-Red-version-Technic-by-Rastacoco-MOC-FACTORY-3.jpg\" alt=\"-\" width=\"800\" height=\"800\" title=\"-\"> <img loading=\"lazy\" decoding=\"async\" class=\"alignnone size-full wp-image-203256 aligncenter\" src=\"https:\/\/pay.lpwstore.com\/wp-content\/uploads\/2021\/03\/MOC-57851-Lamborghini-Countach-LP5000-QV-Red-version-Technic-by-Rastacoco-MOC-FACTORY-4.jpg\" alt=\"-\" width=\"800\" height=\"800\" title=\"-\"> <img loading=\"lazy\" decoding=\"async\" class=\"alignnone size-full wp-image-203257 aligncenter\" src=\"https:\/\/pay.lpwstore.com\/wp-content\/uploads\/2021\/03\/MOC-57851-Lamborghini-Countach-LP5000-QV-Red-version-Technic-by-Rastacoco-MOC-FACTORY-5.jpg\" alt=\"-\" width=\"800\" height=\"800\" title=\"-\"> <img loading=\"lazy\" decoding=\"async\" class=\"alignnone size-full wp-image-203258 aligncenter\" src=\"https:\/\/pay.lpwstore.com\/wp-content\/uploads\/2021\/03\/MOC-57851-Lamborghini-Countach-LP5000-QV-Red-version-Technic-by-Rastacoco-MOC-FACTORY-6.jpg\" alt=\"-\" width=\"800\" height=\"800\" title=\"-\"> <img loading=\"lazy\" decoding=\"async\" class=\"alignnone size-full wp-image-203259 aligncenter\" src=\"https:\/\/pay.lpwstore.com\/wp-content\/uploads\/2021\/03\/MOC-57851-Lamborghini-Countach-LP5000-QV-Red-version-Technic-by-Rastacoco-MOC-FACTORY-7.jpg\" alt=\"-\" width=\"800\" height=\"800\" title=\"-\"><\/p>","protected":false},"excerpt":{"rendered":"<ul>\n<li>Tartalmazza\u00a0<strong>1316+<\/strong>\u00a0db<\/li>\n<li>Online PDF oktat\u00e1s<\/li>\n<li>Kiv\u00e1l\u00f3 min\u0151s\u00e9g\u0171 ABS blokk<\/li>\n<li>M\u00e9retek: 30 x 14,4 x 8 cm<\/li>\n<\/ul>","protected":false},"featured_media":23175,"comment_status":"open","ping_status":"closed","template":"","meta":{"_acf_changed":false},"product_cat":[364],"product_tag":[],"class_list":["product","first","instock","shipping-taxable","purchasable","product-type-simple"],"acf":[],"_links":{"self":[{"href":"https:\/\/mouldking.store\/hu\/wp-json\/wp\/v2\/product\/23182","targetHints":{"allow":["GET"]}}],"collection":[{"href":"https:\/\/mouldking.store\/hu\/wp-json\/wp\/v2\/product"}],"about":[{"href":"https:\/\/mouldking.store\/hu\/wp-json\/wp\/v2\/types\/product"}],"replies":[{"embeddable":true,"href":"https:\/\/mouldking.store\/hu\/wp-json\/wp\/v2\/comments?post=23182"}],"wp:featuredmedia":[{"embeddable":true,"href":"https:\/\/mouldking.store\/hu\/wp-json\/wp\/v2\/media\/23175"}],"wp:attachment":[{"href":"https:\/\/mouldking.store\/hu\/wp-json\/wp\/v2\/media?parent=23182"}],"wp:term":[{"taxonomy":"product_cat","embeddable":true,"href":"https:\/\/mouldking.store\/hu\/wp-json\/wp\/v2\/product_cat?post=23182"},{"taxonomy":"product_tag","embeddable":true,"href":"https:\/\/mouldking.store\/hu\/wp-json\/wp\/v2\/product_tag?post=23182"}],"curies":[{"name":"wp","href":"https:\/\/api.w.org\/{rel}","templated":true}]}}