{"id":23216,"date":"2021-10-10T04:52:18","date_gmt":"2021-10-09T21:52:18","guid":{"rendered":"https:\/\/mouldking.store\/shop\/moc-31841-toyota-supra-a80-technic-by-sirmanperson-moc-factory\/"},"modified":"2025-12-25T09:20:53","modified_gmt":"2025-12-25T02:20:53","slug":"moc-31841-toyota-supra-a80-technic-by-sirmanperson-moc-factory","status":"publish","type":"product","link":"https:\/\/mouldking.store\/hu\/shop\/moc-31841-toyota-supra-a80-technic-by-sirmanperson-moc-factory\/","title":{"rendered":"MOC-31841 Toyota Supra (A80) Technic, SirManperson MOC FACTORY"},"content":{"rendered":"<p>MOC-31841 Toyota Supra (A80) Technic, SirManperson A MOC FACTORY a SirManperson \u00e1ltal tervezett Technic kollekci\u00f3 k\u00e9szlete. Ez a MOC 31841 PDF utas\u00edt\u00e1ssal \u00e9rkezik, amely k\u00f6nnyen \u00f6ssze\u00e1ll\u00edthat\u00f3 \u00e9s megtal\u00e1lhatja a hi\u00e1nyz\u00f3 darabokat. A k\u00e9szlet 1744 darabot tartalmaz, el\u0151sz\u00f6r 2021-ben adt\u00e1k ki.<\/p>\n<figure id=\"attachment_203390\" aria-describedby=\"caption-attachment-203390\" style=\"width: 800px\" class=\"wp-caption aligncenter\"><a href=\"https:\/\/pay.lpwstore.com\/wp-content\/uploads\/2021\/03\/MOC-31841-Toyota-Supra-A80-Technic-by-SirManperson-MOC-FACTORY.jpg\" target=\"_blank\" rel=\"noopener\"><img fetchpriority=\"high\" decoding=\"async\" class=\"wp-image-203390 size-full\" title=\"MOC-31841 Toyota Supra (A80) Technic, SirManperson MOC FACTORY\" src=\"https:\/\/pay.lpwstore.com\/wp-content\/uploads\/2021\/03\/MOC-31841-Toyota-Supra-A80-Technic-by-SirManperson-MOC-FACTORY.jpg\" alt=\"MOC-31841 Toyota Supra (A80) Technic by SirManperson MOC FACTORY\" width=\"800\" height=\"800\" \/><\/a><figcaption id=\"caption-attachment-203390\" class=\"wp-caption-text\">MOC-31841 Toyota Supra (A80) Technic, SirManperson MOC FACTORY<\/figcaption><\/figure>\n<p>&nbsp;<\/p>","protected":false},"excerpt":{"rendered":"<ul>\n<li>Tartalmazza <strong>1744+<\/strong> db<\/li>\n<li>Online PDF oktat\u00e1s<\/li>\n<li>Kiv\u00e1l\u00f3 min\u0151s\u00e9g\u0171 ABS blokk<\/li>\n<\/ul>","protected":false},"featured_media":23215,"comment_status":"open","ping_status":"closed","template":"","meta":{"_acf_changed":false},"product_cat":[364],"product_tag":[],"class_list":["product","first","instock","shipping-taxable","purchasable","product-type-simple"],"acf":[],"_links":{"self":[{"href":"https:\/\/mouldking.store\/hu\/wp-json\/wp\/v2\/product\/23216","targetHints":{"allow":["GET"]}}],"collection":[{"href":"https:\/\/mouldking.store\/hu\/wp-json\/wp\/v2\/product"}],"about":[{"href":"https:\/\/mouldking.store\/hu\/wp-json\/wp\/v2\/types\/product"}],"replies":[{"embeddable":true,"href":"https:\/\/mouldking.store\/hu\/wp-json\/wp\/v2\/comments?post=23216"}],"wp:featuredmedia":[{"embeddable":true,"href":"https:\/\/mouldking.store\/hu\/wp-json\/wp\/v2\/media\/23215"}],"wp:attachment":[{"href":"https:\/\/mouldking.store\/hu\/wp-json\/wp\/v2\/media?parent=23216"}],"wp:term":[{"taxonomy":"product_cat","embeddable":true,"href":"https:\/\/mouldking.store\/hu\/wp-json\/wp\/v2\/product_cat?post=23216"},{"taxonomy":"product_tag","embeddable":true,"href":"https:\/\/mouldking.store\/hu\/wp-json\/wp\/v2\/product_tag?post=23216"}],"curies":[{"name":"wp","href":"https:\/\/api.w.org\/{rel}","templated":true}]}}