{"id":23284,"date":"2021-10-10T04:53:35","date_gmt":"2021-10-10T04:53:35","guid":{"rendered":"https:\/\/mouldking.store\/shop\/moc-59852-4x4-expedition-truck-motorized-version-technic-by-superkoala-moc-factory\/"},"modified":"2025-12-25T09:20:45","modified_gmt":"2025-12-25T02:20:45","slug":"moc-59852-4x4-expedition-truck-motorized-version-technic-by-superkoala-moc-factory","status":"publish","type":"product","link":"https:\/\/mouldking.store\/hu\/shop\/moc-59852-4x4-expedition-truck-motorized-version-technic-by-superkoala-moc-factory\/","title":{"rendered":"MOC-59852 4&#215;4 Expedition Truck &#8211; Motorized version Technic by Superkoala MOC FACTORY"},"content":{"rendered":"<p style=\"text-align: left\">MOC-59852 4&#215;4 Expedition Truck &#8211; Motorized version Technic by Superkoala MOC FACTORY is a set in Technic collection, designed by Superkoala. This MOC 59852 comes with PDF instruction which is easy to build and find the missing pieces. The set contains 2040 pieces, first released in 2021.<\/p>\n<figure id=\"attachment_203524\" aria-describedby=\"caption-attachment-203524\" style=\"width: 800px\" class=\"wp-caption aligncenter\"><a href=\"https:\/\/pay.lpwstore.com\/wp-content\/uploads\/2021\/03\/MOC-59852-4x4-Expedition-Truck-Motorized-version-Technic-by-Superkoala-MOC-FACTORY.jpg\" target=\"_blank\" rel=\"noopener\"><img fetchpriority=\"high\" decoding=\"async\" class=\"wp-image-203524 size-full\" title=\"MOC-59852 4x4 Expedition Truck - Motorized version Technic by Superkoala MOC FACTORY\" src=\"https:\/\/pay.lpwstore.com\/wp-content\/uploads\/2021\/03\/MOC-59852-4x4-Expedition-Truck-Motorized-version-Technic-by-Superkoala-MOC-FACTORY.jpg\" alt=\"MOC-59852 4x4 Expedition Truck - Motorized version Technic by Superkoala MOC FACTORY\" width=\"800\" height=\"800\" \/><\/a><figcaption id=\"caption-attachment-203524\" class=\"wp-caption-text\">MOC-59852 4&#215;4 Expedition Truck &#8211; Motorized version Technic by Superkoala MOC FACTORY<\/figcaption><\/figure>\n<p><img decoding=\"async\" class=\"alignnone size-full wp-image-203525 aligncenter\" src=\"https:\/\/pay.lpwstore.com\/wp-content\/uploads\/2021\/03\/MOC-59852-4x4-Expedition-Truck-Motorized-version-Technic-by-Superkoala-MOC-FACTORY-2.jpg\" alt=\"-\" width=\"800\" height=\"800\" title=\"-\"> <img decoding=\"async\" class=\"alignnone size-full wp-image-203527 aligncenter\" src=\"https:\/\/pay.lpwstore.com\/wp-content\/uploads\/2021\/03\/MOC-59852-4x4-Expedition-Truck-Motorized-version-Technic-by-Superkoala-MOC-FACTORY-4.jpg\" alt=\"-\" width=\"800\" height=\"800\" title=\"-\"> <img loading=\"lazy\" decoding=\"async\" class=\"alignnone size-full wp-image-203528 aligncenter\" src=\"https:\/\/pay.lpwstore.com\/wp-content\/uploads\/2021\/03\/MOC-59852-4x4-Expedition-Truck-Motorized-version-Technic-by-Superkoala-MOC-FACTORY-5.jpg\" alt=\"-\" width=\"800\" height=\"800\" title=\"-\"><\/p>","protected":false},"excerpt":{"rendered":"<ul>\n<li>Tartalmazza\u00a0<strong>2040+<\/strong>\u00a0db<\/li>\n<li>Online PDF oktat\u00e1s<\/li>\n<li>Kiv\u00e1l\u00f3 min\u0151s\u00e9g\u0171 ABS blokk<\/li>\n<li>With motor version<\/li>\n<\/ul>","protected":false},"featured_media":23280,"comment_status":"open","ping_status":"closed","template":"","meta":{"_acf_changed":false},"product_cat":[364],"product_tag":[],"class_list":["product","first","outofstock","shipping-taxable","purchasable","product-type-simple"],"acf":[],"_links":{"self":[{"href":"https:\/\/mouldking.store\/hu\/wp-json\/wp\/v2\/product\/23284","targetHints":{"allow":["GET"]}}],"collection":[{"href":"https:\/\/mouldking.store\/hu\/wp-json\/wp\/v2\/product"}],"about":[{"href":"https:\/\/mouldking.store\/hu\/wp-json\/wp\/v2\/types\/product"}],"replies":[{"embeddable":true,"href":"https:\/\/mouldking.store\/hu\/wp-json\/wp\/v2\/comments?post=23284"}],"wp:featuredmedia":[{"embeddable":true,"href":"https:\/\/mouldking.store\/hu\/wp-json\/wp\/v2\/media\/23280"}],"wp:attachment":[{"href":"https:\/\/mouldking.store\/hu\/wp-json\/wp\/v2\/media?parent=23284"}],"wp:term":[{"taxonomy":"product_cat","embeddable":true,"href":"https:\/\/mouldking.store\/hu\/wp-json\/wp\/v2\/product_cat?post=23284"},{"taxonomy":"product_tag","embeddable":true,"href":"https:\/\/mouldking.store\/hu\/wp-json\/wp\/v2\/product_tag?post=23284"}],"curies":[{"name":"wp","href":"https:\/\/api.w.org\/{rel}","templated":true}]}}