{"id":23308,"date":"2021-10-10T04:54:02","date_gmt":"2021-10-09T21:54:02","guid":{"rendered":"https:\/\/mouldking.store\/shop\/moc-61365-trexler-marauder-star-wars-by-edge-of-bricks-moc-factory\/"},"modified":"2025-12-25T09:20:45","modified_gmt":"2025-12-25T02:20:45","slug":"moc-61365-trexler-marauder-star-wars-by-edge-of-bricks-moc-factory","status":"publish","type":"product","link":"https:\/\/mouldking.store\/hu\/shop\/moc-61365-trexler-marauder-star-wars-by-edge-of-bricks-moc-factory\/","title":{"rendered":"MOC-61365 Trexler Marauder Star Wars by EDGE OF BRICKS MOC FACTORY"},"content":{"rendered":"<p style=\"text-align: left\">MOC-61365 Trexler Marauder Star Wars by EDGE OF BRICKS MOC FACTORY is a set in Star Wars collection, designed by EDGE OF BRICKS . This MOC 61365 comes with PDF instruction which is easy to build and find the missing pieces. The set contains 1004 pieces, first released in 2021.<\/p>\n<figure id=\"attachment_203556\" aria-describedby=\"caption-attachment-203556\" style=\"width: 800px\" class=\"wp-caption aligncenter\"><a href=\"https:\/\/pay.lpwstore.com\/wp-content\/uploads\/2021\/03\/MOC-61365-Trexler-Marauder-Star-Wars-by-EDGE-OF-BRICKS-MOC-FACTORY.jpg\" target=\"_blank\" rel=\"noopener\"><img fetchpriority=\"high\" decoding=\"async\" class=\"wp-image-203556 size-full\" title=\"MOC-61365 Trexler Marauder Star Wars by EDGE OF BRICKS MOC FACTORY\" src=\"https:\/\/pay.lpwstore.com\/wp-content\/uploads\/2021\/03\/MOC-61365-Trexler-Marauder-Star-Wars-by-EDGE-OF-BRICKS-MOC-FACTORY.jpg\" alt=\"MOC-61365 Trexler Marauder Star Wars by EDGE OF BRICKS MOC FACTORY\" width=\"800\" height=\"800\" \/><\/a><figcaption id=\"caption-attachment-203556\" class=\"wp-caption-text\">MOC-61365 Trexler Marauder Star Wars by EDGE OF BRICKS MOC FACTORY<\/figcaption><\/figure>\n<p><img decoding=\"async\" class=\"alignnone size-full wp-image-203557 aligncenter\" src=\"https:\/\/pay.lpwstore.com\/wp-content\/uploads\/2021\/03\/MOC-61365-Trexler-Marauder-Star-Wars-by-EDGE-OF-BRICKS-MOC-FACTORY-2.jpg\" alt=\"-\" width=\"800\" height=\"800\" title=\"-\"> <img decoding=\"async\" class=\"alignnone size-full wp-image-203558 aligncenter\" src=\"https:\/\/pay.lpwstore.com\/wp-content\/uploads\/2021\/03\/MOC-61365-Trexler-Marauder-Star-Wars-by-EDGE-OF-BRICKS-MOC-FACTORY-3.jpg\" alt=\"-\" width=\"800\" height=\"800\" title=\"-\"> <img loading=\"lazy\" decoding=\"async\" class=\"alignnone size-full wp-image-203559 aligncenter\" src=\"https:\/\/pay.lpwstore.com\/wp-content\/uploads\/2021\/03\/MOC-61365-Trexler-Marauder-Star-Wars-by-EDGE-OF-BRICKS-MOC-FACTORY-4.jpg\" alt=\"-\" width=\"800\" height=\"800\" title=\"-\"> <img loading=\"lazy\" decoding=\"async\" class=\"alignnone size-full wp-image-203560 aligncenter\" src=\"https:\/\/pay.lpwstore.com\/wp-content\/uploads\/2021\/03\/MOC-61365-Trexler-Marauder-Star-Wars-by-EDGE-OF-BRICKS-MOC-FACTORY-5.jpg\" alt=\"-\" width=\"800\" height=\"800\" title=\"-\"><\/p>","protected":false},"excerpt":{"rendered":"<ul>\n<li>Tartalmazza\u00a0<strong>1004+<\/strong>\u00a0db<\/li>\n<li>Online PDF oktat\u00e1s<\/li>\n<li>Kiv\u00e1l\u00f3 min\u0151s\u00e9g\u0171 ABS blokk<\/li>\n<li>Dimensions: 23 x 11 x 9 cm<\/li>\n<\/ul>","protected":false},"featured_media":23303,"comment_status":"open","ping_status":"closed","template":"","meta":{"_acf_changed":false},"product_cat":[415],"product_tag":[],"class_list":["product","first","outofstock","shipping-taxable","purchasable","product-type-simple"],"acf":[],"_links":{"self":[{"href":"https:\/\/mouldking.store\/hu\/wp-json\/wp\/v2\/product\/23308","targetHints":{"allow":["GET"]}}],"collection":[{"href":"https:\/\/mouldking.store\/hu\/wp-json\/wp\/v2\/product"}],"about":[{"href":"https:\/\/mouldking.store\/hu\/wp-json\/wp\/v2\/types\/product"}],"replies":[{"embeddable":true,"href":"https:\/\/mouldking.store\/hu\/wp-json\/wp\/v2\/comments?post=23308"}],"wp:featuredmedia":[{"embeddable":true,"href":"https:\/\/mouldking.store\/hu\/wp-json\/wp\/v2\/media\/23303"}],"wp:attachment":[{"href":"https:\/\/mouldking.store\/hu\/wp-json\/wp\/v2\/media?parent=23308"}],"wp:term":[{"taxonomy":"product_cat","embeddable":true,"href":"https:\/\/mouldking.store\/hu\/wp-json\/wp\/v2\/product_cat?post=23308"},{"taxonomy":"product_tag","embeddable":true,"href":"https:\/\/mouldking.store\/hu\/wp-json\/wp\/v2\/product_tag?post=23308"}],"curies":[{"name":"wp","href":"https:\/\/api.w.org\/{rel}","templated":true}]}}