{"id":23310,"date":"2021-10-10T04:54:03","date_gmt":"2021-10-09T21:54:03","guid":{"rendered":"https:\/\/mouldking.store\/shop\/moc-23852-jhedeye-high-council-chamber-star-wars-by-wheelsspinnin-moc-factory\/"},"modified":"2025-12-25T09:20:45","modified_gmt":"2025-12-25T02:20:45","slug":"moc-23852-jhedeye-high-council-chamber-star-wars-by-wheelsspinnin-moc-factory","status":"publish","type":"product","link":"https:\/\/mouldking.store\/hu\/shop\/moc-23852-jhedeye-high-council-chamber-star-wars-by-wheelsspinnin-moc-factory\/","title":{"rendered":"MOC-23852 J&#039;hedeye High Council Chamber Star Wars by wheelsspinnin MOC FACTORY"},"content":{"rendered":"<p>MOC-23852 J&#8217;hedeye High Council Chamber Star Wars by wheelsspinnin MOC FACTORY is a set in Star Wars collection, designed by wheelsspinnin . This MOC 23852 comes with PDF instruction which is easy to build and find the missing pieces. The set contains 1562 pieces, first released in 2021.<\/p>\n<figure id=\"attachment_203562\" aria-describedby=\"caption-attachment-203562\" style=\"width: 800px\" class=\"wp-caption aligncenter\"><a href=\"https:\/\/pay.lpwstore.com\/wp-content\/uploads\/2021\/03\/MOC-23852-Jhedeye-High-Council-Chamber-Star-Wars-by-wheelsspinnin-MOC-FACTORY.jpg\" target=\"_blank\" rel=\"noopener\"><img fetchpriority=\"high\" decoding=\"async\" class=\"wp-image-203562 size-full\" title=\"MOC-23852 J'hedeye High Council Chamber Star Wars by wheelsspinnin MOC FACTORY\" src=\"https:\/\/pay.lpwstore.com\/wp-content\/uploads\/2021\/03\/MOC-23852-Jhedeye-High-Council-Chamber-Star-Wars-by-wheelsspinnin-MOC-FACTORY.jpg\" alt=\"MOC-23852 J'hedeye High Council Chamber Star Wars by wheelsspinnin MOC FACTORY\" width=\"800\" height=\"800\" \/><\/a><figcaption id=\"caption-attachment-203562\" class=\"wp-caption-text\">MOC-23852 J&#039;hedeye High Council Chamber Star Wars by wheelsspinnin MOC FACTORY<\/figcaption><\/figure>","protected":false},"excerpt":{"rendered":"<ul>\n<li>Tartalmazza\u00a0<strong>1562+<\/strong>\u00a0db<\/li>\n<li>Online PDF oktat\u00e1s<\/li>\n<li>Kiv\u00e1l\u00f3 min\u0151s\u00e9g\u0171 ABS blokk<\/li>\n<li>Dimensions: 46 x 35 x 13 cm<\/li>\n<\/ul>","protected":false},"featured_media":23309,"comment_status":"open","ping_status":"closed","template":"","meta":{"_acf_changed":false},"product_cat":[415],"product_tag":[],"class_list":["product","first","instock","shipping-taxable","purchasable","product-type-simple"],"acf":[],"_links":{"self":[{"href":"https:\/\/mouldking.store\/hu\/wp-json\/wp\/v2\/product\/23310","targetHints":{"allow":["GET"]}}],"collection":[{"href":"https:\/\/mouldking.store\/hu\/wp-json\/wp\/v2\/product"}],"about":[{"href":"https:\/\/mouldking.store\/hu\/wp-json\/wp\/v2\/types\/product"}],"replies":[{"embeddable":true,"href":"https:\/\/mouldking.store\/hu\/wp-json\/wp\/v2\/comments?post=23310"}],"wp:featuredmedia":[{"embeddable":true,"href":"https:\/\/mouldking.store\/hu\/wp-json\/wp\/v2\/media\/23309"}],"wp:attachment":[{"href":"https:\/\/mouldking.store\/hu\/wp-json\/wp\/v2\/media?parent=23310"}],"wp:term":[{"taxonomy":"product_cat","embeddable":true,"href":"https:\/\/mouldking.store\/hu\/wp-json\/wp\/v2\/product_cat?post=23310"},{"taxonomy":"product_tag","embeddable":true,"href":"https:\/\/mouldking.store\/hu\/wp-json\/wp\/v2\/product_tag?post=23310"}],"curies":[{"name":"wp","href":"https:\/\/api.w.org\/{rel}","templated":true}]}}