{"id":23324,"date":"2021-10-10T04:54:13","date_gmt":"2021-10-09T21:54:13","guid":{"rendered":"https:\/\/mouldking.store\/shop\/moc-50399-anvil-hornet-in-heartseeker-colors-space-by-osamadabinman-moc-factory\/"},"modified":"2025-12-25T09:20:44","modified_gmt":"2025-12-25T02:20:44","slug":"moc-50399-anvil-hornet-in-heartseeker-colors-space-by-osamadabinman-moc-factory","status":"publish","type":"product","link":"https:\/\/mouldking.store\/hu\/shop\/moc-50399-anvil-hornet-in-heartseeker-colors-space-by-osamadabinman-moc-factory\/","title":{"rendered":"MOC-50399 Anvil Hornet sz\u00edvkeres\u0151 sz\u00ednekben Space by osamadabinman MOC FACTORY"},"content":{"rendered":"<p style=\"text-align: left\">MOC-50399 Anvil Hornet in heartseeker colors Space by osamadabinman MOC FACTORY is a set in Space collection, designed by osamadabinman. This MOC 50399 comes with PDF instruction which is easy to build and find the missing pieces. The set contains 676 pieces, first released in 2021.<\/p>\n<figure id=\"attachment_203586\" aria-describedby=\"caption-attachment-203586\" style=\"width: 800px\" class=\"wp-caption aligncenter\"><a href=\"https:\/\/pay.lpwstore.com\/wp-content\/uploads\/2021\/03\/MOC-50399-Anvil-Hornet-in-heartseeker-colors-Space-by-osamadabinman-MOC-FACTORY.jpg\" target=\"_blank\" rel=\"noopener\"><img fetchpriority=\"high\" decoding=\"async\" class=\"wp-image-203586 size-full\" title=\"MOC-50399 Anvil Hornet sz\u00edvkeres\u0151 sz\u00ednekben Space by osamadabinman MOC FACTORY\" src=\"https:\/\/pay.lpwstore.com\/wp-content\/uploads\/2021\/03\/MOC-50399-Anvil-Hornet-in-heartseeker-colors-Space-by-osamadabinman-MOC-FACTORY.jpg\" alt=\"MOC-50399 Anvil Hornet in heartseeker colors Space by osamadabinman MOC FACTORY\" width=\"800\" height=\"800\" \/><\/a><figcaption id=\"caption-attachment-203586\" class=\"wp-caption-text\">MOC-50399 Anvil Hornet sz\u00edvkeres\u0151 sz\u00ednekben Space by osamadabinman MOC FACTORY<\/figcaption><\/figure>\n<p><img decoding=\"async\" class=\"alignnone size-full wp-image-203587 aligncenter\" src=\"https:\/\/pay.lpwstore.com\/wp-content\/uploads\/2021\/03\/MOC-50399-Anvil-Hornet-in-heartseeker-colors-Space-by-osamadabinman-MOC-FACTORY-2.jpg\" alt=\"MOC-50399-Anvil-Hornet-in-heartseeker-colors-Space-by-osamadabinman-MOC-FACTORY-2\" width=\"800\" height=\"800\" title=\"-\"><\/p>","protected":false},"excerpt":{"rendered":"<ul>\n<li>Tartalmazza <strong>676+<\/strong> db<\/li>\n<li>Online PDF oktat\u00e1s<\/li>\n<li>Kiv\u00e1l\u00f3 min\u0151s\u00e9g\u0171 ABS blokk<\/li>\n<li>Dimensions: 32 x 31 x 7 cm<\/li>\n<\/ul>","protected":false},"featured_media":23322,"comment_status":"open","ping_status":"closed","template":"","meta":{"_acf_changed":false},"product_cat":[371],"product_tag":[],"class_list":["product","first","outofstock","shipping-taxable","purchasable","product-type-simple"],"acf":[],"_links":{"self":[{"href":"https:\/\/mouldking.store\/hu\/wp-json\/wp\/v2\/product\/23324","targetHints":{"allow":["GET"]}}],"collection":[{"href":"https:\/\/mouldking.store\/hu\/wp-json\/wp\/v2\/product"}],"about":[{"href":"https:\/\/mouldking.store\/hu\/wp-json\/wp\/v2\/types\/product"}],"replies":[{"embeddable":true,"href":"https:\/\/mouldking.store\/hu\/wp-json\/wp\/v2\/comments?post=23324"}],"wp:featuredmedia":[{"embeddable":true,"href":"https:\/\/mouldking.store\/hu\/wp-json\/wp\/v2\/media\/23322"}],"wp:attachment":[{"href":"https:\/\/mouldking.store\/hu\/wp-json\/wp\/v2\/media?parent=23324"}],"wp:term":[{"taxonomy":"product_cat","embeddable":true,"href":"https:\/\/mouldking.store\/hu\/wp-json\/wp\/v2\/product_cat?post=23324"},{"taxonomy":"product_tag","embeddable":true,"href":"https:\/\/mouldking.store\/hu\/wp-json\/wp\/v2\/product_tag?post=23324"}],"curies":[{"name":"wp","href":"https:\/\/api.w.org\/{rel}","templated":true}]}}