{"id":23331,"date":"2021-10-10T04:54:25","date_gmt":"2021-10-10T04:54:25","guid":{"rendered":"https:\/\/mouldking.store\/shop\/moc-22291-halo-unsc-m12-warthog-creator-by-raziel_regulus-moc-factory\/"},"modified":"2025-12-25T09:20:44","modified_gmt":"2025-12-25T02:20:44","slug":"moc-22291-halo-unsc-m12-warthog-creator-by-raziel_regulus-moc-factory","status":"publish","type":"product","link":"https:\/\/mouldking.store\/hu\/shop\/moc-22291-halo-unsc-m12-warthog-creator-by-raziel_regulus-moc-factory\/","title":{"rendered":"MOC-22291 HALO UNSC M12 Warthog Creator, Raziel_Regulus MOC FACTORY"},"content":{"rendered":"<p style=\"text-align: left\">MOC-22291 HALO UNSC M12 Warthog Creator, Raziel_Regulus A MOC FACTORY egy k\u00e9szlet inCreator kollekci\u00f3, amelyet Raziel_Regulus tervezett. Ez a MOC 22291 PDF utas\u00edt\u00e1ssal \u00e9rkezik, amely k\u00f6nnyen \u00f6ssze\u00e1ll\u00edthat\u00f3 \u00e9s megtal\u00e1lhatja a hi\u00e1nyz\u00f3 darabokat. A k\u00e9szlet 343 darabot tartalmaz, el\u0151sz\u00f6r 2021-ben adt\u00e1k ki.<\/p>\n<figure id=\"attachment_203593\" aria-describedby=\"caption-attachment-203593\" style=\"width: 800px\" class=\"wp-caption aligncenter\"><a href=\"https:\/\/pay.lpwstore.com\/wp-content\/uploads\/2021\/03\/MOC-22291-HALO-UNSC-M12-Warthog-Creator-by-Raziel_Regulus-MOC-FACTORY.jpg\" target=\"_blank\" rel=\"noopener\"><img fetchpriority=\"high\" decoding=\"async\" class=\"wp-image-203593 size-full\" title=\"MOC-22291 HALO UNSC M12 Warthog Creator, Raziel_Regulus MOC FACTORY\" src=\"https:\/\/pay.lpwstore.com\/wp-content\/uploads\/2021\/03\/MOC-22291-HALO-UNSC-M12-Warthog-Creator-by-Raziel_Regulus-MOC-FACTORY.jpg\" alt=\"MOC-22291 HALO UNSC M12 Warthog Creator by Raziel_Regulus MOC FACTORY\" width=\"800\" height=\"800\" \/><\/a><figcaption id=\"caption-attachment-203593\" class=\"wp-caption-text\">MOC-22291 HALO UNSC M12 Warthog Creator, Raziel_Regulus MOC FACTORY<\/figcaption><\/figure>\n<p><img decoding=\"async\" class=\"alignnone size-full wp-image-203594 aligncenter\" src=\"https:\/\/pay.lpwstore.com\/wp-content\/uploads\/2021\/03\/MOC-22291-HALO-UNSC-M12-Warthog-Creator-by-Raziel_Regulus-MOC-FACTORY-2.jpg\" alt=\"-\" width=\"800\" height=\"800\" title=\"-\"> <img decoding=\"async\" class=\"alignnone size-full wp-image-203595 aligncenter\" src=\"https:\/\/pay.lpwstore.com\/wp-content\/uploads\/2021\/03\/MOC-22291-HALO-UNSC-M12-Warthog-Creator-by-Raziel_Regulus-MOC-FACTORY-3.jpg\" alt=\"-\" width=\"800\" height=\"800\" title=\"-\"><\/p>","protected":false},"excerpt":{"rendered":"<ul>\n<li>Tartalmazza\u00a0<strong>343+<\/strong>\u00a0db<\/li>\n<li>Online PDF oktat\u00e1s<\/li>\n<li>Kiv\u00e1l\u00f3 min\u0151s\u00e9g\u0171 ABS blokk<\/li>\n<li>M\u00e9retek: 13 x 7 x 8 cm<\/li>\n<\/ul>","protected":false},"featured_media":23328,"comment_status":"open","ping_status":"closed","template":"","meta":{"_acf_changed":false},"product_cat":[371],"product_tag":[],"class_list":["product","first","instock","shipping-taxable","purchasable","product-type-simple"],"acf":[],"_links":{"self":[{"href":"https:\/\/mouldking.store\/hu\/wp-json\/wp\/v2\/product\/23331","targetHints":{"allow":["GET"]}}],"collection":[{"href":"https:\/\/mouldking.store\/hu\/wp-json\/wp\/v2\/product"}],"about":[{"href":"https:\/\/mouldking.store\/hu\/wp-json\/wp\/v2\/types\/product"}],"replies":[{"embeddable":true,"href":"https:\/\/mouldking.store\/hu\/wp-json\/wp\/v2\/comments?post=23331"}],"wp:featuredmedia":[{"embeddable":true,"href":"https:\/\/mouldking.store\/hu\/wp-json\/wp\/v2\/media\/23328"}],"wp:attachment":[{"href":"https:\/\/mouldking.store\/hu\/wp-json\/wp\/v2\/media?parent=23331"}],"wp:term":[{"taxonomy":"product_cat","embeddable":true,"href":"https:\/\/mouldking.store\/hu\/wp-json\/wp\/v2\/product_cat?post=23331"},{"taxonomy":"product_tag","embeddable":true,"href":"https:\/\/mouldking.store\/hu\/wp-json\/wp\/v2\/product_tag?post=23331"}],"curies":[{"name":"wp","href":"https:\/\/api.w.org\/{rel}","templated":true}]}}