{"id":23354,"date":"2021-10-10T04:54:53","date_gmt":"2021-10-09T21:54:53","guid":{"rendered":"https:\/\/mouldking.store\/shop\/moc-40207-porsche-991-carrera-2016-42056-b-model-technic-by-geyserbricks-moc-factory\/"},"modified":"2025-12-25T09:20:44","modified_gmt":"2025-12-25T02:20:44","slug":"moc-40207-porsche-991-carrera-2016-42056-b-model-technic-by-geyserbricks-moc-factory","status":"publish","type":"product","link":"https:\/\/mouldking.store\/hu\/shop\/moc-40207-porsche-991-carrera-2016-42056-b-model-technic-by-geyserbricks-moc-factory\/","title":{"rendered":"MOC-40207 Porsche 991 Carrera 2016 | 42056 B-Model Technic, GeyserBricks MOC FACTORY"},"content":{"rendered":"<p style=\"text-align: left\">MOC-40207 Porsche 991 Carrera 2016 | 42056 B-Model Technic by GeyserBricks MOC FACTORY is a set in Technic collection, designed by GeyserBricks . This MOC 40207 comes with PDF instruction which is easy to build and find the missing pieces. The set contains 2009 pieces, first released in 2021.<\/p>\n<figure id=\"attachment_203623\" aria-describedby=\"caption-attachment-203623\" style=\"width: 800px\" class=\"wp-caption aligncenter\"><a href=\"https:\/\/pay.lpwstore.com\/wp-content\/uploads\/2021\/03\/MOC-40207-Porsche-991-Carrera-2016-42056-B-Model-Technic-by-GeyserBricks-MOC-FACTORY.jpg\" target=\"_blank\" rel=\"noopener\"><img fetchpriority=\"high\" decoding=\"async\" class=\"wp-image-203623 size-full\" title=\"MOC-40207 Porsche 991 Carrera 2016 | 42056 B-Model Technic, GeyserBricks MOC FACTORY\" src=\"https:\/\/pay.lpwstore.com\/wp-content\/uploads\/2021\/03\/MOC-40207-Porsche-991-Carrera-2016-42056-B-Model-Technic-by-GeyserBricks-MOC-FACTORY.jpg\" alt=\"MOC-40207 Porsche 991 Carrera 2016 | 42056 B-Model Technic by GeyserBricks MOC FACTORY\" width=\"800\" height=\"800\" \/><\/a><figcaption id=\"caption-attachment-203623\" class=\"wp-caption-text\">MOC-40207 Porsche 991 Carrera 2016 | 42056 B-Model Technic, GeyserBricks MOC FACTORY<\/figcaption><\/figure>\n<p><img decoding=\"async\" class=\"alignnone size-full wp-image-203624 aligncenter\" src=\"https:\/\/pay.lpwstore.com\/wp-content\/uploads\/2021\/03\/MOC-40207-Porsche-991-Carrera-2016-42056-B-Model-Technic-by-GeyserBricks-MOC-FACTORY-2.jpg\" alt=\"-\" width=\"800\" height=\"800\" title=\"-\"> <img decoding=\"async\" class=\"alignnone size-full wp-image-203625 aligncenter\" src=\"https:\/\/pay.lpwstore.com\/wp-content\/uploads\/2021\/03\/MOC-40207-Porsche-991-Carrera-2016-42056-B-Model-Technic-by-GeyserBricks-MOC-FACTORY-3.jpg\" alt=\"-\" width=\"800\" height=\"800\" title=\"-\"> <img loading=\"lazy\" decoding=\"async\" class=\"alignnone size-full wp-image-203626 aligncenter\" src=\"https:\/\/pay.lpwstore.com\/wp-content\/uploads\/2021\/03\/MOC-40207-Porsche-991-Carrera-2016-42056-B-Model-Technic-by-GeyserBricks-MOC-FACTORY-4.jpg\" alt=\"-\" width=\"800\" height=\"800\" title=\"-\"> <img loading=\"lazy\" decoding=\"async\" class=\"alignnone size-full wp-image-203627 aligncenter\" src=\"https:\/\/pay.lpwstore.com\/wp-content\/uploads\/2021\/03\/MOC-40207-Porsche-991-Carrera-2016-42056-B-Model-Technic-by-GeyserBricks-MOC-FACTORY-5.jpg\" alt=\"-\" width=\"800\" height=\"800\" title=\"-\"><\/p>","protected":false},"excerpt":{"rendered":"<ul>\n<li>Tartalmazza\u00a0<strong>2009+<\/strong>\u00a0db<\/li>\n<li>Online PDF oktat\u00e1s<\/li>\n<li>Kiv\u00e1l\u00f3 min\u0151s\u00e9g\u0171 ABS blokk<\/li>\n<li>Dimensions: 54 x 24 x 15 cm<\/li>\n<\/ul>","protected":false},"featured_media":23349,"comment_status":"open","ping_status":"closed","template":"","meta":{"_acf_changed":false},"product_cat":[364],"product_tag":[],"class_list":["product","first","instock","shipping-taxable","purchasable","product-type-simple"],"acf":[],"_links":{"self":[{"href":"https:\/\/mouldking.store\/hu\/wp-json\/wp\/v2\/product\/23354","targetHints":{"allow":["GET"]}}],"collection":[{"href":"https:\/\/mouldking.store\/hu\/wp-json\/wp\/v2\/product"}],"about":[{"href":"https:\/\/mouldking.store\/hu\/wp-json\/wp\/v2\/types\/product"}],"replies":[{"embeddable":true,"href":"https:\/\/mouldking.store\/hu\/wp-json\/wp\/v2\/comments?post=23354"}],"wp:featuredmedia":[{"embeddable":true,"href":"https:\/\/mouldking.store\/hu\/wp-json\/wp\/v2\/media\/23349"}],"wp:attachment":[{"href":"https:\/\/mouldking.store\/hu\/wp-json\/wp\/v2\/media?parent=23354"}],"wp:term":[{"taxonomy":"product_cat","embeddable":true,"href":"https:\/\/mouldking.store\/hu\/wp-json\/wp\/v2\/product_cat?post=23354"},{"taxonomy":"product_tag","embeddable":true,"href":"https:\/\/mouldking.store\/hu\/wp-json\/wp\/v2\/product_tag?post=23354"}],"curies":[{"name":"wp","href":"https:\/\/api.w.org\/{rel}","templated":true}]}}