{"id":23362,"date":"2021-10-10T04:54:58","date_gmt":"2021-10-09T21:54:58","guid":{"rendered":"https:\/\/mouldking.store\/shop\/moc-53816-lava-bastion-modular-building-by-mocscout-moc-factory\/"},"modified":"2025-12-25T09:20:44","modified_gmt":"2025-12-25T02:20:44","slug":"moc-53816-lava-bastion-modular-building-by-mocscout-moc-factory","status":"publish","type":"product","link":"https:\/\/mouldking.store\/hu\/shop\/moc-53816-lava-bastion-modular-building-by-mocscout-moc-factory\/","title":{"rendered":"MOC-53816 Mocscout MOC FACTORY l\u00e1vab\u00e1sty\u00e1s modul\u00e1ris \u00e9p\u00fclet"},"content":{"rendered":"<p style=\"text-align: left\">A MOC-53816 Mocscout l\u00e1vab\u00e1stya modul\u00e1ris \u00e9p\u00fclete a MOC FACTORY a Mocscout \u00e1ltal tervezett Modular Building kollekci\u00f3 k\u00e9szlete. Ehhez a MOC 53816-hoz PDF utas\u00edt\u00e1sok tartoznak, amelyek k\u00f6nnyen \u00f6ssze\u00e1ll\u00edthat\u00f3k \u00e9s megtal\u00e1lhatj\u00e1k a hi\u00e1nyz\u00f3 r\u00e9szeket. A k\u00e9szlet 1753 darabot tartalmaz, el\u0151sz\u00f6r 2021-ben adt\u00e1k ki.<\/p>\n<p><img fetchpriority=\"high\" decoding=\"async\" class=\"alignnone size-full wp-image-30763\" src=\"https:\/\/mocfactory.com\/wp-content\/uploads\/2021\/03\/MOC-53816-Lava-Bastion-Modular-Building-by-mocscout-MOC-FACTORY.jpg\" alt=\"-\" width=\"800\" height=\"800\" title=\"-\"> <img decoding=\"async\" class=\"alignnone size-full wp-image-30762\" src=\"https:\/\/mocfactory.com\/wp-content\/uploads\/2021\/03\/MOC-53816-Lava-Bastion-Modular-Building-by-mocscout-MOC-FACTORY.2jpg.jpg\" alt=\"-\" width=\"800\" height=\"800\" title=\"-\"> <img decoding=\"async\" class=\"alignnone size-full wp-image-30761\" src=\"https:\/\/mocfactory.com\/wp-content\/uploads\/2021\/03\/MOC-53816-Lava-Bastion-Modular-Building-by-mocscout-MOC-FACTORY-2.jpg\" alt=\"-\" width=\"800\" height=\"800\" title=\"-\"> <img loading=\"lazy\" decoding=\"async\" class=\"alignnone size-full wp-image-30760\" src=\"https:\/\/mocfactory.com\/wp-content\/uploads\/2021\/03\/MOC-53816-Lava-Bastion-Modular-Building-by-mocscout-MOC-FACTORY-4.jpg\" alt=\"-\" width=\"800\" height=\"800\" title=\"-\"> <img loading=\"lazy\" decoding=\"async\" class=\"alignnone size-full wp-image-30759\" src=\"https:\/\/mocfactory.com\/wp-content\/uploads\/2021\/03\/MOC-53816-Lava-Bastion-Modular-Building-by-mocscout-MOC-FACTORY-5.jpg\" alt=\"-\" width=\"800\" height=\"800\" title=\"-\"><\/p>\n<p style=\"text-align: center\">","protected":false},"excerpt":{"rendered":"<ul>\n<li>Tartalmazza\u00a0<strong>1753+<\/strong>\u00a0db<\/li>\n<li>Online PDF oktat\u00e1s<\/li>\n<li>Kiv\u00e1l\u00f3 min\u0151s\u00e9g\u0171 ABS blokk<\/li>\n<li>M\u00e9retek: 26 x 21 x 30 cm<\/li>\n<li>Id\u0151beoszt\u00e1s: 4-8 h\u00e9t<\/li>\n<\/ul>","protected":false},"featured_media":23355,"comment_status":"open","ping_status":"closed","template":"","meta":{"_acf_changed":false},"product_cat":[390],"product_tag":[],"class_list":["product","first","instock","shipping-taxable","purchasable","product-type-simple"],"acf":[],"_links":{"self":[{"href":"https:\/\/mouldking.store\/hu\/wp-json\/wp\/v2\/product\/23362","targetHints":{"allow":["GET"]}}],"collection":[{"href":"https:\/\/mouldking.store\/hu\/wp-json\/wp\/v2\/product"}],"about":[{"href":"https:\/\/mouldking.store\/hu\/wp-json\/wp\/v2\/types\/product"}],"replies":[{"embeddable":true,"href":"https:\/\/mouldking.store\/hu\/wp-json\/wp\/v2\/comments?post=23362"}],"wp:featuredmedia":[{"embeddable":true,"href":"https:\/\/mouldking.store\/hu\/wp-json\/wp\/v2\/media\/23355"}],"wp:attachment":[{"href":"https:\/\/mouldking.store\/hu\/wp-json\/wp\/v2\/media?parent=23362"}],"wp:term":[{"taxonomy":"product_cat","embeddable":true,"href":"https:\/\/mouldking.store\/hu\/wp-json\/wp\/v2\/product_cat?post=23362"},{"taxonomy":"product_tag","embeddable":true,"href":"https:\/\/mouldking.store\/hu\/wp-json\/wp\/v2\/product_tag?post=23362"}],"curies":[{"name":"wp","href":"https:\/\/api.w.org\/{rel}","templated":true}]}}