{"id":23384,"date":"2021-10-10T04:55:20","date_gmt":"2021-10-09T21:55:20","guid":{"rendered":"https:\/\/mouldking.store\/shop\/moc-20441-the-incredibile-technic-by-daarken-moc-factory\/"},"modified":"2025-12-25T09:20:44","modified_gmt":"2025-12-25T02:20:44","slug":"moc-20441-the-incredibile-technic-by-daarken-moc-factory","status":"publish","type":"product","link":"https:\/\/mouldking.store\/hu\/shop\/moc-20441-the-incredibile-technic-by-daarken-moc-factory\/","title":{"rendered":"MOC-20441 The Incredibile Technic, daarken MOC FACTORY"},"content":{"rendered":"<p style=\"text-align: left\">MOC-20441 The Incredibile Technic by daarken MOC FACTORY is a set in Technic collection, designed by daarken. This MOC 20441 comes with PDF instruction which is easy to build and find the missing pieces. The set contains 796 pieces, first released in 2021.<\/p>\n<figure id=\"attachment_203659\" aria-describedby=\"caption-attachment-203659\" style=\"width: 800px\" class=\"wp-caption aligncenter\"><a href=\"https:\/\/pay.lpwstore.com\/wp-content\/uploads\/2021\/03\/MOC-20441-The-Incredibile-Technic-by-daarken-MOC-FACTORY.jpg\" target=\"_blank\" rel=\"noopener\"><img fetchpriority=\"high\" decoding=\"async\" class=\"wp-image-203659 size-full\" title=\"MOC-20441 The Incredibile Technic, daarken MOC FACTORY\" src=\"https:\/\/pay.lpwstore.com\/wp-content\/uploads\/2021\/03\/MOC-20441-The-Incredibile-Technic-by-daarken-MOC-FACTORY.jpg\" alt=\"MOC-20441 The Incredibile Technic by daarken MOC FACTORY\" width=\"800\" height=\"800\" \/><\/a><figcaption id=\"caption-attachment-203659\" class=\"wp-caption-text\">MOC-20441 The Incredibile Technic, daarken MOC FACTORY<\/figcaption><\/figure>\n<p><img decoding=\"async\" class=\"alignnone size-full wp-image-203660 aligncenter\" src=\"https:\/\/pay.lpwstore.com\/wp-content\/uploads\/2021\/03\/MOC-20441-The-Incredibile-Technic-by-daarken-MOC-FACTORY-2.jpg\" alt=\"-\" width=\"800\" height=\"800\" title=\"-\"> <img decoding=\"async\" class=\"alignnone size-full wp-image-203661 aligncenter\" src=\"https:\/\/pay.lpwstore.com\/wp-content\/uploads\/2021\/03\/MOC-20441-The-Incredibile-Technic-by-daarken-MOC-FACTORY-3.jpg\" alt=\"-\" width=\"800\" height=\"800\" title=\"-\"> <img loading=\"lazy\" decoding=\"async\" class=\"alignnone size-full wp-image-203662 aligncenter\" src=\"https:\/\/pay.lpwstore.com\/wp-content\/uploads\/2021\/03\/MOC-20441-The-Incredibile-Technic-by-daarken-MOC-FACTORY-4.jpg\" alt=\"-\" width=\"800\" height=\"800\" title=\"-\"><\/p>","protected":false},"excerpt":{"rendered":"<ul>\n<li>Tartalmazza <strong>796+<\/strong> db<\/li>\n<li>Online PDF oktat\u00e1s<\/li>\n<li>Kiv\u00e1l\u00f3 min\u0151s\u00e9g\u0171 ABS blokk<\/li>\n<li>Dimensions: 29 x 12 x 9 cm<\/li>\n<\/ul>","protected":false},"featured_media":23380,"comment_status":"open","ping_status":"closed","template":"","meta":{"_acf_changed":false},"product_cat":[364],"product_tag":[],"class_list":["product","first","instock","shipping-taxable","purchasable","product-type-simple"],"acf":[],"_links":{"self":[{"href":"https:\/\/mouldking.store\/hu\/wp-json\/wp\/v2\/product\/23384","targetHints":{"allow":["GET"]}}],"collection":[{"href":"https:\/\/mouldking.store\/hu\/wp-json\/wp\/v2\/product"}],"about":[{"href":"https:\/\/mouldking.store\/hu\/wp-json\/wp\/v2\/types\/product"}],"replies":[{"embeddable":true,"href":"https:\/\/mouldking.store\/hu\/wp-json\/wp\/v2\/comments?post=23384"}],"wp:featuredmedia":[{"embeddable":true,"href":"https:\/\/mouldking.store\/hu\/wp-json\/wp\/v2\/media\/23380"}],"wp:attachment":[{"href":"https:\/\/mouldking.store\/hu\/wp-json\/wp\/v2\/media?parent=23384"}],"wp:term":[{"taxonomy":"product_cat","embeddable":true,"href":"https:\/\/mouldking.store\/hu\/wp-json\/wp\/v2\/product_cat?post=23384"},{"taxonomy":"product_tag","embeddable":true,"href":"https:\/\/mouldking.store\/hu\/wp-json\/wp\/v2\/product_tag?post=23384"}],"curies":[{"name":"wp","href":"https:\/\/api.w.org\/{rel}","templated":true}]}}