{"id":23386,"date":"2021-10-10T04:55:23","date_gmt":"2021-10-09T21:55:23","guid":{"rendered":"https:\/\/mouldking.store\/shop\/moc-18149-walt-disney-world-cinderella-castle-movie-by-momatteo79-moc-factory\/"},"modified":"2025-12-25T09:20:44","modified_gmt":"2025-12-25T02:20:44","slug":"moc-18149-walt-disney-world-cinderella-castle-movie-by-momatteo79-moc-factory","status":"publish","type":"product","link":"https:\/\/mouldking.store\/hu\/shop\/moc-18149-walt-disney-world-cinderella-castle-movie-by-momatteo79-moc-factory\/","title":{"rendered":"MOC-18149 Walt D\u00ecsney World Cinderella Castle film, k\u00e9sz\u00edtette: MOMAtteo79 MOC FACTORY"},"content":{"rendered":"<p>MOC-18149 Walt D\u00ecsney World Cinderella Castle Movie by MOMAtteo79 MOC FACTORY is a set in Movie collection, designed by MOMAtteo79. This MOC 18149 comes with PDF instruction which is easy to build and find the missing pieces. The set contains 422 pieces, first released in 2021.<\/p>\n<figure id=\"attachment_203664\" aria-describedby=\"caption-attachment-203664\" style=\"width: 800px\" class=\"wp-caption aligncenter\"><a href=\"https:\/\/pay.lpwstore.com\/wp-content\/uploads\/2021\/03\/MOC-18149-Walt-D\u00ecsney-World-Cinderella-Castle-Movie-by-MOMAtteo79-MOC-FACTORY.jpg\" target=\"_blank\" rel=\"noopener\"><img fetchpriority=\"high\" decoding=\"async\" class=\"wp-image-203664 size-full\" title=\"MOC-18149 Walt D\u00ecsney World Cinderella Castle film, k\u00e9sz\u00edtette: MOMAtteo79 MOC FACTORY\" src=\"https:\/\/pay.lpwstore.com\/wp-content\/uploads\/2021\/03\/MOC-18149-Walt-D\u00ecsney-World-Cinderella-Castle-Movie-by-MOMAtteo79-MOC-FACTORY.jpg\" alt=\"MOC-18149 Walt D\u00ecsney World Cinderella Castle Movie by MOMAtteo79 MOC FACTORY\" width=\"800\" height=\"800\" \/><\/a><figcaption id=\"caption-attachment-203664\" class=\"wp-caption-text\">MOC-18149 Walt D\u00ecsney World Cinderella Castle film, k\u00e9sz\u00edtette: MOMAtteo79 MOC FACTORY<\/figcaption><\/figure>","protected":false},"excerpt":{"rendered":"<ul>\n<li>Tartalmazza\u00a0<strong>422+<\/strong>\u00a0db<\/li>\n<li>Online PDF oktat\u00e1s<\/li>\n<li>Kiv\u00e1l\u00f3 min\u0151s\u00e9g\u0171 ABS blokk<\/li>\n<li>Dimensions: 10 x 10 x 25 cm<\/li>\n<\/ul>","protected":false},"featured_media":23385,"comment_status":"open","ping_status":"closed","template":"","meta":{"_acf_changed":false},"product_cat":[581],"product_tag":[],"class_list":["product","first","outofstock","shipping-taxable","purchasable","product-type-simple"],"acf":[],"_links":{"self":[{"href":"https:\/\/mouldking.store\/hu\/wp-json\/wp\/v2\/product\/23386","targetHints":{"allow":["GET"]}}],"collection":[{"href":"https:\/\/mouldking.store\/hu\/wp-json\/wp\/v2\/product"}],"about":[{"href":"https:\/\/mouldking.store\/hu\/wp-json\/wp\/v2\/types\/product"}],"replies":[{"embeddable":true,"href":"https:\/\/mouldking.store\/hu\/wp-json\/wp\/v2\/comments?post=23386"}],"wp:featuredmedia":[{"embeddable":true,"href":"https:\/\/mouldking.store\/hu\/wp-json\/wp\/v2\/media\/23385"}],"wp:attachment":[{"href":"https:\/\/mouldking.store\/hu\/wp-json\/wp\/v2\/media?parent=23386"}],"wp:term":[{"taxonomy":"product_cat","embeddable":true,"href":"https:\/\/mouldking.store\/hu\/wp-json\/wp\/v2\/product_cat?post=23386"},{"taxonomy":"product_tag","embeddable":true,"href":"https:\/\/mouldking.store\/hu\/wp-json\/wp\/v2\/product_tag?post=23386"}],"curies":[{"name":"wp","href":"https:\/\/api.w.org\/{rel}","templated":true}]}}