{"id":23403,"date":"2021-10-10T04:55:44","date_gmt":"2021-10-10T04:55:44","guid":{"rendered":"https:\/\/mouldking.store\/shop\/moc-9259-spinner-2049-movie-by-gol-moc-factory\/"},"modified":"2025-12-25T09:20:43","modified_gmt":"2025-12-25T02:20:43","slug":"moc-9259-spinner-2049-movie-by-gol-moc-factory","status":"publish","type":"product","link":"https:\/\/mouldking.store\/hu\/shop\/moc-9259-spinner-2049-movie-by-gol-moc-factory\/","title":{"rendered":"MOC-9259 Spinner 2049 Movie by gol MOC FACTORY"},"content":{"rendered":"<p style=\"text-align: left\">MOC-9259 Spinner 2049 Movie by gol MOC FACTORY is a set in Movie collection, designed by gol. This MOC 9259 comes with PDF instruction which is easy to build and find the missing pieces. The set contains 208 pieces, first released in 2021.<\/p>\n<figure id=\"attachment_203679\" aria-describedby=\"caption-attachment-203679\" style=\"width: 800px\" class=\"wp-caption aligncenter\"><a href=\"https:\/\/pay.lpwstore.com\/wp-content\/uploads\/2021\/03\/MOC-9259-Spinner-2049-Movie-by-gol-MOC-FACTORY.jpg\" target=\"_blank\" rel=\"noopener\"><img fetchpriority=\"high\" decoding=\"async\" class=\"wp-image-203679 size-full\" title=\"MOC-9259 Spinner 2049 Movie by gol MOC FACTORY\" src=\"https:\/\/pay.lpwstore.com\/wp-content\/uploads\/2021\/03\/MOC-9259-Spinner-2049-Movie-by-gol-MOC-FACTORY.jpg\" alt=\"MOC-9259 Spinner 2049 Movie by gol MOC FACTORY\" width=\"800\" height=\"800\" \/><\/a><figcaption id=\"caption-attachment-203679\" class=\"wp-caption-text\">MOC-9259 Spinner 2049 Movie by gol MOC FACTORY<\/figcaption><\/figure>\n<p><img decoding=\"async\" class=\"alignnone size-full wp-image-203680 aligncenter\" src=\"https:\/\/pay.lpwstore.com\/wp-content\/uploads\/2021\/03\/MOC-9259-Spinner-2049-Movie-by-gol-MOC-FACTORY2.jpg\" alt=\"-\" width=\"800\" height=\"800\" title=\"-\"> <img decoding=\"async\" class=\"alignnone size-full wp-image-203681 aligncenter\" src=\"https:\/\/pay.lpwstore.com\/wp-content\/uploads\/2021\/03\/MOC-9259-Spinner-2049-Movie-by-gol-MOC-FACTORY3.jpg\" alt=\"-\" width=\"800\" height=\"800\" title=\"-\"><\/p>","protected":false},"excerpt":{"rendered":"<ul>\n<li>Tartalmazza\u00a0<strong>208+<\/strong>\u00a0db<\/li>\n<li>Online PDF oktat\u00e1s<\/li>\n<li>Kiv\u00e1l\u00f3 min\u0151s\u00e9g\u0171 ABS blokk<\/li>\n<li>Dimensions: 17 x 5 x 4 cm<\/li>\n<\/ul>","protected":false},"featured_media":23400,"comment_status":"open","ping_status":"closed","template":"","meta":{"_acf_changed":false},"product_cat":[581],"product_tag":[],"class_list":["product","first","instock","shipping-taxable","purchasable","product-type-simple"],"acf":[],"_links":{"self":[{"href":"https:\/\/mouldking.store\/hu\/wp-json\/wp\/v2\/product\/23403","targetHints":{"allow":["GET"]}}],"collection":[{"href":"https:\/\/mouldking.store\/hu\/wp-json\/wp\/v2\/product"}],"about":[{"href":"https:\/\/mouldking.store\/hu\/wp-json\/wp\/v2\/types\/product"}],"replies":[{"embeddable":true,"href":"https:\/\/mouldking.store\/hu\/wp-json\/wp\/v2\/comments?post=23403"}],"wp:featuredmedia":[{"embeddable":true,"href":"https:\/\/mouldking.store\/hu\/wp-json\/wp\/v2\/media\/23400"}],"wp:attachment":[{"href":"https:\/\/mouldking.store\/hu\/wp-json\/wp\/v2\/media?parent=23403"}],"wp:term":[{"taxonomy":"product_cat","embeddable":true,"href":"https:\/\/mouldking.store\/hu\/wp-json\/wp\/v2\/product_cat?post=23403"},{"taxonomy":"product_tag","embeddable":true,"href":"https:\/\/mouldking.store\/hu\/wp-json\/wp\/v2\/product_tag?post=23403"}],"curies":[{"name":"wp","href":"https:\/\/api.w.org\/{rel}","templated":true}]}}