{"id":23466,"date":"2021-10-10T04:56:39","date_gmt":"2021-10-09T21:56:39","guid":{"rendered":"https:\/\/mouldking.store\/shop\/moc-51760-breakwater-pass-bookstore-cm5-modular-building-by-jepaz-moc-factory\/"},"modified":"2025-12-25T09:20:40","modified_gmt":"2025-12-25T02:20:40","slug":"moc-51760-breakwater-pass-bookstore-cm5-modular-building-by-jepaz-moc-factory","status":"publish","type":"product","link":"https:\/\/mouldking.store\/hu\/shop\/moc-51760-breakwater-pass-bookstore-cm5-modular-building-by-jepaz-moc-factory\/","title":{"rendered":"MOC-51760 Breakwater Pass K\u00f6nyvesbolt CM5 Modul\u00e1ris \u00e9p\u00fclet, Jepaz MOC FACTORY"},"content":{"rendered":"<p style=\"text-align: left\">MOC-51760 Breakwater Pass Bookstore CM5 Modular Building by jepaz MOC FACTORY is a set in Modular Building collection, designed by jepaz. This MOC 51760 comes with PDF instruction which is easy to build and find the missing pieces. The set contains 6443 pieces, first released in 2021.<\/p>\n<figure id=\"attachment_204053\" aria-describedby=\"caption-attachment-204053\" style=\"width: 800px\" class=\"wp-caption aligncenter\"><a href=\"https:\/\/pay.lpwstore.com\/wp-content\/uploads\/2021\/03\/MOC-51760-Breakwater-Pass-Bookstore-CM5-Modular-Building-by-jepaz-MOC-FACTORY.jpg\" target=\"_blank\" rel=\"noopener\"><img fetchpriority=\"high\" decoding=\"async\" class=\"wp-image-204053 size-full\" title=\"MOC-51760 Breakwater Pass K\u00f6nyvesbolt CM5 Modul\u00e1ris \u00e9p\u00fclet, Jepaz MOC FACTORY\" src=\"https:\/\/pay.lpwstore.com\/wp-content\/uploads\/2021\/03\/MOC-51760-Breakwater-Pass-Bookstore-CM5-Modular-Building-by-jepaz-MOC-FACTORY.jpg\" alt=\"MOC-51760 Breakwater Pass Bookstore CM5 Modular Building by jepaz MOC FACTORY\" width=\"800\" height=\"800\" \/><\/a><figcaption id=\"caption-attachment-204053\" class=\"wp-caption-text\">MOC-51760 Breakwater Pass K\u00f6nyvesbolt CM5 Modul\u00e1ris \u00e9p\u00fclet, Jepaz MOC FACTORY<\/figcaption><\/figure>\n<p><img decoding=\"async\" class=\"alignnone size-full wp-image-204054 aligncenter\" src=\"https:\/\/pay.lpwstore.com\/wp-content\/uploads\/2021\/03\/MOC-51760-Breakwater-Pass-Bookstore-CM5-Modular-Building-by-jepaz-MOC-FACTORY-2.jpg\" alt=\"MOC-51760-Breakwater-Pass-Bookstore-CM5-Modular-Building-by-jepaz-MOC-FACTORY-2\" width=\"800\" height=\"800\" title=\"-\"><\/p>","protected":false},"excerpt":{"rendered":"<ul>\n<li>Tartalmazza\u00a0<strong>6443+<\/strong>\u00a0db<\/li>\n<li>Online PDF oktat\u00e1s<\/li>\n<li>Kiv\u00e1l\u00f3 min\u0151s\u00e9g\u0171 ABS blokk<\/li>\n<li>Dimensions: 42 x 36 x 35 cm<\/li>\n<\/ul>","protected":false},"featured_media":23464,"comment_status":"open","ping_status":"closed","template":"","meta":{"_acf_changed":false},"product_cat":[390],"product_tag":[],"class_list":["product","first","outofstock","shipping-taxable","purchasable","product-type-simple"],"acf":[],"_links":{"self":[{"href":"https:\/\/mouldking.store\/hu\/wp-json\/wp\/v2\/product\/23466","targetHints":{"allow":["GET"]}}],"collection":[{"href":"https:\/\/mouldking.store\/hu\/wp-json\/wp\/v2\/product"}],"about":[{"href":"https:\/\/mouldking.store\/hu\/wp-json\/wp\/v2\/types\/product"}],"replies":[{"embeddable":true,"href":"https:\/\/mouldking.store\/hu\/wp-json\/wp\/v2\/comments?post=23466"}],"wp:featuredmedia":[{"embeddable":true,"href":"https:\/\/mouldking.store\/hu\/wp-json\/wp\/v2\/media\/23464"}],"wp:attachment":[{"href":"https:\/\/mouldking.store\/hu\/wp-json\/wp\/v2\/media?parent=23466"}],"wp:term":[{"taxonomy":"product_cat","embeddable":true,"href":"https:\/\/mouldking.store\/hu\/wp-json\/wp\/v2\/product_cat?post=23466"},{"taxonomy":"product_tag","embeddable":true,"href":"https:\/\/mouldking.store\/hu\/wp-json\/wp\/v2\/product_tag?post=23466"}],"curies":[{"name":"wp","href":"https:\/\/api.w.org\/{rel}","templated":true}]}}