{"id":23474,"date":"2021-10-10T04:56:44","date_gmt":"2021-10-10T04:56:44","guid":{"rendered":"https:\/\/mouldking.store\/shop\/moc-35323-land-rover-defender-technic-by-gothamknight-moc-factory\/"},"modified":"2025-12-25T09:20:40","modified_gmt":"2025-12-25T02:20:40","slug":"moc-35323-land-rover-defender-technic-by-gothamknight-moc-factory","status":"publish","type":"product","link":"https:\/\/mouldking.store\/hu\/shop\/moc-35323-land-rover-defender-technic-by-gothamknight-moc-factory\/","title":{"rendered":"MOC-35323 Land Rover Defender Technic by GothamKnight MOC FACTORY"},"content":{"rendered":"<p>MOC-35323 Land Rover Defender Technic by GothamKnight MOC FACTORY is a set in Technic collection, designed by GothamKnight. This MOC 35323 comes with PDF instruction which is easy to build and find the missing pieces. The set contains 327 pieces, first released in 2021.<\/p>\n<figure id=\"attachment_204063\" aria-describedby=\"caption-attachment-204063\" style=\"width: 800px\" class=\"wp-caption aligncenter\"><a href=\"https:\/\/pay.lpwstore.com\/wp-content\/uploads\/2021\/03\/MOC-35323-Land-Rover-Defender-Technic-by-GothamKnight-MOC-FACTORY.jpg\" target=\"_blank\" rel=\"noopener\"><img fetchpriority=\"high\" decoding=\"async\" class=\"wp-image-204063 size-full\" title=\"MOC-35323 Land Rover Defender Technic by GothamKnight MOC FACTORY\" src=\"https:\/\/pay.lpwstore.com\/wp-content\/uploads\/2021\/03\/MOC-35323-Land-Rover-Defender-Technic-by-GothamKnight-MOC-FACTORY.jpg\" alt=\"MOC-35323 Land Rover Defender Technic by GothamKnight MOC FACTORY\" width=\"800\" height=\"800\" \/><\/a><figcaption id=\"caption-attachment-204063\" class=\"wp-caption-text\">MOC-35323 Land Rover Defender Technic by GothamKnight MOC FACTORY<\/figcaption><\/figure>","protected":false},"excerpt":{"rendered":"<ul>\n<li>Tartalmazza\u00a0<strong>327+<\/strong>\u00a0db<\/li>\n<li>3D f\u00e1jl utas\u00edt\u00e1s<\/li>\n<li>Kiv\u00e1l\u00f3 min\u0151s\u00e9g\u0171 ABS blokk<\/li>\n<li>Dimensions: 17 x 8 x 10 cm<\/li>\n<\/ul>","protected":false},"featured_media":23473,"comment_status":"open","ping_status":"closed","template":"","meta":{"_acf_changed":false},"product_cat":[364],"product_tag":[],"class_list":["product","first","instock","shipping-taxable","purchasable","product-type-simple"],"acf":[],"_links":{"self":[{"href":"https:\/\/mouldking.store\/hu\/wp-json\/wp\/v2\/product\/23474","targetHints":{"allow":["GET"]}}],"collection":[{"href":"https:\/\/mouldking.store\/hu\/wp-json\/wp\/v2\/product"}],"about":[{"href":"https:\/\/mouldking.store\/hu\/wp-json\/wp\/v2\/types\/product"}],"replies":[{"embeddable":true,"href":"https:\/\/mouldking.store\/hu\/wp-json\/wp\/v2\/comments?post=23474"}],"wp:featuredmedia":[{"embeddable":true,"href":"https:\/\/mouldking.store\/hu\/wp-json\/wp\/v2\/media\/23473"}],"wp:attachment":[{"href":"https:\/\/mouldking.store\/hu\/wp-json\/wp\/v2\/media?parent=23474"}],"wp:term":[{"taxonomy":"product_cat","embeddable":true,"href":"https:\/\/mouldking.store\/hu\/wp-json\/wp\/v2\/product_cat?post=23474"},{"taxonomy":"product_tag","embeddable":true,"href":"https:\/\/mouldking.store\/hu\/wp-json\/wp\/v2\/product_tag?post=23474"}],"curies":[{"name":"wp","href":"https:\/\/api.w.org\/{rel}","templated":true}]}}