{"id":23520,"date":"2021-10-10T04:57:34","date_gmt":"2021-10-09T21:57:34","guid":{"rendered":"https:\/\/mouldking.store\/shop\/moc-61366-los-angeles-class-nuclear-submarine-military-by-veyniac-moc-factory\/"},"modified":"2025-12-25T09:20:39","modified_gmt":"2025-12-25T02:20:39","slug":"moc-61366-los-angeles-class-nuclear-submarine-military-by-veyniac-moc-factory","status":"publish","type":"product","link":"https:\/\/mouldking.store\/hu\/shop\/moc-61366-los-angeles-class-nuclear-submarine-military-by-veyniac-moc-factory\/","title":{"rendered":"MOC-61366 Los Angeles-oszt\u00e1ly\u00fa nukle\u00e1ris tengeralattj\u00e1r\u00f3, a veyniac MOC FACTORY"},"content":{"rendered":"<p style=\"text-align: left\">MOC-61366 Los Angeles-oszt\u00e1ly\u00fa nukle\u00e1ris tengeralattj\u00e1r\u00f3, a veyniact\u00f3l A MOC FACTORY a veyniac \u00e1ltal tervezett katonai kollekci\u00f3 k\u00e9szlete. Ehhez a MOC 61366-hoz PDF utas\u00edt\u00e1sok tartoznak, amelyeket k\u00f6nny\u0171 \u00f6ssze\u00e1ll\u00edtani \u00e9s megtal\u00e1lni a hi\u00e1nyz\u00f3 darabokat. A k\u00e9szlet 563 darabot tartalmaz, el\u0151sz\u00f6r 2021-ben adt\u00e1k ki.<\/p>\n<figure id=\"attachment_204161\" class=\"wp-caption aligncenter\" style=\"width: 800px\" aria-describedby=\"caption-attachment-204161\"><a href=\"https:\/\/pay.lpwstore.com\/wp-content\/uploads\/2021\/03\/MOC-61366-Los-Angeles-Class-Nuclear-Submarine-Military-by-veyniac-MOC-FACTORY.jpg\" target=\"_blank\" rel=\"noopener\"><img fetchpriority=\"high\" decoding=\"async\" class=\"wp-image-204161 size-full\" title=\"MOC-61366 Los Angeles-oszt\u00e1ly\u00fa nukle\u00e1ris tengeralattj\u00e1r\u00f3, a veyniac MOC FACTORY\" src=\"https:\/\/pay.lpwstore.com\/wp-content\/uploads\/2021\/03\/MOC-61366-Los-Angeles-Class-Nuclear-Submarine-Military-by-veyniac-MOC-FACTORY.jpg\" alt=\"MOC-61366 Los Angeles-Class Nuclear Submarine Military by veyniac MOC FACTORY\" width=\"800\" height=\"800\" \/><\/a><figcaption id=\"caption-attachment-204161\" class=\"wp-caption-text\">MOC-61366 Los Angeles-oszt\u00e1ly\u00fa nukle\u00e1ris tengeralattj\u00e1r\u00f3, a veyniac MOC FACTORY<\/figcaption><\/figure>\n<p><img decoding=\"async\" class=\"alignnone size-full wp-image-204162 aligncenter\" src=\"https:\/\/pay.lpwstore.com\/wp-content\/uploads\/2021\/03\/MOC-61366-Los-Angeles-Class-Nuclear-Submarine-Military-by-veyniac-MOC-FACTORY-2.jpg\" alt=\"-\" width=\"800\" height=\"800\" title=\"-\"> <img decoding=\"async\" class=\"alignnone size-full wp-image-204163 aligncenter\" src=\"https:\/\/pay.lpwstore.com\/wp-content\/uploads\/2021\/03\/MOC-61366-Los-Angeles-Class-Nuclear-Submarine-Military-by-veyniac-MOC-FACTORY-3.jpg\" alt=\"-\" width=\"800\" height=\"800\" title=\"-\"> <img loading=\"lazy\" decoding=\"async\" class=\"alignnone size-full wp-image-204164 aligncenter\" src=\"https:\/\/pay.lpwstore.com\/wp-content\/uploads\/2021\/03\/MOC-61366-Los-Angeles-Class-Nuclear-Submarine-Military-by-veyniac-MOC-FACTORY-4.jpg\" alt=\"-\" width=\"800\" height=\"800\" title=\"-\"><\/p>","protected":false},"excerpt":{"rendered":"<ul>\n<li>Tartalmazza\u00a0<strong>563+<\/strong>\u00a0db<\/li>\n<li>Online PDF oktat\u00e1s<\/li>\n<li>Kiv\u00e1l\u00f3 min\u0151s\u00e9g\u0171 ABS blokk<\/li>\n<li>M\u00e9retek: 45 x 8 x 14 cm<\/li>\n<\/ul>","protected":false},"featured_media":23516,"comment_status":"open","ping_status":"closed","template":"","meta":{"_acf_changed":false},"product_cat":[372],"product_tag":[],"class_list":["product","first","outofstock","shipping-taxable","purchasable","product-type-simple"],"acf":[],"_links":{"self":[{"href":"https:\/\/mouldking.store\/hu\/wp-json\/wp\/v2\/product\/23520","targetHints":{"allow":["GET"]}}],"collection":[{"href":"https:\/\/mouldking.store\/hu\/wp-json\/wp\/v2\/product"}],"about":[{"href":"https:\/\/mouldking.store\/hu\/wp-json\/wp\/v2\/types\/product"}],"replies":[{"embeddable":true,"href":"https:\/\/mouldking.store\/hu\/wp-json\/wp\/v2\/comments?post=23520"}],"wp:featuredmedia":[{"embeddable":true,"href":"https:\/\/mouldking.store\/hu\/wp-json\/wp\/v2\/media\/23516"}],"wp:attachment":[{"href":"https:\/\/mouldking.store\/hu\/wp-json\/wp\/v2\/media?parent=23520"}],"wp:term":[{"taxonomy":"product_cat","embeddable":true,"href":"https:\/\/mouldking.store\/hu\/wp-json\/wp\/v2\/product_cat?post=23520"},{"taxonomy":"product_tag","embeddable":true,"href":"https:\/\/mouldking.store\/hu\/wp-json\/wp\/v2\/product_tag?post=23520"}],"curies":[{"name":"wp","href":"https:\/\/api.w.org\/{rel}","templated":true}]}}