{"id":23522,"date":"2021-10-10T04:57:35","date_gmt":"2021-10-10T04:57:35","guid":{"rendered":"https:\/\/mouldking.store\/shop\/moc-35008-dark-lord-emo-kid-lightsaber-star-wars-by-dmarkng-moc-factory\/"},"modified":"2025-12-25T09:20:39","modified_gmt":"2025-12-25T02:20:39","slug":"moc-35008-dark-lord-emo-kid-lightsaber-star-wars-by-dmarkng-moc-factory","status":"publish","type":"product","link":"https:\/\/mouldking.store\/hu\/shop\/moc-35008-dark-lord-emo-kid-lightsaber-star-wars-by-dmarkng-moc-factory\/","title":{"rendered":"MOC-35008 Dark Lord Emo Kid Lightsaber Star Wars, dmarkng MOC FACTORY"},"content":{"rendered":"<p>MOC-35008 Dark Lord Emo Kid Lightsaber Star Wars by dmarkng MOC FACTORY is a set in Star Wars collection, designed by dmarkng. This MOC 35008 comes with PDF instruction which is easy to build and find the missing pieces. The set contains 491 pieces, first released in 2021.<\/p>\n<p>Id\u0151beoszt\u00e1s: 4-8 h\u00e9t<\/p>\n<figure id=\"attachment_30885\" aria-describedby=\"caption-attachment-30885\" style=\"width: 800px\" class=\"wp-caption aligncenter\"><img fetchpriority=\"high\" decoding=\"async\" class=\"wp-image-30885 size-full\" src=\"https:\/\/mocfactory.com\/wp-content\/uploads\/2021\/03\/MOC-35008-Dark-Lord-Emo-Kid-Lightsaber-Star-Wars-by-dmarkng-MOC-FACTORY.jpg\" alt=\"MOC-35008 Star Wars  Dark Lord Emo Kid Lightsaber  Designer dmarkng MOC FACTORY\" width=\"800\" height=\"800\" title=\"-\"><figcaption id=\"caption-attachment-30885\" class=\"wp-caption-text\">MOC-35008 Star Wars Dark Lord Emo Kid Lightsaber Designer dmarkng MOC FACTORY<\/figcaption><\/figure>\n<figure id=\"attachment_204167\" class=\"wp-caption aligncenter\" style=\"width: 800px\" aria-describedby=\"caption-attachment-204167\"><\/figure>","protected":false},"excerpt":{"rendered":"<ul>\n<li>Tartalmazza\u00a0<strong>491+<\/strong>\u00a0db<\/li>\n<li>Online PDF oktat\u00e1s<\/li>\n<li>Kiv\u00e1l\u00f3 min\u0151s\u00e9g\u0171 ABS blokk<\/li>\n<li>Dimensions: 28 x 14 x 11 cm<\/li>\n<\/ul>","protected":false},"featured_media":23521,"comment_status":"open","ping_status":"closed","template":"","meta":{"_acf_changed":false},"product_cat":[415],"product_tag":[],"class_list":["product","first","instock","shipping-taxable","purchasable","product-type-simple"],"acf":[],"_links":{"self":[{"href":"https:\/\/mouldking.store\/hu\/wp-json\/wp\/v2\/product\/23522","targetHints":{"allow":["GET"]}}],"collection":[{"href":"https:\/\/mouldking.store\/hu\/wp-json\/wp\/v2\/product"}],"about":[{"href":"https:\/\/mouldking.store\/hu\/wp-json\/wp\/v2\/types\/product"}],"replies":[{"embeddable":true,"href":"https:\/\/mouldking.store\/hu\/wp-json\/wp\/v2\/comments?post=23522"}],"wp:featuredmedia":[{"embeddable":true,"href":"https:\/\/mouldking.store\/hu\/wp-json\/wp\/v2\/media\/23521"}],"wp:attachment":[{"href":"https:\/\/mouldking.store\/hu\/wp-json\/wp\/v2\/media?parent=23522"}],"wp:term":[{"taxonomy":"product_cat","embeddable":true,"href":"https:\/\/mouldking.store\/hu\/wp-json\/wp\/v2\/product_cat?post=23522"},{"taxonomy":"product_tag","embeddable":true,"href":"https:\/\/mouldking.store\/hu\/wp-json\/wp\/v2\/product_tag?post=23522"}],"curies":[{"name":"wp","href":"https:\/\/api.w.org\/{rel}","templated":true}]}}