{"id":23547,"date":"2021-10-10T04:58:03","date_gmt":"2021-10-09T21:58:03","guid":{"rendered":"https:\/\/mouldking.store\/shop\/moc-90097-mandalorian-motorcycle-star-wars-moc-factory\/"},"modified":"2025-12-25T09:20:38","modified_gmt":"2025-12-25T02:20:38","slug":"moc-90097-mandalorian-motorcycle-star-wars-moc-factory","status":"publish","type":"product","link":"https:\/\/mouldking.store\/hu\/shop\/moc-90097-mandalorian-motorcycle-star-wars-moc-factory\/","title":{"rendered":"MOC-90097 Mandalorian Motorcycle Star Wars MOC FACTORY"},"content":{"rendered":"<p style=\"text-align: center\">MOC-90097 Mandalorian Motorcycle Star Wars MOC FACTORY is a set in Star Wars collection. This MOC 90097 comes with PDF instruction which is easy to build and find the missing pieces. The set contains 519 pieces, first released in 2021.<\/p>\n<p style=\"text-align: center\">\n<figure id=\"attachment_204215\" aria-describedby=\"caption-attachment-204215\" style=\"width: 800px\" class=\"wp-caption aligncenter\"><a href=\"https:\/\/pay.lpwstore.com\/wp-content\/uploads\/2021\/03\/MOC-90097-Mandalorian-Motorcycle-Star-Wars-MOC-FACTORY.jpg\" target=\"_blank\" rel=\"noopener\"><img fetchpriority=\"high\" decoding=\"async\" class=\"wp-image-204215 size-full\" title=\"MOC-90097 Mandalorian Motorcycle Star Wars MOC FACTORY\" src=\"https:\/\/pay.lpwstore.com\/wp-content\/uploads\/2021\/03\/MOC-90097-Mandalorian-Motorcycle-Star-Wars-MOC-FACTORY.jpg\" alt=\"MOC-90097 Mandalorian Motorcycle Star Wars MOC FACTORY\" width=\"800\" height=\"800\" \/><\/a><figcaption id=\"caption-attachment-204215\" class=\"wp-caption-text\">MOC-90097 Mandalorian Motorcycle Star Wars MOC FACTORY<\/figcaption><\/figure>\n<p><img decoding=\"async\" class=\"alignnone size-full wp-image-204216 aligncenter\" src=\"https:\/\/pay.lpwstore.com\/wp-content\/uploads\/2021\/03\/MOC-90097-Mandalorian-Motorcycle-Star-Wars-MOC-FACTORY-2.jpg\" alt=\"-\" width=\"800\" height=\"800\" title=\"-\"> <img decoding=\"async\" class=\"alignnone size-full wp-image-204217 aligncenter\" src=\"https:\/\/pay.lpwstore.com\/wp-content\/uploads\/2021\/03\/MOC-90097-Mandalorian-Motorcycle-Star-Wars-MOC-FACTORY-3.jpg\" alt=\"-\" width=\"800\" height=\"800\" title=\"-\"> <img loading=\"lazy\" decoding=\"async\" class=\"alignnone size-full wp-image-204218 aligncenter\" src=\"https:\/\/pay.lpwstore.com\/wp-content\/uploads\/2021\/03\/MOC-90097-Mandalorian-Motorcycle-Star-Wars-MOC-FACTORY-4.jpg\" alt=\"-\" width=\"800\" height=\"800\" title=\"-\"> <img loading=\"lazy\" decoding=\"async\" class=\"alignnone size-full wp-image-204219 aligncenter\" src=\"https:\/\/pay.lpwstore.com\/wp-content\/uploads\/2021\/03\/MOC-90097-Mandalorian-Motorcycle-Star-Wars-MOC-FACTORY-5.jpg\" alt=\"-\" width=\"800\" height=\"800\" title=\"-\"> <img loading=\"lazy\" decoding=\"async\" class=\"alignnone size-full wp-image-204220 aligncenter\" src=\"https:\/\/pay.lpwstore.com\/wp-content\/uploads\/2021\/03\/MOC-90097-Mandalorian-Motorcycle-Star-Wars-MOC-FACTORY-6.jpg\" alt=\"-\" width=\"800\" height=\"800\" title=\"-\"><\/p>","protected":false},"excerpt":{"rendered":"<ul>\n<li>Tartalmazza\u00a0<strong>519+<\/strong>\u00a0db<\/li>\n<li>Online PDF oktat\u00e1s<\/li>\n<li>Kiv\u00e1l\u00f3 min\u0151s\u00e9g\u0171 ABS blokk<\/li>\n<li>Dimensions: 40 x 10 x 19 cm<\/li>\n<\/ul>","protected":false},"featured_media":23541,"comment_status":"open","ping_status":"closed","template":"","meta":{"_acf_changed":false},"product_cat":[415],"product_tag":[],"class_list":["product","first","outofstock","shipping-taxable","purchasable","product-type-simple"],"acf":[],"_links":{"self":[{"href":"https:\/\/mouldking.store\/hu\/wp-json\/wp\/v2\/product\/23547","targetHints":{"allow":["GET"]}}],"collection":[{"href":"https:\/\/mouldking.store\/hu\/wp-json\/wp\/v2\/product"}],"about":[{"href":"https:\/\/mouldking.store\/hu\/wp-json\/wp\/v2\/types\/product"}],"replies":[{"embeddable":true,"href":"https:\/\/mouldking.store\/hu\/wp-json\/wp\/v2\/comments?post=23547"}],"wp:featuredmedia":[{"embeddable":true,"href":"https:\/\/mouldking.store\/hu\/wp-json\/wp\/v2\/media\/23541"}],"wp:attachment":[{"href":"https:\/\/mouldking.store\/hu\/wp-json\/wp\/v2\/media?parent=23547"}],"wp:term":[{"taxonomy":"product_cat","embeddable":true,"href":"https:\/\/mouldking.store\/hu\/wp-json\/wp\/v2\/product_cat?post=23547"},{"taxonomy":"product_tag","embeddable":true,"href":"https:\/\/mouldking.store\/hu\/wp-json\/wp\/v2\/product_tag?post=23547"}],"curies":[{"name":"wp","href":"https:\/\/api.w.org\/{rel}","templated":true}]}}