{"id":23553,"date":"2021-10-10T04:58:11","date_gmt":"2021-10-09T21:58:11","guid":{"rendered":"https:\/\/mouldking.store\/shop\/moc-24930-flowers-pots-creator-by-labsrl-moc-factory\/"},"modified":"2025-12-25T09:20:38","modified_gmt":"2025-12-25T02:20:38","slug":"moc-24930-flowers-pots-creator-by-labsrl-moc-factory","status":"publish","type":"product","link":"https:\/\/mouldking.store\/hu\/shop\/moc-24930-flowers-pots-creator-by-labsrl-moc-factory\/","title":{"rendered":"MOC-24930 Flowers Pots Creator by Labsrl MOC FACTORY"},"content":{"rendered":"<p>MOC-24930 Flowers Pots Creator by Labsrl MOC FACTORY is a set inCreator collection, designed by Labsrl. This MOC 24930 comes with PDF instruction which is easy to build and find the missing pieces. The set contains 82 pieces, first released in 2021.<\/p>\n<figure id=\"attachment_204227\" aria-describedby=\"caption-attachment-204227\" style=\"width: 800px\" class=\"wp-caption aligncenter\"><a href=\"https:\/\/pay.lpwstore.com\/wp-content\/uploads\/2021\/03\/MOC-24930-Flowers-Pots-Creator-by-Labsrl-MOC-FACTORY.jpg\" target=\"_blank\" rel=\"noopener\"><img fetchpriority=\"high\" decoding=\"async\" class=\"wp-image-204227 size-full\" title=\"MOC-24930 Flowers Pots Creator by Labsrl MOC FACTORY\" src=\"https:\/\/pay.lpwstore.com\/wp-content\/uploads\/2021\/03\/MOC-24930-Flowers-Pots-Creator-by-Labsrl-MOC-FACTORY.jpg\" alt=\"MOC-24930 Flowers Pots Creator by Labsrl MOC FACTORY\" width=\"800\" height=\"800\" \/><\/a><figcaption id=\"caption-attachment-204227\" class=\"wp-caption-text\">MOC-24930 Flowers Pots Creator by Labsrl MOC FACTORY<\/figcaption><\/figure>","protected":false},"excerpt":{"rendered":"<ul>\n<li>Tartalmazza\u00a0<strong>82+<\/strong>\u00a0db<\/li>\n<li>Online PDF oktat\u00e1s<\/li>\n<li>Kiv\u00e1l\u00f3 min\u0151s\u00e9g\u0171 ABS blokk<\/li>\n<li>Dimensions: 9 x 8 x 5 cm<\/li>\n<\/ul>","protected":false},"featured_media":23552,"comment_status":"open","ping_status":"closed","template":"","meta":{"_acf_changed":false},"product_cat":[371],"product_tag":[],"class_list":["product","first","outofstock","shipping-taxable","purchasable","product-type-simple"],"acf":[],"_links":{"self":[{"href":"https:\/\/mouldking.store\/hu\/wp-json\/wp\/v2\/product\/23553","targetHints":{"allow":["GET"]}}],"collection":[{"href":"https:\/\/mouldking.store\/hu\/wp-json\/wp\/v2\/product"}],"about":[{"href":"https:\/\/mouldking.store\/hu\/wp-json\/wp\/v2\/types\/product"}],"replies":[{"embeddable":true,"href":"https:\/\/mouldking.store\/hu\/wp-json\/wp\/v2\/comments?post=23553"}],"wp:featuredmedia":[{"embeddable":true,"href":"https:\/\/mouldking.store\/hu\/wp-json\/wp\/v2\/media\/23552"}],"wp:attachment":[{"href":"https:\/\/mouldking.store\/hu\/wp-json\/wp\/v2\/media?parent=23553"}],"wp:term":[{"taxonomy":"product_cat","embeddable":true,"href":"https:\/\/mouldking.store\/hu\/wp-json\/wp\/v2\/product_cat?post=23553"},{"taxonomy":"product_tag","embeddable":true,"href":"https:\/\/mouldking.store\/hu\/wp-json\/wp\/v2\/product_tag?post=23553"}],"curies":[{"name":"wp","href":"https:\/\/api.w.org\/{rel}","templated":true}]}}