{"id":23561,"date":"2021-10-10T04:58:16","date_gmt":"2021-10-10T04:58:16","guid":{"rendered":"https:\/\/mouldking.store\/shop\/moc-36174-10265-1967-ford-mustang-gta-fastback-modification-technic-by-nikolayfx-moc-factory\/"},"modified":"2025-12-25T09:20:32","modified_gmt":"2025-12-25T02:20:32","slug":"moc-36174-10265-1967-ford-mustang-gta-fastback-modification-technic-by-nikolayfx-moc-factory","status":"publish","type":"product","link":"https:\/\/mouldking.store\/hu\/shop\/moc-36174-10265-1967-ford-mustang-gta-fastback-modification-technic-by-nikolayfx-moc-factory\/","title":{"rendered":"MOC-36174 10265 &#8211; 1967 Ford Mustang GTA Fastback Modification Technic by NikolayFX MOC FACTORY"},"content":{"rendered":"<p style=\"text-align: left\">MOC-36174 10265 &#8211; 1967 Ford Mustang GTA Fastback Modification Technic by NikolayFX MOC FACTORY is a set in Technic collection, designed by NikolayFX. This MOC 36174 comes with 3D instruction which is easy to build and find the missing pieces. The set contains 1382 pieces, first released in 2021.<\/p>\n<figure id=\"attachment_204366\" aria-describedby=\"caption-attachment-204366\" style=\"width: 800px\" class=\"wp-caption aligncenter\"><a href=\"https:\/\/pay.lpwstore.com\/wp-content\/uploads\/2021\/03\/MOC-36174-10265-1967-Ford-Mustang-GTA-Fastback-Modification-Technic-by-NikolayFX-MOC-FACTORY.jpg\" target=\"_blank\" rel=\"noopener\"><img fetchpriority=\"high\" decoding=\"async\" class=\"wp-image-204366 size-full\" title=\"MOC-36174 10265 - 1967 Ford Mustang GTA Fastback Modification Technic by NikolayFX MOC FACTORY\" src=\"https:\/\/pay.lpwstore.com\/wp-content\/uploads\/2021\/03\/MOC-36174-10265-1967-Ford-Mustang-GTA-Fastback-Modification-Technic-by-NikolayFX-MOC-FACTORY.jpg\" alt=\"MOC-36174 10265 - 1967 Ford Mustang GTA Fastback Modification Technic by NikolayFX MOC FACTORY\" width=\"800\" height=\"800\" \/><\/a><figcaption id=\"caption-attachment-204366\" class=\"wp-caption-text\">MOC-36174 10265 &#8211; 1967 Ford Mustang GTA Fastback Modification Technic by NikolayFX MOC FACTORY<\/figcaption><\/figure>\n<p><img decoding=\"async\" class=\"alignnone size-full wp-image-204367 aligncenter\" src=\"https:\/\/pay.lpwstore.com\/wp-content\/uploads\/2021\/03\/MOC-36174-10265-1967-Ford-Mustang-GTA-Fastback-Modification-Technic-by-NikolayFX-MOC-FACTORY-2.jpg\" alt=\"-\" width=\"800\" height=\"800\" title=\"-\"> <img decoding=\"async\" class=\"alignnone size-full wp-image-204368 aligncenter\" src=\"https:\/\/pay.lpwstore.com\/wp-content\/uploads\/2021\/03\/MOC-36174-10265-1967-Ford-Mustang-GTA-Fastback-Modification-Technic-by-NikolayFX-MOC-FACTORY-3.jpg\" alt=\"-\" width=\"800\" height=\"800\" title=\"-\"> <img loading=\"lazy\" decoding=\"async\" class=\"alignnone size-full wp-image-204369 aligncenter\" src=\"https:\/\/pay.lpwstore.com\/wp-content\/uploads\/2021\/03\/MOC-36174-10265-1967-Ford-Mustang-GTA-Fastback-Modification-Technic-by-NikolayFX-MOC-FACTORY-4.jpg\" alt=\"-\" width=\"800\" height=\"800\" title=\"-\"> <img loading=\"lazy\" decoding=\"async\" class=\"alignnone size-full wp-image-204370 aligncenter\" src=\"https:\/\/pay.lpwstore.com\/wp-content\/uploads\/2021\/03\/MOC-36174-10265-1967-Ford-Mustang-GTA-Fastback-Modification-Technic-by-NikolayFX-MOC-FACTORY-5.jpg\" alt=\"-\" width=\"800\" height=\"800\" title=\"-\"><\/p>","protected":false},"excerpt":{"rendered":"<ul>\n<li>Tartalmazza <strong>1382<\/strong>+ db<\/li>\n<li>3D f\u00e1jl utas\u00edt\u00e1s<\/li>\n<li>Kiv\u00e1l\u00f3 min\u0151s\u00e9g\u0171 ABS blokk<\/li>\n<li>Dimensions: 48 x 28 x 9 cm<\/li>\n<\/ul>","protected":false},"featured_media":23556,"comment_status":"open","ping_status":"closed","template":"","meta":{"_acf_changed":false},"product_cat":[364],"product_tag":[],"class_list":["product","first","instock","shipping-taxable","purchasable","product-type-simple"],"acf":[],"_links":{"self":[{"href":"https:\/\/mouldking.store\/hu\/wp-json\/wp\/v2\/product\/23561","targetHints":{"allow":["GET"]}}],"collection":[{"href":"https:\/\/mouldking.store\/hu\/wp-json\/wp\/v2\/product"}],"about":[{"href":"https:\/\/mouldking.store\/hu\/wp-json\/wp\/v2\/types\/product"}],"replies":[{"embeddable":true,"href":"https:\/\/mouldking.store\/hu\/wp-json\/wp\/v2\/comments?post=23561"}],"wp:featuredmedia":[{"embeddable":true,"href":"https:\/\/mouldking.store\/hu\/wp-json\/wp\/v2\/media\/23556"}],"wp:attachment":[{"href":"https:\/\/mouldking.store\/hu\/wp-json\/wp\/v2\/media?parent=23561"}],"wp:term":[{"taxonomy":"product_cat","embeddable":true,"href":"https:\/\/mouldking.store\/hu\/wp-json\/wp\/v2\/product_cat?post=23561"},{"taxonomy":"product_tag","embeddable":true,"href":"https:\/\/mouldking.store\/hu\/wp-json\/wp\/v2\/product_tag?post=23561"}],"curies":[{"name":"wp","href":"https:\/\/api.w.org\/{rel}","templated":true}]}}