{"id":23566,"date":"2021-10-10T04:58:20","date_gmt":"2021-10-09T21:58:20","guid":{"rendered":"https:\/\/mouldking.store\/shop\/moc-39989-ucs-opportunity-spirit-mars-exploration-rover-space-by-muscovitesandwich-moc-factory\/"},"modified":"2025-12-25T09:20:32","modified_gmt":"2025-12-25T02:20:32","slug":"moc-39989-ucs-opportunity-spirit-mars-exploration-rover-space-by-muscovitesandwich-moc-factory","status":"publish","type":"product","link":"https:\/\/mouldking.store\/hu\/shop\/moc-39989-ucs-opportunity-spirit-mars-exploration-rover-space-by-muscovitesandwich-moc-factory\/","title":{"rendered":"MOC-39989 [UCS] Opportunity\/Spirit Mars Exploration Rover Space, MuscoviteSandwich MOC FACTORY"},"content":{"rendered":"<p style=\"text-align: left\">MOC-39989 [UCS] Opportunity\/Spirit Mars Exploration Rover Space by MuscoviteSandwich MOC FACTORY is a set in Space collection, designed by MuscoviteSandwich. This MOC 39989 comes with PDF instruction which is easy to build and find the missing pieces. The set contains 771 pieces, first released in 2021.<\/p>\n<p>Id\u0151beoszt\u00e1s: 4-8 h\u00e9t<\/p>\n<figure id=\"attachment_204372\" class=\"wp-caption aligncenter\" style=\"width: 800px\" aria-describedby=\"caption-attachment-204372\"><figcaption id=\"caption-attachment-204372\" class=\"wp-caption-text\"><figure id=\"attachment_30989\" aria-describedby=\"caption-attachment-30989\" style=\"width: 800px\" class=\"wp-caption aligncenter\"><img fetchpriority=\"high\" decoding=\"async\" class=\"wp-image-30989 size-full\" src=\"https:\/\/mocfactory.com\/wp-content\/uploads\/2021\/03\/MOC-39989-UCS-OpportunitySpirit-Mars-Exploration-Rover-Space-by-MuscoviteSandwich-MOC-FACTORY.jpg\" alt=\"MOC-39989  Space  [UCS] Opportunity\/Spirit Mars Exploration Rover Designer MuscoviteSandwich MOC FACTORY\" width=\"800\" height=\"800\" title=\"-\"><figcaption id=\"caption-attachment-30989\" class=\"wp-caption-text\">MOC-39989 Space [UCS] Opportunity\/Spirit Mars Exploration Rover Designer MuscoviteSandwich MOC FACTORY<\/figcaption><\/figure><figure id=\"attachment_30988\" aria-describedby=\"caption-attachment-30988\" style=\"width: 800px\" class=\"wp-caption aligncenter\"><img decoding=\"async\" class=\"wp-image-30988 size-full\" src=\"https:\/\/mocfactory.com\/wp-content\/uploads\/2021\/03\/MOC-39989-UCS-OpportunitySpirit-Mars-Exploration-Rover-Space-by-MuscoviteSandwich-MOC-FACTORY-2.jpg\" alt=\"MOC-39989  Space  [UCS] Opportunity\/Spirit Mars Exploration Rover Designer MuscoviteSandwich MOC FACTORY\" width=\"800\" height=\"800\" title=\"-\"><figcaption id=\"caption-attachment-30988\" class=\"wp-caption-text\">MOC-39989 Space [UCS] Opportunity\/Spirit Mars Exploration Rover Designer MuscoviteSandwich MOC FACTORY<\/figcaption><\/figure><figure id=\"attachment_30986\" aria-describedby=\"caption-attachment-30986\" style=\"width: 800px\" class=\"wp-caption aligncenter\"><img decoding=\"async\" class=\"wp-image-30986 size-full\" src=\"https:\/\/mocfactory.com\/wp-content\/uploads\/2021\/03\/MOC-39989-UCS-OpportunitySpirit-Mars-Exploration-Rover-Space-by-MuscoviteSandwich-MOC-FACTORY-4.jpg\" alt=\"MOC-39989  Space  [UCS] Opportunity\/Spirit Mars Exploration Rover Designer MuscoviteSandwich MOC FACTORY\" width=\"800\" height=\"800\" title=\"-\"><figcaption id=\"caption-attachment-30986\" class=\"wp-caption-text\">MOC-39989 Space [UCS] Opportunity\/Spirit Mars Exploration Rover Designer MuscoviteSandwich MOC FACTORY<\/figcaption><\/figure><\/figcaption><\/figure>","protected":false},"excerpt":{"rendered":"<ul>\n<li>Tartalmazza\u00a0<strong>771<\/strong>+ db<\/li>\n<li>PDF utas\u00edt\u00e1s<\/li>\n<li>Kiv\u00e1l\u00f3 min\u0151s\u00e9g\u0171 ABS blokk<\/li>\n<li>Dimensions: 30 x 24 x 15 cm<\/li>\n<\/ul>","protected":false},"featured_media":23562,"comment_status":"open","ping_status":"closed","template":"","meta":{"_acf_changed":false},"product_cat":[371],"product_tag":[],"class_list":["product","first","instock","shipping-taxable","purchasable","product-type-simple"],"acf":[],"_links":{"self":[{"href":"https:\/\/mouldking.store\/hu\/wp-json\/wp\/v2\/product\/23566","targetHints":{"allow":["GET"]}}],"collection":[{"href":"https:\/\/mouldking.store\/hu\/wp-json\/wp\/v2\/product"}],"about":[{"href":"https:\/\/mouldking.store\/hu\/wp-json\/wp\/v2\/types\/product"}],"replies":[{"embeddable":true,"href":"https:\/\/mouldking.store\/hu\/wp-json\/wp\/v2\/comments?post=23566"}],"wp:featuredmedia":[{"embeddable":true,"href":"https:\/\/mouldking.store\/hu\/wp-json\/wp\/v2\/media\/23562"}],"wp:attachment":[{"href":"https:\/\/mouldking.store\/hu\/wp-json\/wp\/v2\/media?parent=23566"}],"wp:term":[{"taxonomy":"product_cat","embeddable":true,"href":"https:\/\/mouldking.store\/hu\/wp-json\/wp\/v2\/product_cat?post=23566"},{"taxonomy":"product_tag","embeddable":true,"href":"https:\/\/mouldking.store\/hu\/wp-json\/wp\/v2\/product_tag?post=23566"}],"curies":[{"name":"wp","href":"https:\/\/api.w.org\/{rel}","templated":true}]}}