{"id":23657,"date":"2021-10-10T05:00:14","date_gmt":"2021-10-09T22:00:14","guid":{"rendered":"https:\/\/mouldking.store\/shop\/moc-35834-lift-off-creator-by-brickbrush-moc-factory\/"},"modified":"2025-12-25T09:20:31","modified_gmt":"2025-12-25T02:20:31","slug":"moc-35834-lift-off-creator-by-brickbrush-moc-factory","status":"publish","type":"product","link":"https:\/\/mouldking.store\/hu\/shop\/moc-35834-lift-off-creator-by-brickbrush-moc-factory\/","title":{"rendered":"MOC-35834 Lift off Creator by BrickBrush MOC FACTORY"},"content":{"rendered":"<p>MOC-35834 Lift off Creator by BrickBrush MOC FACTORY is a set in Creator collection, designed by BrickBrush. This MOC 35834 comes with PDF instruction which is easy to build and find the missing pieces. The set contains 159 pieces, first released in 2021.<\/p>\n<figure id=\"attachment_204555\" aria-describedby=\"caption-attachment-204555\" style=\"width: 800px\" class=\"wp-caption aligncenter\"><a href=\"https:\/\/pay.lpwstore.com\/wp-content\/uploads\/2021\/03\/MOC-35834-Lift-off-Creator-by-BrickBrush-MOC-FACTORY.jpg\" target=\"_blank\" rel=\"noopener\"><img fetchpriority=\"high\" decoding=\"async\" class=\"wp-image-204555 size-full\" title=\"MOC-35834 Lift off Creator by BrickBrush MOC FACTORY\" src=\"https:\/\/pay.lpwstore.com\/wp-content\/uploads\/2021\/03\/MOC-35834-Lift-off-Creator-by-BrickBrush-MOC-FACTORY.jpg\" alt=\"MOC-35834 Lift off Creator by BrickBrush MOC FACTORY\" width=\"800\" height=\"800\" \/><\/a><figcaption id=\"caption-attachment-204555\" class=\"wp-caption-text\">MOC-35834 Lift off Creator by BrickBrush MOC FACTORY<\/figcaption><\/figure>","protected":false},"excerpt":{"rendered":"<ul>\n<li>Tartalmazza\u00a0<strong>159+<\/strong>\u00a0db<\/li>\n<li>Online PDF oktat\u00e1s<\/li>\n<li>Kiv\u00e1l\u00f3 min\u0151s\u00e9g\u0171 ABS blokk<\/li>\n<li>Dimensions: 13 x 13 x 10 cm<\/li>\n<\/ul>","protected":false},"featured_media":23656,"comment_status":"open","ping_status":"closed","template":"","meta":{"_acf_changed":false},"product_cat":[371],"product_tag":[],"class_list":["product","first","outofstock","shipping-taxable","purchasable","product-type-simple"],"acf":[],"_links":{"self":[{"href":"https:\/\/mouldking.store\/hu\/wp-json\/wp\/v2\/product\/23657","targetHints":{"allow":["GET"]}}],"collection":[{"href":"https:\/\/mouldking.store\/hu\/wp-json\/wp\/v2\/product"}],"about":[{"href":"https:\/\/mouldking.store\/hu\/wp-json\/wp\/v2\/types\/product"}],"replies":[{"embeddable":true,"href":"https:\/\/mouldking.store\/hu\/wp-json\/wp\/v2\/comments?post=23657"}],"wp:featuredmedia":[{"embeddable":true,"href":"https:\/\/mouldking.store\/hu\/wp-json\/wp\/v2\/media\/23656"}],"wp:attachment":[{"href":"https:\/\/mouldking.store\/hu\/wp-json\/wp\/v2\/media?parent=23657"}],"wp:term":[{"taxonomy":"product_cat","embeddable":true,"href":"https:\/\/mouldking.store\/hu\/wp-json\/wp\/v2\/product_cat?post=23657"},{"taxonomy":"product_tag","embeddable":true,"href":"https:\/\/mouldking.store\/hu\/wp-json\/wp\/v2\/product_tag?post=23657"}],"curies":[{"name":"wp","href":"https:\/\/api.w.org\/{rel}","templated":true}]}}