{"id":23660,"date":"2021-10-10T05:00:20","date_gmt":"2021-10-09T22:00:20","guid":{"rendered":"https:\/\/mouldking.store\/shop\/moc-36359-razor-crest-mini-scale-star-wars-by-2bricksofficial-moc-factory\/"},"modified":"2025-12-25T09:20:31","modified_gmt":"2025-12-25T02:20:31","slug":"moc-36359-razor-crest-mini-scale-star-wars-by-2bricksofficial-moc-factory","status":"publish","type":"product","link":"https:\/\/mouldking.store\/hu\/shop\/moc-36359-razor-crest-mini-scale-star-wars-by-2bricksofficial-moc-factory\/","title":{"rendered":"MOC-36359 Razor Crest Mini-m\u00e9ret\u0171 Star Wars a 2bricks hivatalos MOC FACTORY-t\u00f3l"},"content":{"rendered":"<p style=\"text-align: left\">MOC-36359 Razor Crest Mini-scale Star Wars by 2bricksofficial MOC FACTORY is a set in Star Wars collection, designed by 2bricksofficial. This MOC 36359 comes with PDF instruction which is easy to build and find the missing pieces. The set contains 69 pieces, first released in 2021.<\/p>\n<figure id=\"attachment_204557\" aria-describedby=\"caption-attachment-204557\" style=\"width: 800px\" class=\"wp-caption aligncenter\"><a href=\"https:\/\/pay.lpwstore.com\/wp-content\/uploads\/2021\/03\/MOC-36359-Razor-Crest-Mini-scale-Star-Wars-by-2bricksofficial-MOC-FACTORY.jpg\" target=\"_blank\" rel=\"noopener\"><img fetchpriority=\"high\" decoding=\"async\" class=\"wp-image-204557 size-full\" title=\"MOC-36359 Razor Crest Mini-m\u00e9ret\u0171 Star Wars a 2bricks hivatalos MOC FACTORY-t\u00f3l\" src=\"https:\/\/pay.lpwstore.com\/wp-content\/uploads\/2021\/03\/MOC-36359-Razor-Crest-Mini-scale-Star-Wars-by-2bricksofficial-MOC-FACTORY.jpg\" alt=\"MOC-36359 Razor Crest Mini-scale Star Wars by 2bricksofficial MOC FACTORY\" width=\"800\" height=\"800\" \/><\/a><figcaption id=\"caption-attachment-204557\" class=\"wp-caption-text\">MOC-36359 Razor Crest Mini-m\u00e9ret\u0171 Star Wars a 2bricks hivatalos MOC FACTORY-t\u00f3l<\/figcaption><\/figure>\n<p><img decoding=\"async\" class=\"alignnone size-full wp-image-204558 aligncenter\" src=\"https:\/\/pay.lpwstore.com\/wp-content\/uploads\/2021\/03\/MOC-36359-Razor-Crest-Mini-scale-Star-Wars-by-2bricksofficial-MOC-FACTORY-2.jpg\" alt=\"MOC-36359-Razor-Crest-Mini-scale-Star-Wars-by-2bricksofficial-MOC-FACTORY-2\" width=\"800\" height=\"800\" title=\"-\"><\/p>","protected":false},"excerpt":{"rendered":"<ul>\n<li>Tartalmazza\u00a0<strong>69+<\/strong>\u00a0db<\/li>\n<li>Online PDF oktat\u00e1s<\/li>\n<li>Kiv\u00e1l\u00f3 min\u0151s\u00e9g\u0171 ABS blokk<\/li>\n<li>Dimensions: 8 x 6 x 6 cm<\/li>\n<\/ul>","protected":false},"featured_media":23658,"comment_status":"open","ping_status":"closed","template":"","meta":{"_acf_changed":false},"product_cat":[415],"product_tag":[],"class_list":["product","first","outofstock","shipping-taxable","purchasable","product-type-simple"],"acf":[],"_links":{"self":[{"href":"https:\/\/mouldking.store\/hu\/wp-json\/wp\/v2\/product\/23660","targetHints":{"allow":["GET"]}}],"collection":[{"href":"https:\/\/mouldking.store\/hu\/wp-json\/wp\/v2\/product"}],"about":[{"href":"https:\/\/mouldking.store\/hu\/wp-json\/wp\/v2\/types\/product"}],"replies":[{"embeddable":true,"href":"https:\/\/mouldking.store\/hu\/wp-json\/wp\/v2\/comments?post=23660"}],"wp:featuredmedia":[{"embeddable":true,"href":"https:\/\/mouldking.store\/hu\/wp-json\/wp\/v2\/media\/23658"}],"wp:attachment":[{"href":"https:\/\/mouldking.store\/hu\/wp-json\/wp\/v2\/media?parent=23660"}],"wp:term":[{"taxonomy":"product_cat","embeddable":true,"href":"https:\/\/mouldking.store\/hu\/wp-json\/wp\/v2\/product_cat?post=23660"},{"taxonomy":"product_tag","embeddable":true,"href":"https:\/\/mouldking.store\/hu\/wp-json\/wp\/v2\/product_tag?post=23660"}],"curies":[{"name":"wp","href":"https:\/\/api.w.org\/{rel}","templated":true}]}}