{"id":23699,"date":"2021-10-10T05:01:13","date_gmt":"2021-10-10T05:01:13","guid":{"rendered":"https:\/\/mouldking.store\/shop\/moc-46149-renault-f1-rs19-18-scale-technic-by-lukas2020-moc-factory\/"},"modified":"2025-12-25T09:20:30","modified_gmt":"2025-12-25T02:20:30","slug":"moc-46149-renault-f1-rs19-18-scale-technic-by-lukas2020-moc-factory","status":"publish","type":"product","link":"https:\/\/mouldking.store\/hu\/shop\/moc-46149-renault-f1-rs19-18-scale-technic-by-lukas2020-moc-factory\/","title":{"rendered":"MOC-46149 Renault F1 RS19 1:8 Scale Technic, Lukas2020 MOC FACTORY"},"content":{"rendered":"<p style=\"text-align: left\">A MOC-46149 Renault F1 RS19 1:8 Scale Technic by Lukas2020 MOC FACTORY a Lukas2020 \u00e1ltal tervezett Technic kollekci\u00f3 k\u00e9szlete. Ehhez a MOC 46149-hez PDF utas\u00edt\u00e1sok tartoznak, amelyek k\u00f6nnyen \u00f6ssze\u00e1ll\u00edthat\u00f3k \u00e9s megtal\u00e1lhatj\u00e1k a hi\u00e1nyz\u00f3 r\u00e9szeket. A k\u00e9szlet 2196 darabot tartalmaz, el\u0151sz\u00f6r 2021-ben adt\u00e1k ki.<\/p>\n<p style=\"text-align: left\"><strong>JEGYZET:<\/strong><\/p>\n<ul style=\"text-align: center\">\n<li style=\"text-align: left\"><strong>Az egyes r\u00e9szek sz\u00edne nem egyezik a rajzelemek sz\u00edn\u00e9vel, ami a megjelen\u00e9st nem befoly\u00e1solja.<\/strong><\/li>\n<li style=\"text-align: left\"><strong>K\u00e9rj\u00fck, k\u00f6r\u00fcltekint\u0151en v\u00e1s\u00e1roljon azok sz\u00e1m\u00e1ra, akiket nem \u00e9rdekel a hazai alkatr\u00e9szek pontoss\u00e1ga, sz\u00ednk\u00fcl\u00f6nbs\u00e9ge.<\/strong><\/li>\n<\/ul>\n<figure id=\"attachment_204598\" aria-describedby=\"caption-attachment-204598\" style=\"width: 800px\" class=\"wp-caption aligncenter\"><a href=\"https:\/\/pay.lpwstore.com\/wp-content\/uploads\/2021\/03\/MOC-46149-Renault-F1-RS19-18-Scale-Technic-by-Lukas2020-MOC-FACTORY.jpg\" target=\"_blank\" rel=\"noopener\"><img fetchpriority=\"high\" decoding=\"async\" class=\"wp-image-204598 size-full\" title=\"MOC-46149 Renault F1 RS19 1:8 Scale Technic, Lukas2020 MOC FACTORY\" src=\"https:\/\/pay.lpwstore.com\/wp-content\/uploads\/2021\/03\/MOC-46149-Renault-F1-RS19-18-Scale-Technic-by-Lukas2020-MOC-FACTORY.jpg\" alt=\"MOC-46149 Renault F1 RS19 1:8 Scale Technic by Lukas2020 MOC FACTORY\" width=\"800\" height=\"800\" \/><\/a><figcaption id=\"caption-attachment-204598\" class=\"wp-caption-text\">MOC-46149 Renault F1 RS19 1:8 Scale Technic, Lukas2020 MOC FACTORY<\/figcaption><\/figure>\n<p><img decoding=\"async\" class=\"alignnone size-full wp-image-204599 aligncenter\" src=\"https:\/\/pay.lpwstore.com\/wp-content\/uploads\/2021\/03\/MOC-46149-Renault-F1-RS19-18-Scale-Technic-by-Lukas2020-MOC-FACTORY-2.jpg\" alt=\"-\" width=\"800\" height=\"800\" title=\"-\"> <img decoding=\"async\" class=\"alignnone size-full wp-image-204600 aligncenter\" src=\"https:\/\/pay.lpwstore.com\/wp-content\/uploads\/2021\/03\/MOC-46149-Renault-F1-RS19-18-Scale-Technic-by-Lukas2020-MOC-FACTORY-3.jpg\" alt=\"-\" width=\"800\" height=\"800\" title=\"-\"><\/p>","protected":false},"excerpt":{"rendered":"<ul>\n<li>Tartalmazza\u00a0<strong>2196+<\/strong>\u00a0db<\/li>\n<li>Online PDF oktat\u00e1s<\/li>\n<li>Kiv\u00e1l\u00f3 min\u0151s\u00e9g\u0171 ABS blokk<\/li>\n<\/ul>","protected":false},"featured_media":23696,"comment_status":"open","ping_status":"closed","template":"","meta":{"_acf_changed":false},"product_cat":[364],"product_tag":[],"class_list":["product","first","outofstock","shipping-taxable","purchasable","product-type-simple"],"acf":[],"_links":{"self":[{"href":"https:\/\/mouldking.store\/hu\/wp-json\/wp\/v2\/product\/23699","targetHints":{"allow":["GET"]}}],"collection":[{"href":"https:\/\/mouldking.store\/hu\/wp-json\/wp\/v2\/product"}],"about":[{"href":"https:\/\/mouldking.store\/hu\/wp-json\/wp\/v2\/types\/product"}],"replies":[{"embeddable":true,"href":"https:\/\/mouldking.store\/hu\/wp-json\/wp\/v2\/comments?post=23699"}],"wp:featuredmedia":[{"embeddable":true,"href":"https:\/\/mouldking.store\/hu\/wp-json\/wp\/v2\/media\/23696"}],"wp:attachment":[{"href":"https:\/\/mouldking.store\/hu\/wp-json\/wp\/v2\/media?parent=23699"}],"wp:term":[{"taxonomy":"product_cat","embeddable":true,"href":"https:\/\/mouldking.store\/hu\/wp-json\/wp\/v2\/product_cat?post=23699"},{"taxonomy":"product_tag","embeddable":true,"href":"https:\/\/mouldking.store\/hu\/wp-json\/wp\/v2\/product_tag?post=23699"}],"curies":[{"name":"wp","href":"https:\/\/api.w.org\/{rel}","templated":true}]}}