{"id":23856,"date":"2021-10-10T05:04:26","date_gmt":"2021-10-10T05:04:26","guid":{"rendered":"https:\/\/mouldking.store\/shop\/moc-34732-oshkosh-m1070-civil-version-tractor-with-heavy-duty-trailer-technic-by-legolaus-moc-factory\/"},"modified":"2025-12-25T09:20:19","modified_gmt":"2025-12-25T02:20:19","slug":"moc-34732-oshkosh-m1070-civil-version-tractor-with-heavy-duty-trailer-technic-by-legolaus-moc-factory","status":"publish","type":"product","link":"https:\/\/mouldking.store\/hu\/shop\/moc-34732-oshkosh-m1070-civil-version-tractor-with-heavy-duty-trailer-technic-by-legolaus-moc-factory\/","title":{"rendered":"MOC-34732 Oshkosh M1070 Civil-Version Tractor with Heavy Duty Trailer Technic by legolaus MOC FACTORY"},"content":{"rendered":"<p style=\"text-align: left\">MOC-34732 Oshkosh M1070 Civil-Version Tractor with Heavy Duty Trailer Technic by legolaus MOC FACTORY is a set in Technic collection, designed by legolaus. This MOC 34732 comes with PDF instruction which is easy to build and find the missing pieces. The set contains 2730 pieces, first released in 2021.<\/p>\n<p style=\"text-align: left\"><strong>JEGYZET:<\/strong><\/p>\n<ul style=\"text-align: center\">\n<li style=\"text-align: left\"><strong>Az egyes r\u00e9szek sz\u00edne nem egyezik a rajzelemek sz\u00edn\u00e9vel, ami a megjelen\u00e9st nem befoly\u00e1solja.<\/strong><\/li>\n<li style=\"text-align: left\"><strong>K\u00e9rj\u00fck, k\u00f6r\u00fcltekint\u0151en v\u00e1s\u00e1roljon azok sz\u00e1m\u00e1ra, akiket nem \u00e9rdekel a hazai alkatr\u00e9szek pontoss\u00e1ga, sz\u00ednk\u00fcl\u00f6nbs\u00e9ge.<\/strong><\/li>\n<\/ul>\n<figure id=\"attachment_204953\" aria-describedby=\"caption-attachment-204953\" style=\"width: 800px\" class=\"wp-caption aligncenter\"><a href=\"https:\/\/pay.lpwstore.com\/wp-content\/uploads\/2021\/04\/MOC-34732-Oshkosh-M1070-Civil-Version-Tractor-with-Heavy-Duty-Trailer-Technic-by-legolaus-MOC-FACTORY.jpg\" target=\"_blank\" rel=\"noopener\"><img fetchpriority=\"high\" decoding=\"async\" class=\"wp-image-204953 size-full\" title=\"MOC-34732 Oshkosh M1070 Civil-Version Tractor with Heavy Duty Trailer Technic by legolaus MOC FACTORY\" src=\"https:\/\/pay.lpwstore.com\/wp-content\/uploads\/2021\/04\/MOC-34732-Oshkosh-M1070-Civil-Version-Tractor-with-Heavy-Duty-Trailer-Technic-by-legolaus-MOC-FACTORY.jpg\" alt=\"MOC-34732 Oshkosh M1070 Civil-Version Tractor with Heavy Duty Trailer Technic by legolaus MOC FACTORY\" width=\"800\" height=\"800\" \/><\/a><figcaption id=\"caption-attachment-204953\" class=\"wp-caption-text\">MOC-34732 Oshkosh M1070 Civil-Version Tractor with Heavy Duty Trailer Technic by legolaus MOC FACTORY<\/figcaption><\/figure>\n<p><img decoding=\"async\" class=\"alignnone size-full wp-image-204954 aligncenter\" src=\"https:\/\/pay.lpwstore.com\/wp-content\/uploads\/2021\/04\/MOC-34732-Oshkosh-M1070-Civil-Version-Tractor-with-Heavy-Duty-Trailer-Technic-by-legolaus-MOC-FACTORY-2.jpg\" alt=\"-\" width=\"800\" height=\"800\" title=\"-\"> <img decoding=\"async\" class=\"alignnone size-full wp-image-204955 aligncenter\" src=\"https:\/\/pay.lpwstore.com\/wp-content\/uploads\/2021\/04\/MOC-34732-Oshkosh-M1070-Civil-Version-Tractor-with-Heavy-Duty-Trailer-Technic-by-legolaus-MOC-FACTORY-3.jpg\" alt=\"-\" width=\"800\" height=\"800\" title=\"-\"> <img loading=\"lazy\" decoding=\"async\" class=\"alignnone size-full wp-image-204956 aligncenter\" src=\"https:\/\/pay.lpwstore.com\/wp-content\/uploads\/2021\/04\/MOC-34732-Oshkosh-M1070-Civil-Version-Tractor-with-Heavy-Duty-Trailer-Technic-by-legolaus-MOC-FACTORY-4.jpg\" alt=\"-\" width=\"800\" height=\"800\" title=\"-\"> <img loading=\"lazy\" decoding=\"async\" class=\"alignnone size-full wp-image-204957 aligncenter\" src=\"https:\/\/pay.lpwstore.com\/wp-content\/uploads\/2021\/04\/MOC-34732-Oshkosh-M1070-Civil-Version-Tractor-with-Heavy-Duty-Trailer-Technic-by-legolaus-MOC-FACTORY-5.jpg\" alt=\"-\" width=\"800\" height=\"800\" title=\"-\"><\/p>","protected":false},"excerpt":{"rendered":"<ul>\n<li>Tartalmazza\u00a0<strong>2730+<\/strong>\u00a0db<\/li>\n<li>Online PDF oktat\u00e1s<\/li>\n<li>Kiv\u00e1l\u00f3 min\u0151s\u00e9g\u0171 ABS blokk<\/li>\n<li>Nincs motor<\/li>\n<\/ul>","protected":false},"featured_media":23851,"comment_status":"open","ping_status":"closed","template":"","meta":{"_acf_changed":false},"product_cat":[364],"product_tag":[],"class_list":["product","first","outofstock","shipping-taxable","purchasable","product-type-simple"],"acf":[],"_links":{"self":[{"href":"https:\/\/mouldking.store\/hu\/wp-json\/wp\/v2\/product\/23856","targetHints":{"allow":["GET"]}}],"collection":[{"href":"https:\/\/mouldking.store\/hu\/wp-json\/wp\/v2\/product"}],"about":[{"href":"https:\/\/mouldking.store\/hu\/wp-json\/wp\/v2\/types\/product"}],"replies":[{"embeddable":true,"href":"https:\/\/mouldking.store\/hu\/wp-json\/wp\/v2\/comments?post=23856"}],"wp:featuredmedia":[{"embeddable":true,"href":"https:\/\/mouldking.store\/hu\/wp-json\/wp\/v2\/media\/23851"}],"wp:attachment":[{"href":"https:\/\/mouldking.store\/hu\/wp-json\/wp\/v2\/media?parent=23856"}],"wp:term":[{"taxonomy":"product_cat","embeddable":true,"href":"https:\/\/mouldking.store\/hu\/wp-json\/wp\/v2\/product_cat?post=23856"},{"taxonomy":"product_tag","embeddable":true,"href":"https:\/\/mouldking.store\/hu\/wp-json\/wp\/v2\/product_tag?post=23856"}],"curies":[{"name":"wp","href":"https:\/\/api.w.org\/{rel}","templated":true}]}}