{"id":23862,"date":"2021-10-10T05:04:37","date_gmt":"2021-10-10T05:04:37","guid":{"rendered":"https:\/\/mouldking.store\/shop\/moc-56226-tie-ln-starfighter-ucs-slim-cockpit-star-wars-by-thomin-moc-factory\/"},"modified":"2025-12-25T09:20:19","modified_gmt":"2025-12-25T02:20:19","slug":"moc-56226-tie-ln-starfighter-ucs-slim-cockpit-star-wars-by-thomin-moc-factory","status":"publish","type":"product","link":"https:\/\/mouldking.store\/hu\/shop\/moc-56226-tie-ln-starfighter-ucs-slim-cockpit-star-wars-by-thomin-moc-factory\/","title":{"rendered":"MOC-56226 TIE \/ LN Starfighter UCS (v\u00e9kony pil\u00f3taf\u00fclke) Star Wars, thomin MOC FACTORY"},"content":{"rendered":"<p style=\"text-align: left;\">MOC-56226 TIE \/ LN Starfighter UCS (slim cockpit) Star Wars by thomin MOC FACTORY is a set in Star Wars collection, designed by thomin. This MOC 56226 comes with PDF instruction which is easy to build and find the missing pieces. The set contains 1266 pieces, first released in 2021.<\/p>\n<p style=\"text-align: left;\"><strong>JEGYZET:<\/strong><\/p>\n<ul style=\"text-align: center;\">\n<li style=\"text-align: left;\"><strong>Az egyes r\u00e9szek sz\u00edne nem egyezik a rajzelemek sz\u00edn\u00e9vel, ami a megjelen\u00e9st nem befoly\u00e1solja.<\/strong><\/li>\n<li style=\"text-align: left;\"><strong>K\u00e9rj\u00fck, k\u00f6r\u00fcltekint\u0151en v\u00e1s\u00e1roljon azok sz\u00e1m\u00e1ra, akiket nem \u00e9rdekel a hazai alkatr\u00e9szek pontoss\u00e1ga, sz\u00ednk\u00fcl\u00f6nbs\u00e9ge.<\/strong><\/li>\n<\/ul>\n<figure id=\"attachment_204959\" class=\"wp-caption aligncenter\" style=\"width: 800px;\" aria-describedby=\"caption-attachment-204959\"><figcaption id=\"caption-attachment-204959\" class=\"wp-caption-text\">MOC-56226 TIE \/ LN Starfighter UCS (v\u00e9kony pil\u00f3taf\u00fclke) Star Wars, thomin MOC FACTORY<\/figcaption><\/figure>\n<p>&nbsp;<\/p>\n<p>&nbsp;<\/p>\n<p>&nbsp;<\/p>","protected":false},"excerpt":{"rendered":"<ul>\n<li>Tartalmazza\u00a0<strong>1266+<\/strong>\u00a0db<\/li>\n<li>Online PDF oktat\u00e1s<\/li>\n<li>Kiv\u00e1l\u00f3 min\u0151s\u00e9g\u0171 ABS blokk<\/li>\n<li>Arrange time: 4-7 weeks<\/li>\n<\/ul>","protected":false},"featured_media":23857,"comment_status":"open","ping_status":"closed","template":"","meta":{"_acf_changed":false},"product_cat":[415],"product_tag":[],"class_list":["product","first","instock","shipping-taxable","purchasable","product-type-simple"],"acf":[],"_links":{"self":[{"href":"https:\/\/mouldking.store\/hu\/wp-json\/wp\/v2\/product\/23862","targetHints":{"allow":["GET"]}}],"collection":[{"href":"https:\/\/mouldking.store\/hu\/wp-json\/wp\/v2\/product"}],"about":[{"href":"https:\/\/mouldking.store\/hu\/wp-json\/wp\/v2\/types\/product"}],"replies":[{"embeddable":true,"href":"https:\/\/mouldking.store\/hu\/wp-json\/wp\/v2\/comments?post=23862"}],"wp:featuredmedia":[{"embeddable":true,"href":"https:\/\/mouldking.store\/hu\/wp-json\/wp\/v2\/media\/23857"}],"wp:attachment":[{"href":"https:\/\/mouldking.store\/hu\/wp-json\/wp\/v2\/media?parent=23862"}],"wp:term":[{"taxonomy":"product_cat","embeddable":true,"href":"https:\/\/mouldking.store\/hu\/wp-json\/wp\/v2\/product_cat?post=23862"},{"taxonomy":"product_tag","embeddable":true,"href":"https:\/\/mouldking.store\/hu\/wp-json\/wp\/v2\/product_tag?post=23862"}],"curies":[{"name":"wp","href":"https:\/\/api.w.org\/{rel}","templated":true}]}}