{"id":23900,"date":"2021-10-10T05:05:34","date_gmt":"2021-10-10T05:05:34","guid":{"rendered":"https:\/\/mouldking.store\/shop\/moc-21824-gbc-ball-conveyor-vol-7-creator-by-c3technic-moc-factory\/"},"modified":"2025-12-25T09:20:19","modified_gmt":"2025-12-25T02:20:19","slug":"moc-21824-gbc-ball-conveyor-vol-7-creator-by-c3technic-moc-factory","status":"publish","type":"product","link":"https:\/\/mouldking.store\/hu\/shop\/moc-21824-gbc-ball-conveyor-vol-7-creator-by-c3technic-moc-factory\/","title":{"rendered":"MOC-21824 GBC Ball Conveyor Vol 7 Creator, C3technic MOC FACTORY"},"content":{"rendered":"<p style=\"text-align: left\">MOC-21824 GBC Ball Conveyor Vol 7 Creator by C3technic MOC FACTOR is a set in Creator collection, designed by C3technic. This MOC 21824 comes with PDF instruction which is easy to build and find the missing pieces. The set contains 1126 pieces, first released in 2021.<\/p>\n<p style=\"text-align: left\"><strong>JEGYZET:<\/strong><\/p>\n<ul style=\"text-align: center\">\n<li style=\"text-align: left\"><strong>Az egyes r\u00e9szek sz\u00edne nem egyezik a rajzelemek sz\u00edn\u00e9vel, ami a megjelen\u00e9st nem befoly\u00e1solja.<\/strong><\/li>\n<li style=\"text-align: left\"><strong>K\u00e9rj\u00fck, k\u00f6r\u00fcltekint\u0151en v\u00e1s\u00e1roljon azok sz\u00e1m\u00e1ra, akiket nem \u00e9rdekel a hazai alkatr\u00e9szek pontoss\u00e1ga, sz\u00ednk\u00fcl\u00f6nbs\u00e9ge.<\/strong><\/li>\n<\/ul>\n<figure id=\"attachment_205077\" aria-describedby=\"caption-attachment-205077\" style=\"width: 800px\" class=\"wp-caption aligncenter\"><a href=\"https:\/\/pay.lpwstore.com\/wp-content\/uploads\/2021\/04\/MOC-21824-GBC-Ball-Conveyor-Vol-7-Creator-by-C3technic-MOC-FACTOR.jpg\" target=\"_blank\" rel=\"noopener\"><img fetchpriority=\"high\" decoding=\"async\" class=\"wp-image-205077 size-full\" title=\"MOC-21824 GBC Ball Conveyor Vol 7 Creator, C3technic MOC FACTORY\" src=\"https:\/\/pay.lpwstore.com\/wp-content\/uploads\/2021\/04\/MOC-21824-GBC-Ball-Conveyor-Vol-7-Creator-by-C3technic-MOC-FACTOR.jpg\" alt=\"MOC-21824 GBC Ball Conveyor Vol 7 Creator by C3technic MOC FACTORY\" width=\"800\" height=\"800\" \/><\/a><figcaption id=\"caption-attachment-205077\" class=\"wp-caption-text\">MOC-21824 GBC Ball Conveyor Vol 7 Creator, C3technic MOC FACTORY<\/figcaption><\/figure>\n<p><img decoding=\"async\" class=\"alignnone size-full wp-image-205078 aligncenter\" src=\"https:\/\/pay.lpwstore.com\/wp-content\/uploads\/2021\/04\/MOC-21824-GBC-Ball-Conveyor-Vol-7-Creator-by-C3technic-MOC-FACTOR-2.jpg\" alt=\"MOC-21824-GBC-Ball-Conveyor-Vol-7-Creator-by-C3technic-MOC-FACTOR-2\" width=\"800\" height=\"800\" title=\"-\"><\/p>","protected":false},"excerpt":{"rendered":"<ul>\n<li>Tartalmazza\u00a0<strong>1126+<\/strong>\u00a0db<\/li>\n<li>Online PDF oktat\u00e1s<\/li>\n<li>Kiv\u00e1l\u00f3 min\u0151s\u00e9g\u0171 ABS blokk<\/li>\n<\/ul>","protected":false},"featured_media":23898,"comment_status":"open","ping_status":"closed","template":"","meta":{"_acf_changed":false},"product_cat":[371],"product_tag":[],"class_list":["product","first","outofstock","shipping-taxable","purchasable","product-type-simple"],"acf":[],"_links":{"self":[{"href":"https:\/\/mouldking.store\/hu\/wp-json\/wp\/v2\/product\/23900","targetHints":{"allow":["GET"]}}],"collection":[{"href":"https:\/\/mouldking.store\/hu\/wp-json\/wp\/v2\/product"}],"about":[{"href":"https:\/\/mouldking.store\/hu\/wp-json\/wp\/v2\/types\/product"}],"replies":[{"embeddable":true,"href":"https:\/\/mouldking.store\/hu\/wp-json\/wp\/v2\/comments?post=23900"}],"wp:featuredmedia":[{"embeddable":true,"href":"https:\/\/mouldking.store\/hu\/wp-json\/wp\/v2\/media\/23898"}],"wp:attachment":[{"href":"https:\/\/mouldking.store\/hu\/wp-json\/wp\/v2\/media?parent=23900"}],"wp:term":[{"taxonomy":"product_cat","embeddable":true,"href":"https:\/\/mouldking.store\/hu\/wp-json\/wp\/v2\/product_cat?post=23900"},{"taxonomy":"product_tag","embeddable":true,"href":"https:\/\/mouldking.store\/hu\/wp-json\/wp\/v2\/product_tag?post=23900"}],"curies":[{"name":"wp","href":"https:\/\/api.w.org\/{rel}","templated":true}]}}