{"id":23943,"date":"2021-10-10T05:05:47","date_gmt":"2021-10-10T05:05:47","guid":{"rendered":"https:\/\/mouldking.store\/shop\/moc-90120-ewok-brickheadz-wicket-star-wars-moc-factory\/"},"modified":"2025-12-25T09:20:08","modified_gmt":"2025-12-25T02:20:08","slug":"moc-90120-ewok-brickheadz-wicket-star-wars-moc-factory","status":"publish","type":"product","link":"https:\/\/mouldking.store\/hu\/shop\/moc-90120-ewok-brickheadz-wicket-star-wars-moc-factory\/","title":{"rendered":"MOC-90120 Ewok Brickheadz-Wicket Star Wars MOC FACTORY"},"content":{"rendered":"<p style=\"text-align: left\">MOC-90120 Ewok Brickheadz-Wicket Star Wars MOC FACTORY is a set in Star Wars collection. This MOC 90120 comes with PDF instruction which is easy to build and find the missing pieces. The set contains 157 pieces, first released in 2021.<\/p>\n<p data-wp-editing=\"1\"><img fetchpriority=\"high\" decoding=\"async\" class=\"alignnone size-full wp-image-205137 aligncenter\" src=\"https:\/\/pay.lpwstore.com\/wp-content\/uploads\/2021\/04\/MOC-90120-Ewok-Brickheadz-Wicket-Star-Wars-MOC-FACTORY.jpg\" alt=\"MOC-90120-Ewok-Brickheadz-Wicket-Star-Wars-MOC-FACTORY\" width=\"800\" height=\"800\" title=\"-\"> <img decoding=\"async\" class=\"alignnone size-full wp-image-205138 aligncenter\" src=\"https:\/\/pay.lpwstore.com\/wp-content\/uploads\/2021\/04\/MOC-90120-Ewok-Brickheadz-Wicket-Star-Wars-MOC-FACTORY-2.jpg\" alt=\"MOC-90120-Ewok-Brickheadz-Wicket-Star-Wars-MOC-FACTORY-2\" width=\"800\" height=\"800\" title=\"-\"><\/p>","protected":false},"excerpt":{"rendered":"<ul>\n<li>Tartalmazza<strong> 157+<\/strong>\u00a0db<\/li>\n<li>Online PDF oktat\u00e1s<\/li>\n<li>Kiv\u00e1l\u00f3 min\u0151s\u00e9g\u0171 ABS blokk<\/li>\n<li>Dimensions: 5 x 5 x 7 cm<\/li>\n<\/ul>","protected":false},"featured_media":23941,"comment_status":"open","ping_status":"closed","template":"","meta":{"_acf_changed":false},"product_cat":[415],"product_tag":[],"class_list":["product","first","instock","shipping-taxable","purchasable","product-type-simple"],"acf":[],"_links":{"self":[{"href":"https:\/\/mouldking.store\/hu\/wp-json\/wp\/v2\/product\/23943","targetHints":{"allow":["GET"]}}],"collection":[{"href":"https:\/\/mouldking.store\/hu\/wp-json\/wp\/v2\/product"}],"about":[{"href":"https:\/\/mouldking.store\/hu\/wp-json\/wp\/v2\/types\/product"}],"replies":[{"embeddable":true,"href":"https:\/\/mouldking.store\/hu\/wp-json\/wp\/v2\/comments?post=23943"}],"wp:featuredmedia":[{"embeddable":true,"href":"https:\/\/mouldking.store\/hu\/wp-json\/wp\/v2\/media\/23941"}],"wp:attachment":[{"href":"https:\/\/mouldking.store\/hu\/wp-json\/wp\/v2\/media?parent=23943"}],"wp:term":[{"taxonomy":"product_cat","embeddable":true,"href":"https:\/\/mouldking.store\/hu\/wp-json\/wp\/v2\/product_cat?post=23943"},{"taxonomy":"product_tag","embeddable":true,"href":"https:\/\/mouldking.store\/hu\/wp-json\/wp\/v2\/product_tag?post=23943"}],"curies":[{"name":"wp","href":"https:\/\/api.w.org\/{rel}","templated":true}]}}