{"id":23950,"date":"2021-10-10T05:05:51","date_gmt":"2021-10-10T05:05:51","guid":{"rendered":"https:\/\/mouldking.store\/shop\/moc-90122-gundam-pixel-art-movie-moc-factory\/"},"modified":"2025-12-25T09:20:08","modified_gmt":"2025-12-25T02:20:08","slug":"moc-90122-gundam-pixel-art-movie-moc-factory","status":"publish","type":"product","link":"https:\/\/mouldking.store\/hu\/shop\/moc-90122-gundam-pixel-art-movie-moc-factory\/","title":{"rendered":"MOC-90122 GUNDAM Pixel Art Movie MOC FACTORY"},"content":{"rendered":"<p style=\"text-align: center\">A MOC-90122 GUNDAM Pixel Art Movie A MOC FACTORY a Movie kollekci\u00f3 k\u00e9szlete. Ehhez a MOC 90122-hez PDF utas\u00edt\u00e1sok tartoznak, amelyeket k\u00f6nny\u0171 \u00f6ssze\u00e1ll\u00edtani \u00e9s megtal\u00e1lni a hi\u00e1nyz\u00f3 darabokat. A k\u00e9szlet 2304 darabot tartalmaz, el\u0151sz\u00f6r 2021-ben adt\u00e1k ki.<\/p>\n<figure id=\"attachment_205194\" aria-describedby=\"caption-attachment-205194\" style=\"width: 800px\" class=\"wp-caption aligncenter\"><a href=\"https:\/\/pay.lpwstore.com\/wp-content\/uploads\/2021\/04\/MOC-90122-GUNDAM-Pixel-Art-Movie-MOC-FACTORY.jpg\" target=\"_blank\" rel=\"noopener\"><img fetchpriority=\"high\" decoding=\"async\" class=\"wp-image-205194 size-full\" title=\"MOC-90122 GUNDAM Pixel Art Movie MOC FACTORY\" src=\"https:\/\/pay.lpwstore.com\/wp-content\/uploads\/2021\/04\/MOC-90122-GUNDAM-Pixel-Art-Movie-MOC-FACTORY.jpg\" alt=\"MOC-90122 GUNDAM Pixel Art Movie MOC FACTORY\" width=\"800\" height=\"800\" \/><\/a><figcaption id=\"caption-attachment-205194\" class=\"wp-caption-text\">MOC-90122 GUNDAM Pixel Art Movie MOC FACTORY<\/figcaption><\/figure>\n<p><img decoding=\"async\" class=\"alignnone size-full wp-image-205195 aligncenter\" src=\"https:\/\/pay.lpwstore.com\/wp-content\/uploads\/2021\/04\/MOC-90122-GUNDAM-Pixel-Art-Movie-MOC-FACTORY-2.jpg\" alt=\"MOC-90122-GUNDAM-Pixel-Art-Movie-MOC-FACTORY-2\" width=\"800\" height=\"800\" title=\"-\"><\/p>","protected":false},"excerpt":{"rendered":"<ul>\n<li>Tartalmazza\u00a0<strong>2304+<\/strong>\u00a0db<\/li>\n<li>Online PDF oktat\u00e1s<\/li>\n<li>Kiv\u00e1l\u00f3 min\u0151s\u00e9g\u0171 ABS blokk<\/li>\n<li>M\u00e9retek: 38,4 x 38,4 x 0,67 cm<\/li>\n<\/ul>","protected":false},"featured_media":23948,"comment_status":"open","ping_status":"closed","template":"","meta":{"_acf_changed":false},"product_cat":[581],"product_tag":[],"class_list":["product","first","outofstock","shipping-taxable","purchasable","product-type-simple"],"acf":[],"_links":{"self":[{"href":"https:\/\/mouldking.store\/hu\/wp-json\/wp\/v2\/product\/23950","targetHints":{"allow":["GET"]}}],"collection":[{"href":"https:\/\/mouldking.store\/hu\/wp-json\/wp\/v2\/product"}],"about":[{"href":"https:\/\/mouldking.store\/hu\/wp-json\/wp\/v2\/types\/product"}],"replies":[{"embeddable":true,"href":"https:\/\/mouldking.store\/hu\/wp-json\/wp\/v2\/comments?post=23950"}],"wp:featuredmedia":[{"embeddable":true,"href":"https:\/\/mouldking.store\/hu\/wp-json\/wp\/v2\/media\/23948"}],"wp:attachment":[{"href":"https:\/\/mouldking.store\/hu\/wp-json\/wp\/v2\/media?parent=23950"}],"wp:term":[{"taxonomy":"product_cat","embeddable":true,"href":"https:\/\/mouldking.store\/hu\/wp-json\/wp\/v2\/product_cat?post=23950"},{"taxonomy":"product_tag","embeddable":true,"href":"https:\/\/mouldking.store\/hu\/wp-json\/wp\/v2\/product_tag?post=23950"}],"curies":[{"name":"wp","href":"https:\/\/api.w.org\/{rel}","templated":true}]}}