{"id":24003,"date":"2021-10-10T05:06:06","date_gmt":"2021-10-10T05:06:06","guid":{"rendered":"https:\/\/mouldking.store\/shop\/moc-factory-88024-the-legendary-flower-fruit-mountain-monkey-kid\/"},"modified":"2025-12-25T09:20:06","modified_gmt":"2025-12-25T02:20:06","slug":"moc-factory-88024-the-legendary-flower-fruit-mountain-monkey-kid","status":"publish","type":"product","link":"https:\/\/mouldking.store\/hu\/shop\/moc-factory-88024-the-legendary-flower-fruit-mountain-monkey-kid\/","title":{"rendered":"MOC FACTORY 88024 The Legendary Flower Fruit Mountain Monkey Kid"},"content":{"rendered":"<p style=\"text-align: left\">MOC FACTORY 88024 The Legendary Flower Fruit Mountain Monkey Kid belongs to the Creative Variety series building block set, the whole set contains 1949 building block particles. First released in 2021.<\/p>\n<figure id=\"attachment_205277\" aria-describedby=\"caption-attachment-205277\" style=\"width: 800px\" class=\"wp-caption aligncenter\"><a href=\"https:\/\/pay.lpwstore.com\/wp-content\/uploads\/2021\/04\/MOC-FACTORY-88024-The-Legendary-Flower-Fruit-Mountain-Monkey-Kid.jpg\" target=\"_blank\" rel=\"noopener\"><img fetchpriority=\"high\" decoding=\"async\" class=\"wp-image-205277 size-full\" title=\"MOC FACTORY 88024 The Legendary Flower Fruit Mountain Monkey Kid\" src=\"https:\/\/pay.lpwstore.com\/wp-content\/uploads\/2021\/04\/MOC-FACTORY-88024-The-Legendary-Flower-Fruit-Mountain-Monkey-Kid.jpg\" alt=\"MOC FACTORY 88024 The Legendary Flower Fruit Mountain Monkey Kid\" width=\"800\" height=\"800\" \/><\/a><figcaption id=\"caption-attachment-205277\" class=\"wp-caption-text\">MOC FACTORY 88024 The Legendary Flower Fruit Mountain Monkey Kid<\/figcaption><\/figure>\n<p><img decoding=\"async\" class=\"alignnone size-full wp-image-205278 aligncenter\" src=\"https:\/\/pay.lpwstore.com\/wp-content\/uploads\/2021\/04\/MOC-FACTORY-88024-The-Legendary-Flower-Fruit-Mountain-Monkey-Kid-2.jpg\" alt=\"-\" width=\"800\" height=\"800\" title=\"-\"> <img decoding=\"async\" class=\"alignnone size-full wp-image-205279 aligncenter\" src=\"https:\/\/pay.lpwstore.com\/wp-content\/uploads\/2021\/04\/MOC-FACTORY-88024-The-Legendary-Flower-Fruit-Mountain-Monkey-Kid-3.jpg\" alt=\"-\" width=\"800\" height=\"800\" title=\"-\"> <img loading=\"lazy\" decoding=\"async\" class=\"alignnone size-full wp-image-205280 aligncenter\" src=\"https:\/\/pay.lpwstore.com\/wp-content\/uploads\/2021\/04\/MOC-FACTORY-88024-The-Legendary-Flower-Fruit-Mountain-Monkey-Kid-4.jpg\" alt=\"-\" width=\"800\" height=\"800\" title=\"-\"> <img loading=\"lazy\" decoding=\"async\" class=\"alignnone size-full wp-image-205281 aligncenter\" src=\"https:\/\/pay.lpwstore.com\/wp-content\/uploads\/2021\/04\/MOC-FACTORY-88024-The-Legendary-Flower-Fruit-Mountain-Monkey-Kid-5.jpg\" alt=\"-\" width=\"800\" height=\"800\" title=\"-\"> <img loading=\"lazy\" decoding=\"async\" class=\"alignnone size-full wp-image-205282 aligncenter\" src=\"https:\/\/pay.lpwstore.com\/wp-content\/uploads\/2021\/04\/MOC-FACTORY-88024-The-Legendary-Flower-Fruit-Mountain-Monkey-Kid-6.jpg\" alt=\"-\" width=\"800\" height=\"800\" title=\"-\"> <img loading=\"lazy\" decoding=\"async\" class=\"alignnone size-full wp-image-205283 aligncenter\" src=\"https:\/\/pay.lpwstore.com\/wp-content\/uploads\/2021\/04\/MOC-FACTORY-88024-The-Legendary-Flower-Fruit-Mountain-Monkey-Kid-7.jpg\" alt=\"-\" width=\"800\" height=\"800\" title=\"-\"> <img loading=\"lazy\" decoding=\"async\" class=\"alignnone size-full wp-image-205284 aligncenter\" src=\"https:\/\/pay.lpwstore.com\/wp-content\/uploads\/2021\/04\/MOC-FACTORY-88024-The-Legendary-Flower-Fruit-Mountain-Monkey-Kid-8.jpg\" alt=\"-\" width=\"800\" height=\"800\" title=\"-\"> <img loading=\"lazy\" decoding=\"async\" class=\"alignnone size-full wp-image-205285 aligncenter\" src=\"https:\/\/pay.lpwstore.com\/wp-content\/uploads\/2021\/04\/MOC-FACTORY-88024-The-Legendary-Flower-Fruit-Mountain-Monkey-Kid-9.jpg\" alt=\"-\" width=\"800\" height=\"800\" title=\"-\"> <img loading=\"lazy\" decoding=\"async\" class=\"alignnone size-full wp-image-205286 aligncenter\" src=\"https:\/\/pay.lpwstore.com\/wp-content\/uploads\/2021\/04\/MOC-FACTORY-88024-The-Legendary-Flower-Fruit-Mountain-Monkey-Kid-10.jpg\" alt=\"-\" width=\"800\" height=\"800\" title=\"-\"> <img loading=\"lazy\" decoding=\"async\" class=\"alignnone size-full wp-image-205287 aligncenter\" src=\"https:\/\/pay.lpwstore.com\/wp-content\/uploads\/2021\/04\/MOC-FACTORY-88024-The-Legendary-Flower-Fruit-Mountain-Monkey-Kid-11.jpg\" alt=\"-\" width=\"800\" height=\"800\" title=\"-\"> <img loading=\"lazy\" decoding=\"async\" class=\"alignnone size-full wp-image-205288 aligncenter\" src=\"https:\/\/pay.lpwstore.com\/wp-content\/uploads\/2021\/04\/MOC-FACTORY-88024-The-Legendary-Flower-Fruit-Mountain-Monkey-Kid-12.jpg\" alt=\"-\" width=\"800\" height=\"800\" title=\"-\"><\/p>","protected":false},"excerpt":{"rendered":"<ul>\n<li>Tartalmazza <strong>1949+<\/strong> db<\/li>\n<li>K\u00e9zi haszn\u00e1lati \u00fatmutat\u00f3<\/li>\n<li>Kiv\u00e1l\u00f3 min\u0151s\u00e9g\u0171 ABS blokk<\/li>\n<li>Eredeti doboza nincs<\/li>\n<\/ul>","protected":false},"featured_media":23991,"comment_status":"open","ping_status":"closed","template":"","meta":{"_acf_changed":false},"product_cat":[15],"product_tag":[],"class_list":["product","first","instock","shipping-taxable","purchasable","product-type-simple"],"acf":[],"_links":{"self":[{"href":"https:\/\/mouldking.store\/hu\/wp-json\/wp\/v2\/product\/24003","targetHints":{"allow":["GET"]}}],"collection":[{"href":"https:\/\/mouldking.store\/hu\/wp-json\/wp\/v2\/product"}],"about":[{"href":"https:\/\/mouldking.store\/hu\/wp-json\/wp\/v2\/types\/product"}],"replies":[{"embeddable":true,"href":"https:\/\/mouldking.store\/hu\/wp-json\/wp\/v2\/comments?post=24003"}],"wp:featuredmedia":[{"embeddable":true,"href":"https:\/\/mouldking.store\/hu\/wp-json\/wp\/v2\/media\/23991"}],"wp:attachment":[{"href":"https:\/\/mouldking.store\/hu\/wp-json\/wp\/v2\/media?parent=24003"}],"wp:term":[{"taxonomy":"product_cat","embeddable":true,"href":"https:\/\/mouldking.store\/hu\/wp-json\/wp\/v2\/product_cat?post=24003"},{"taxonomy":"product_tag","embeddable":true,"href":"https:\/\/mouldking.store\/hu\/wp-json\/wp\/v2\/product_tag?post=24003"}],"curies":[{"name":"wp","href":"https:\/\/api.w.org\/{rel}","templated":true}]}}