{"id":24132,"date":"2021-10-10T05:08:49","date_gmt":"2021-10-09T22:08:49","guid":{"rendered":"https:\/\/mouldking.store\/shop\/moc-56740-krykna-the-ice-spider-from-the-mandalorian-version-2-star-wars-by-thomin-moc-factory\/"},"modified":"2025-12-25T09:20:00","modified_gmt":"2025-12-25T02:20:00","slug":"moc-56740-krykna-the-ice-spider-from-the-mandalorian-version-2-star-wars-by-thomin-moc-factory","status":"publish","type":"product","link":"https:\/\/mouldking.store\/hu\/shop\/moc-56740-krykna-the-ice-spider-from-the-mandalorian-version-2-star-wars-by-thomin-moc-factory\/","title":{"rendered":"MOC-56740 Krykna &#8211; The ice spider from &#8220;The Mandalorian&#8221; &#8211; Version 2 Star Wars by thomin MOC FACTORY"},"content":{"rendered":"<p style=\"text-align: left\">MOC-56740 Krykna &#8211; The ice spider from &#8220;The Mandalorian&#8221; &#8211; Version 2 Star Wars by thomin MOC FACTORY is a set in Star Wars collection, designed by thomin. This MOC 56740 comes with PDF instruction which is easy to build and find the missing pieces. The set contains 462 pieces, first released in 2021.<\/p>\n<figure id=\"attachment_205619\" aria-describedby=\"caption-attachment-205619\" style=\"width: 800px\" class=\"wp-caption aligncenter\"><a href=\"https:\/\/pay.lpwstore.com\/wp-content\/uploads\/2021\/04\/MOC-56740.jpg\" target=\"_blank\" rel=\"noopener\"><img fetchpriority=\"high\" decoding=\"async\" class=\"wp-image-205619 size-full\" title=\"MOC-56740 Krykna - The ice spider from &quot;The Mandalorian&quot; - Version 2 Star Wars by thomin MOC FACTORY\" src=\"https:\/\/pay.lpwstore.com\/wp-content\/uploads\/2021\/04\/MOC-56740.jpg\" alt=\"MOC-56740 Krykna - The ice spider from &quot;The Mandalorian&quot; - Version 2 Star Wars by thomin MOC FACTORY\" width=\"800\" height=\"800\" \/><\/a><figcaption id=\"caption-attachment-205619\" class=\"wp-caption-text\">MOC-56740 Krykna &#8211; The ice spider from &#8220;The Mandalorian&#8221; &#8211; Version 2 Star Wars by thomin MOC FACTORY<\/figcaption><\/figure>\n<p><img decoding=\"async\" class=\"alignnone size-full wp-image-205620 aligncenter\" src=\"https:\/\/pay.lpwstore.com\/wp-content\/uploads\/2021\/04\/MOC-56740-v2.jpg\" alt=\"-\" width=\"800\" height=\"800\" title=\"-\"> <img decoding=\"async\" class=\"alignnone size-full wp-image-205621 aligncenter\" src=\"https:\/\/pay.lpwstore.com\/wp-content\/uploads\/2021\/04\/MOC-56740-v3.jpg\" alt=\"-\" width=\"800\" height=\"800\" title=\"-\"> <img loading=\"lazy\" decoding=\"async\" class=\"alignnone size-full wp-image-205622 aligncenter\" src=\"https:\/\/pay.lpwstore.com\/wp-content\/uploads\/2021\/04\/MOC-56740-v4.jpg\" alt=\"-\" width=\"800\" height=\"800\" title=\"-\"><\/p>","protected":false},"excerpt":{"rendered":"<ul>\n<li>Tartalmazza\u00a0<strong>462+<\/strong>\u00a0db<\/li>\n<li>Online PDF oktat\u00e1s<\/li>\n<li>Kiv\u00e1l\u00f3 min\u0151s\u00e9g\u0171 ABS blokk<\/li>\n<li>Dimensions: 30 x 26 x 14 cm<\/li>\n<\/ul>","protected":false},"featured_media":24128,"comment_status":"open","ping_status":"closed","template":"","meta":{"_acf_changed":false},"product_cat":[415],"product_tag":[],"class_list":["product","first","instock","shipping-taxable","purchasable","product-type-simple"],"acf":[],"_links":{"self":[{"href":"https:\/\/mouldking.store\/hu\/wp-json\/wp\/v2\/product\/24132","targetHints":{"allow":["GET"]}}],"collection":[{"href":"https:\/\/mouldking.store\/hu\/wp-json\/wp\/v2\/product"}],"about":[{"href":"https:\/\/mouldking.store\/hu\/wp-json\/wp\/v2\/types\/product"}],"replies":[{"embeddable":true,"href":"https:\/\/mouldking.store\/hu\/wp-json\/wp\/v2\/comments?post=24132"}],"wp:featuredmedia":[{"embeddable":true,"href":"https:\/\/mouldking.store\/hu\/wp-json\/wp\/v2\/media\/24128"}],"wp:attachment":[{"href":"https:\/\/mouldking.store\/hu\/wp-json\/wp\/v2\/media?parent=24132"}],"wp:term":[{"taxonomy":"product_cat","embeddable":true,"href":"https:\/\/mouldking.store\/hu\/wp-json\/wp\/v2\/product_cat?post=24132"},{"taxonomy":"product_tag","embeddable":true,"href":"https:\/\/mouldking.store\/hu\/wp-json\/wp\/v2\/product_tag?post=24132"}],"curies":[{"name":"wp","href":"https:\/\/api.w.org\/{rel}","templated":true}]}}