{"id":24134,"date":"2021-10-10T05:08:49","date_gmt":"2021-10-09T22:08:49","guid":{"rendered":"https:\/\/mouldking.store\/shop\/moc-65278-tiny-bonsai-tree-creator-by-miro-moc-factory\/"},"modified":"2025-12-25T09:20:00","modified_gmt":"2025-12-25T02:20:00","slug":"moc-65278-tiny-bonsai-tree-creator-by-miro-moc-factory","status":"publish","type":"product","link":"https:\/\/mouldking.store\/hu\/shop\/moc-65278-tiny-bonsai-tree-creator-by-miro-moc-factory\/","title":{"rendered":"MOC-65278 Tiny Bonsai Tree Creator, Miro MOC FACTORY"},"content":{"rendered":"<p>MOC-65278 Tiny Bonsai Tree Creator by Miro MOC FACTORY is a set in Creator collection, designed by Miro. This MOC 65278 comes with PDF instruction which is easy to build and find the missing pieces. The set contains 54 pieces, first released in 2021.<\/p>\n<figure id=\"attachment_205624\" aria-describedby=\"caption-attachment-205624\" style=\"width: 800px\" class=\"wp-caption aligncenter\"><a href=\"https:\/\/pay.lpwstore.com\/wp-content\/uploads\/2021\/04\/MOC-65278-Tiny-Bonsai-Tree-Creator-by-Miro-MOC-FACTORY.jpg\" target=\"_blank\" rel=\"noopener\"><img fetchpriority=\"high\" decoding=\"async\" class=\"wp-image-205624 size-full\" title=\"MOC-65278 Tiny Bonsai Tree Creator, Miro MOC FACTORY\" src=\"https:\/\/pay.lpwstore.com\/wp-content\/uploads\/2021\/04\/MOC-65278-Tiny-Bonsai-Tree-Creator-by-Miro-MOC-FACTORY.jpg\" alt=\"MOC-65278 Tiny Bonsai Tree Creator by Miro MOC FACTORY\" width=\"800\" height=\"800\" \/><\/a><figcaption id=\"caption-attachment-205624\" class=\"wp-caption-text\">MOC-65278 Tiny Bonsai Tree Creator, Miro MOC FACTORY<\/figcaption><\/figure>","protected":false},"excerpt":{"rendered":"<ul>\n<li>Tartalmazza\u00a0<strong>54+<\/strong>\u00a0db<\/li>\n<li>Online PDF oktat\u00e1s<\/li>\n<li>Kiv\u00e1l\u00f3 min\u0151s\u00e9g\u0171 ABS blokk<\/li>\n<li>Dimensions: 8.8 x 5 x 5.6 cm<\/li>\n<\/ul>","protected":false},"featured_media":24133,"comment_status":"open","ping_status":"closed","template":"","meta":{"_acf_changed":false},"product_cat":[371],"product_tag":[],"class_list":["product","first","instock","shipping-taxable","purchasable","product-type-simple"],"acf":[],"_links":{"self":[{"href":"https:\/\/mouldking.store\/hu\/wp-json\/wp\/v2\/product\/24134","targetHints":{"allow":["GET"]}}],"collection":[{"href":"https:\/\/mouldking.store\/hu\/wp-json\/wp\/v2\/product"}],"about":[{"href":"https:\/\/mouldking.store\/hu\/wp-json\/wp\/v2\/types\/product"}],"replies":[{"embeddable":true,"href":"https:\/\/mouldking.store\/hu\/wp-json\/wp\/v2\/comments?post=24134"}],"wp:featuredmedia":[{"embeddable":true,"href":"https:\/\/mouldking.store\/hu\/wp-json\/wp\/v2\/media\/24133"}],"wp:attachment":[{"href":"https:\/\/mouldking.store\/hu\/wp-json\/wp\/v2\/media?parent=24134"}],"wp:term":[{"taxonomy":"product_cat","embeddable":true,"href":"https:\/\/mouldking.store\/hu\/wp-json\/wp\/v2\/product_cat?post=24134"},{"taxonomy":"product_tag","embeddable":true,"href":"https:\/\/mouldking.store\/hu\/wp-json\/wp\/v2\/product_tag?post=24134"}],"curies":[{"name":"wp","href":"https:\/\/api.w.org\/{rel}","templated":true}]}}