{"id":24165,"date":"2021-10-10T05:08:59","date_gmt":"2021-10-09T22:08:59","guid":{"rendered":"https:\/\/mouldking.store\/shop\/moc-65731-probe-droid-minifigure-scale-star-wars-by-lupowhite-moc-factory\/"},"modified":"2025-12-25T09:19:59","modified_gmt":"2025-12-25T02:19:59","slug":"moc-65731-probe-droid-minifigure-scale-star-wars-by-lupowhite-moc-factory","status":"publish","type":"product","link":"https:\/\/mouldking.store\/hu\/shop\/moc-65731-probe-droid-minifigure-scale-star-wars-by-lupowhite-moc-factory\/","title":{"rendered":"MOC-65731 szonda droid minifigura m\u00e9retar\u00e1ny Star Wars, Lupowhite MOC FACTORY"},"content":{"rendered":"<p>MOC-65731 Probe Droid Minifigure Scale Star Wars by Lupowhite MOC FACTORY is a set in Star Wars collection, designed by Lupowhite. This MOC 65731 comes with PDF instruction which is easy to build and find the missing pieces. The set contains 59 pieces, first released in 2021.<\/p>\n<figure id=\"attachment_205815\" aria-describedby=\"caption-attachment-205815\" style=\"width: 800px\" class=\"wp-caption aligncenter\"><a href=\"https:\/\/pay.lpwstore.com\/wp-content\/uploads\/2021\/04\/MOC-65731-Probe-Droid-Minifigure-Scale-Star-Wars-by-Lupowhite-MOC-FACTORY.jpg\" target=\"_blank\" rel=\"noopener\"><img fetchpriority=\"high\" decoding=\"async\" class=\"wp-image-205815 size-full\" title=\"MOC-65731 szonda droid minifigura m\u00e9retar\u00e1ny Star Wars, Lupowhite MOC FACTORY\" src=\"https:\/\/pay.lpwstore.com\/wp-content\/uploads\/2021\/04\/MOC-65731-Probe-Droid-Minifigure-Scale-Star-Wars-by-Lupowhite-MOC-FACTORY.jpg\" alt=\"MOC-65731 Probe Droid Minifigure Scale Star Wars by Lupowhite MOC FACTORY\" width=\"800\" height=\"800\" \/><\/a><figcaption id=\"caption-attachment-205815\" class=\"wp-caption-text\">MOC-65731 szonda droid minifigura m\u00e9retar\u00e1ny Star Wars, Lupowhite MOC FACTORY<\/figcaption><\/figure>","protected":false},"excerpt":{"rendered":"<ul>\n<li>Tartalmazza\u00a0<strong>59+<\/strong>\u00a0db<\/li>\n<li>Online PDF oktat\u00e1s<\/li>\n<li>Kiv\u00e1l\u00f3 min\u0151s\u00e9g\u0171 ABS blokk<\/li>\n<li>Dimensions: 5 x 5 x 9 cm<\/li>\n<\/ul>","protected":false},"featured_media":24164,"comment_status":"open","ping_status":"closed","template":"","meta":{"_acf_changed":false},"product_cat":[415],"product_tag":[],"class_list":["product","first","outofstock","shipping-taxable","purchasable","product-type-simple"],"acf":[],"_links":{"self":[{"href":"https:\/\/mouldking.store\/hu\/wp-json\/wp\/v2\/product\/24165","targetHints":{"allow":["GET"]}}],"collection":[{"href":"https:\/\/mouldking.store\/hu\/wp-json\/wp\/v2\/product"}],"about":[{"href":"https:\/\/mouldking.store\/hu\/wp-json\/wp\/v2\/types\/product"}],"replies":[{"embeddable":true,"href":"https:\/\/mouldking.store\/hu\/wp-json\/wp\/v2\/comments?post=24165"}],"wp:featuredmedia":[{"embeddable":true,"href":"https:\/\/mouldking.store\/hu\/wp-json\/wp\/v2\/media\/24164"}],"wp:attachment":[{"href":"https:\/\/mouldking.store\/hu\/wp-json\/wp\/v2\/media?parent=24165"}],"wp:term":[{"taxonomy":"product_cat","embeddable":true,"href":"https:\/\/mouldking.store\/hu\/wp-json\/wp\/v2\/product_cat?post=24165"},{"taxonomy":"product_tag","embeddable":true,"href":"https:\/\/mouldking.store\/hu\/wp-json\/wp\/v2\/product_tag?post=24165"}],"curies":[{"name":"wp","href":"https:\/\/api.w.org\/{rel}","templated":true}]}}