{"id":24169,"date":"2021-10-10T05:09:00","date_gmt":"2021-10-10T05:09:00","guid":{"rendered":"https:\/\/mouldking.store\/shop\/moc-56063-moisture-vaporator-10-for-a-modular-tatooine-star-wars-by-gabizon-moc-factory\/"},"modified":"2025-12-25T09:19:59","modified_gmt":"2025-12-25T02:19:59","slug":"moc-56063-moisture-vaporator-10-for-a-modular-tatooine-star-wars-by-gabizon-moc-factory","status":"publish","type":"product","link":"https:\/\/mouldking.store\/hu\/shop\/moc-56063-moisture-vaporator-10-for-a-modular-tatooine-star-wars-by-gabizon-moc-factory\/","title":{"rendered":"MOC-56063 nedvess\u00e9gelp\u00e1rologtat\u00f3 #10 modul\u00e1ris Tatooine Star Warshoz, gabizon MOC FACTORY"},"content":{"rendered":"<p>MOC-56063 Moisture Vaporator #10 Modular Tatooine Star Warshoz, gabizon MOC FACTORY a gabizon \u00e1ltal tervezett Star Wars kollekci\u00f3 k\u00e9szlete. Ez a MOC 56063 PDF utas\u00edt\u00e1ssal \u00e9rkezik, amely k\u00f6nnyen \u00f6ssze\u00e1ll\u00edthat\u00f3 \u00e9s megtal\u00e1lhatja a hi\u00e1nyz\u00f3 darabokat. A k\u00e9szlet 166 darabot tartalmaz, el\u0151sz\u00f6r 2021-ben adt\u00e1k ki.<\/p>\n<figure id=\"attachment_205835\" aria-describedby=\"caption-attachment-205835\" style=\"width: 800px\" class=\"wp-caption aligncenter\"><a href=\"https:\/\/pay.lpwstore.com\/wp-content\/uploads\/2021\/04\/MOC-56063-Moisture-Vaporator-10-for-a-Modular-Tatooine-Star-Wars-by-gabizon-MOC-FACTORY.jpg\" target=\"_blank\" rel=\"noopener\"><img fetchpriority=\"high\" decoding=\"async\" class=\"wp-image-205835 size-full\" title=\"MOC-56063 Moisture Vaporator #10 Modular Tatooine Star Warshoz, gabizon MOC FACTORY a gabizon \u00e1ltal tervezett Star Wars kollekci\u00f3 k\u00e9szlete. Ez a MOC 56063 PDF utas\u00edt\u00e1ssal \u00e9rkezik, amely k\u00f6nnyen \u00f6ssze\u00e1ll\u00edthat\u00f3 \u00e9s megtal\u00e1lhatja a hi\u00e1nyz\u00f3 darabokat. A k\u00e9szlet 166 darabot tartalmaz, el\u0151sz\u00f6r 2021-ben adt\u00e1k ki.\" src=\"https:\/\/pay.lpwstore.com\/wp-content\/uploads\/2021\/04\/MOC-56063-Moisture-Vaporator-10-for-a-Modular-Tatooine-Star-Wars-by-gabizon-MOC-FACTORY.jpg\" alt=\"MOC-56063 Moisture Vaporator #10 for a Modular Tatooine Star Wars by gabizon MOC FACTORY is a set in Star Wars collection, designed by gabizon. This MOC 56063 comes with PDF instruction which is easy to build and find the missing pieces. The set contains 166 pieces, first released in 2021.\" width=\"800\" height=\"800\" \/><\/a><figcaption id=\"caption-attachment-205835\" class=\"wp-caption-text\">MOC-56063 Moisture Vaporator #10 Modular Tatooine Star Warshoz, gabizon MOC FACTORY a gabizon \u00e1ltal tervezett Star Wars kollekci\u00f3 k\u00e9szlete. Ez a MOC 56063 PDF utas\u00edt\u00e1ssal \u00e9rkezik, amely k\u00f6nnyen \u00f6ssze\u00e1ll\u00edthat\u00f3 \u00e9s megtal\u00e1lhatja a hi\u00e1nyz\u00f3 darabokat. A k\u00e9szlet 166 darabot tartalmaz, el\u0151sz\u00f6r 2021-ben adt\u00e1k ki.<\/figcaption><\/figure>","protected":false},"excerpt":{"rendered":"<ul>\n<li>Tartalmazza\u00a0<strong>166+<\/strong>\u00a0db<\/li>\n<li>Online PDF oktat\u00e1s<\/li>\n<li>Kiv\u00e1l\u00f3 min\u0151s\u00e9g\u0171 ABS blokk<\/li>\n<li>M\u00e9retek: 13 x 13 x 16 cm<\/li>\n<\/ul>","protected":false},"featured_media":24168,"comment_status":"open","ping_status":"closed","template":"","meta":{"_acf_changed":false},"product_cat":[415],"product_tag":[],"class_list":["product","first","instock","shipping-taxable","purchasable","product-type-simple"],"acf":[],"_links":{"self":[{"href":"https:\/\/mouldking.store\/hu\/wp-json\/wp\/v2\/product\/24169","targetHints":{"allow":["GET"]}}],"collection":[{"href":"https:\/\/mouldking.store\/hu\/wp-json\/wp\/v2\/product"}],"about":[{"href":"https:\/\/mouldking.store\/hu\/wp-json\/wp\/v2\/types\/product"}],"replies":[{"embeddable":true,"href":"https:\/\/mouldking.store\/hu\/wp-json\/wp\/v2\/comments?post=24169"}],"wp:featuredmedia":[{"embeddable":true,"href":"https:\/\/mouldking.store\/hu\/wp-json\/wp\/v2\/media\/24168"}],"wp:attachment":[{"href":"https:\/\/mouldking.store\/hu\/wp-json\/wp\/v2\/media?parent=24169"}],"wp:term":[{"taxonomy":"product_cat","embeddable":true,"href":"https:\/\/mouldking.store\/hu\/wp-json\/wp\/v2\/product_cat?post=24169"},{"taxonomy":"product_tag","embeddable":true,"href":"https:\/\/mouldking.store\/hu\/wp-json\/wp\/v2\/product_tag?post=24169"}],"curies":[{"name":"wp","href":"https:\/\/api.w.org\/{rel}","templated":true}]}}