{"id":24217,"date":"2021-10-10T05:09:18","date_gmt":"2021-10-10T05:09:18","guid":{"rendered":"https:\/\/mouldking.store\/shop\/moc-factory-8902-bricks-artwork-creator-4-in-1-golden-lion-snake\/"},"modified":"2025-12-25T09:19:52","modified_gmt":"2025-12-25T02:19:52","slug":"moc-factory-8902-bricks-artwork-creator-4-in-1-golden-lion-snake","status":"publish","type":"product","link":"https:\/\/mouldking.store\/hu\/shop\/moc-factory-8902-bricks-artwork-creator-4-in-1-golden-lion-snake\/","title":{"rendered":"MOC FACTORY 8902 Bricks Artwork Creator 4 in 1: Golden Lion, Snake"},"content":{"rendered":"<p>MOC FACTORY 8902 Bricks Artwork Creator 4 in 1 belongs to the advanced model series building block set. First released in 2021.<\/p>\n<p><img fetchpriority=\"high\" decoding=\"async\" class=\"size-full wp-image-206486 aligncenter\" title=\"MOC FACTORY 8902 Bricks Artwork Creator 4 in 1\" src=\"https:\/\/pay.lpwstore.com\/wp-content\/uploads\/2021\/05\/moc-factory-8902-bricks-artwork-creator-4-in-1-035856.jpg\" alt=\"MOC FACTORY 8902 Bricks Artwork Creator 4 in 1\" width=\"800\" height=\"800\" \/><\/p>\n<p>&nbsp;<\/p>\n<figure id=\"attachment_206487\" aria-describedby=\"caption-attachment-206487\" style=\"width: 800px\" class=\"wp-caption aligncenter\"><img decoding=\"async\" class=\"size-full wp-image-206487\" title=\"MOC FACTORY 8902 Bricks Artwork Creator 4 in 1: Golden Lion, Snake\" src=\"https:\/\/pay.lpwstore.com\/wp-content\/uploads\/2021\/05\/moc-factory-8902-bricks-artwork-creator-4-in-1-golden-lion-snake-040034.jpg\" alt=\"MOC FACTORY 8902 Bricks Artwork Creator 4 in 1: Golden Lion, Snake\" width=\"800\" height=\"800\" \/><figcaption id=\"caption-attachment-206487\" class=\"wp-caption-text\">MOC FACTORY 8902 Bricks Artwork Creator 4 in 1: Golden Lion, Snake<\/figcaption><\/figure>\n<p>&nbsp;<\/p>\n<p>&nbsp;<\/p>\n<figure id=\"attachment_206488\" aria-describedby=\"caption-attachment-206488\" style=\"width: 800px\" class=\"wp-caption aligncenter\"><img decoding=\"async\" class=\"size-full wp-image-206488\" title=\"MOC FACTORY 8902 Bricks Artwork Creator 4 in 1: Golden Lion, Snake\" src=\"https:\/\/pay.lpwstore.com\/wp-content\/uploads\/2021\/05\/moc-factory-8902-bricks-artwork-creator-4-in-1-golden-lion-snake-040037.jpg\" alt=\"MOC FACTORY 8902 Bricks Artwork Creator 4 in 1: Golden Lion, Snake\" width=\"800\" height=\"800\" \/><figcaption id=\"caption-attachment-206488\" class=\"wp-caption-text\">MOC FACTORY 8902 Bricks Artwork Creator 4 in 1: Golden Lion, Snake<\/figcaption><\/figure>\n<figure id=\"attachment_206489\" aria-describedby=\"caption-attachment-206489\" style=\"width: 800px\" class=\"wp-caption aligncenter\"><img loading=\"lazy\" decoding=\"async\" class=\"size-full wp-image-206489\" title=\"MOC FACTORY 8902 Bricks Artwork Creator 4 in 1: Golden Lion, Snake\" src=\"https:\/\/pay.lpwstore.com\/wp-content\/uploads\/2021\/05\/moc-factory-8902-bricks-artwork-creator-4-in-1-golden-lion-snake-040039.jpg\" alt=\"MOC FACTORY 8902 Bricks Artwork Creator 4 in 1: Golden Lion, Snake\" width=\"800\" height=\"800\" \/><figcaption id=\"caption-attachment-206489\" class=\"wp-caption-text\">MOC FACTORY 8902 Bricks Artwork Creator 4 in 1: Golden Lion, Snake<\/figcaption><\/figure>\n<figure id=\"attachment_206490\" aria-describedby=\"caption-attachment-206490\" style=\"width: 800px\" class=\"wp-caption aligncenter\"><img loading=\"lazy\" decoding=\"async\" class=\"size-full wp-image-206490\" title=\"MOC FACTORY 8902 Bricks Artwork Creator 4 in 1: Golden Lion, Snake\" src=\"https:\/\/pay.lpwstore.com\/wp-content\/uploads\/2021\/05\/moc-factory-8902-bricks-artwork-creator-4-in-1-golden-lion-snake-040041.jpg\" alt=\"MOC FACTORY 8902 Bricks Artwork Creator 4 in 1: Golden Lion, Snake\" width=\"800\" height=\"800\" \/><figcaption id=\"caption-attachment-206490\" class=\"wp-caption-text\">MOC FACTORY 8902 Bricks Artwork Creator 4 in 1: Golden Lion, Snake<\/figcaption><\/figure>\n<figure id=\"attachment_206491\" aria-describedby=\"caption-attachment-206491\" style=\"width: 800px\" class=\"wp-caption aligncenter\"><img loading=\"lazy\" decoding=\"async\" class=\"size-full wp-image-206491\" title=\"MOC FACTORY 8902 Bricks Artwork Creator 4 in 1: Golden Lion, Snake\" src=\"https:\/\/pay.lpwstore.com\/wp-content\/uploads\/2021\/05\/moc-factory-8902-bricks-artwork-creator-4-in-1-golden-lion-snake-040045.jpg\" alt=\"MOC FACTORY 8902 Bricks Artwork Creator 4 in 1: Golden Lion, Snake\" width=\"800\" height=\"800\" \/><figcaption id=\"caption-attachment-206491\" class=\"wp-caption-text\">MOC FACTORY 8902 Bricks Artwork Creator 4 in 1: Golden Lion, Snake<\/figcaption><\/figure>","protected":false},"excerpt":{"rendered":"<ul>\n<li>Tartalmazza <strong>4249+<\/strong> db<\/li>\n<li>K\u00e9zi haszn\u00e1lati \u00fatmutat\u00f3<\/li>\n<li>Kiv\u00e1l\u00f3 min\u0151s\u00e9g\u0171 ABS blokk<\/li>\n<\/ul>","protected":false},"featured_media":24211,"comment_status":"open","ping_status":"closed","template":"","meta":{"_acf_changed":false},"product_cat":[371],"product_tag":[],"class_list":["product","first","instock","shipping-taxable","purchasable","product-type-simple"],"acf":[],"_links":{"self":[{"href":"https:\/\/mouldking.store\/hu\/wp-json\/wp\/v2\/product\/24217","targetHints":{"allow":["GET"]}}],"collection":[{"href":"https:\/\/mouldking.store\/hu\/wp-json\/wp\/v2\/product"}],"about":[{"href":"https:\/\/mouldking.store\/hu\/wp-json\/wp\/v2\/types\/product"}],"replies":[{"embeddable":true,"href":"https:\/\/mouldking.store\/hu\/wp-json\/wp\/v2\/comments?post=24217"}],"wp:featuredmedia":[{"embeddable":true,"href":"https:\/\/mouldking.store\/hu\/wp-json\/wp\/v2\/media\/24211"}],"wp:attachment":[{"href":"https:\/\/mouldking.store\/hu\/wp-json\/wp\/v2\/media?parent=24217"}],"wp:term":[{"taxonomy":"product_cat","embeddable":true,"href":"https:\/\/mouldking.store\/hu\/wp-json\/wp\/v2\/product_cat?post=24217"},{"taxonomy":"product_tag","embeddable":true,"href":"https:\/\/mouldking.store\/hu\/wp-json\/wp\/v2\/product_tag?post=24217"}],"curies":[{"name":"wp","href":"https:\/\/api.w.org\/{rel}","templated":true}]}}