{"id":24296,"date":"2021-10-10T05:10:21","date_gmt":"2021-10-09T22:10:21","guid":{"rendered":"https:\/\/mouldking.store\/shop\/moc-36873-a6-juggernaut-clone-turbo-tank-micro-fleet-series-star-wars-by-2bricksofficial-moc-factory\/"},"modified":"2025-12-25T09:19:51","modified_gmt":"2025-12-25T02:19:51","slug":"moc-36873-a6-juggernaut-clone-turbo-tank-micro-fleet-series-star-wars-by-2bricksofficial-moc-factory","status":"publish","type":"product","link":"https:\/\/mouldking.store\/hu\/shop\/moc-36873-a6-juggernaut-clone-turbo-tank-micro-fleet-series-star-wars-by-2bricksofficial-moc-factory\/","title":{"rendered":"MOC-36873 A6-Juggernaut (Clone Turbo Tank) Micro Fleet Series Star Wars, 2bricksofficial MOC FACTORY"},"content":{"rendered":"<p>MOC-36873 A6-Juggernaut (Clone Turbo Tank) Micro Fleet Series Star Wars, 2bricksofficial MOC FACTORY a Star Wars kollekci\u00f3ban tal\u00e1lhat\u00f3 k\u00e9szlet, amelyet a 2bricksofficial tervezett. Ez a MOC 36873 PDF utas\u00edt\u00e1ssal \u00e9rkezik, amely k\u00f6nnyen \u00f6ssze\u00e1ll\u00edthat\u00f3 \u00e9s megtal\u00e1lhatja a hi\u00e1nyz\u00f3 r\u00e9szeket. A k\u00e9szlet 148 darabot tartalmaz, el\u0151sz\u00f6r 2021-ben adt\u00e1k ki.<\/p>\n<p><a href=\"https:\/\/pay.lpwstore.com\/wp-content\/uploads\/2021\/05\/MOC-36873-A6-Juggernaut-Clone-Turbo-Tank-Micro-Fleet-Series-Star-Wars-by-2bricksofficial-MOC-FACTORY.jpg\" target=\"_blank\" rel=\"noopener\"><img fetchpriority=\"high\" decoding=\"async\" class=\"aligncenter wp-image-206775 size-full\" src=\"https:\/\/pay.lpwstore.com\/wp-content\/uploads\/2021\/05\/MOC-36873-A6-Juggernaut-Clone-Turbo-Tank-Micro-Fleet-Series-Star-Wars-by-2bricksofficial-MOC-FACTORY.jpg\" alt=\"MOC-36873-A6-Juggernaut-(Clone-Turbo-Tank)-Micro-Fleet-Series-Star-Wars-by-2bricksofficial-MOC-FACTORY\" width=\"800\" height=\"800\" title=\"-\"><\/a><\/p>\n<figure id=\"attachment_206772\" aria-describedby=\"caption-attachment-206772\" style=\"width: 1000px\" class=\"wp-caption aligncenter\"><img decoding=\"async\" class=\"size-full wp-image-206772\" title=\"MOC-36873 A6-Juggernaut (Clone Turbo Tank) Micro Fleet Series Star Wars, 2bricksofficial MOC FACTORY\" src=\"https:\/\/pay.lpwstore.com\/wp-content\/uploads\/2021\/05\/moc-36873-a6-juggernaut-clone-turbo-tank-micro-fleet-series-star-wars-by-2bricksofficial-moc-factory-223602.jpg\" alt=\"MOC-36873 A6-Juggernaut (Clone Turbo Tank) Micro Fleet Series Star Wars by 2bricksofficial MOC FACTORY\" width=\"1000\" height=\"1000\" \/><figcaption id=\"caption-attachment-206772\" class=\"wp-caption-text\">MOC-36873 A6-Juggernaut (Clone Turbo Tank) Micro Fleet Series Star Wars, 2bricksofficial MOC FACTORY<\/figcaption><\/figure>\n<figure id=\"attachment_206773\" aria-describedby=\"caption-attachment-206773\" style=\"width: 1000px\" class=\"wp-caption aligncenter\"><img decoding=\"async\" class=\"size-full wp-image-206773\" title=\"MOC-36873 A6-Juggernaut (Clone Turbo Tank) Micro Fleet Series Star Wars, 2bricksofficial MOC FACTORY\" src=\"https:\/\/pay.lpwstore.com\/wp-content\/uploads\/2021\/05\/moc-36873-a6-juggernaut-clone-turbo-tank-micro-fleet-series-star-wars-by-2bricksofficial-moc-factory-223605.jpg\" alt=\"MOC-36873 A6-Juggernaut (Clone Turbo Tank) Micro Fleet Series Star Wars by 2bricksofficial MOC FACTORY\" width=\"1000\" height=\"1000\" \/><figcaption id=\"caption-attachment-206773\" class=\"wp-caption-text\">MOC-36873 A6-Juggernaut (Clone Turbo Tank) Micro Fleet Series Star Wars, 2bricksofficial MOC FACTORY<\/figcaption><\/figure>\n<figure id=\"attachment_206774\" aria-describedby=\"caption-attachment-206774\" style=\"width: 1000px\" class=\"wp-caption aligncenter\"><img loading=\"lazy\" decoding=\"async\" class=\"size-full wp-image-206774\" title=\"MOC-36873 A6-Juggernaut (Clone Turbo Tank) Micro Fleet Series Star Wars, 2bricksofficial MOC FACTORY\" src=\"https:\/\/pay.lpwstore.com\/wp-content\/uploads\/2021\/05\/moc-36873-a6-juggernaut-clone-turbo-tank-micro-fleet-series-star-wars-by-2bricksofficial-moc-factory-223609.jpg\" alt=\"MOC-36873 A6-Juggernaut (Clone Turbo Tank) Micro Fleet Series Star Wars by 2bricksofficial MOC FACTORY\" width=\"1000\" height=\"1000\" \/><figcaption id=\"caption-attachment-206774\" class=\"wp-caption-text\">MOC-36873 A6-Juggernaut (Clone Turbo Tank) Micro Fleet Series Star Wars, 2bricksofficial MOC FACTORY<\/figcaption><\/figure>","protected":false},"excerpt":{"rendered":"<ul>\n<li>Tartalmazza\u00a0<strong>148+<\/strong>\u00a0db<\/li>\n<li>Online PDF oktat\u00e1s<\/li>\n<li>Kiv\u00e1l\u00f3 min\u0151s\u00e9g\u0171 ABS blokk<\/li>\n<li>M\u00e9retek: 11 x 6 x 4 cm<\/li>\n<\/ul>","protected":false},"featured_media":24293,"comment_status":"open","ping_status":"closed","template":"","meta":{"_acf_changed":false},"product_cat":[415],"product_tag":[],"class_list":["product","first","outofstock","shipping-taxable","purchasable","product-type-simple"],"acf":[],"_links":{"self":[{"href":"https:\/\/mouldking.store\/hu\/wp-json\/wp\/v2\/product\/24296","targetHints":{"allow":["GET"]}}],"collection":[{"href":"https:\/\/mouldking.store\/hu\/wp-json\/wp\/v2\/product"}],"about":[{"href":"https:\/\/mouldking.store\/hu\/wp-json\/wp\/v2\/types\/product"}],"replies":[{"embeddable":true,"href":"https:\/\/mouldking.store\/hu\/wp-json\/wp\/v2\/comments?post=24296"}],"wp:featuredmedia":[{"embeddable":true,"href":"https:\/\/mouldking.store\/hu\/wp-json\/wp\/v2\/media\/24293"}],"wp:attachment":[{"href":"https:\/\/mouldking.store\/hu\/wp-json\/wp\/v2\/media?parent=24296"}],"wp:term":[{"taxonomy":"product_cat","embeddable":true,"href":"https:\/\/mouldking.store\/hu\/wp-json\/wp\/v2\/product_cat?post=24296"},{"taxonomy":"product_tag","embeddable":true,"href":"https:\/\/mouldking.store\/hu\/wp-json\/wp\/v2\/product_tag?post=24296"}],"curies":[{"name":"wp","href":"https:\/\/api.w.org\/{rel}","templated":true}]}}