{"id":24321,"date":"2021-10-10T05:11:32","date_gmt":"2021-10-10T05:11:32","guid":{"rendered":"https:\/\/mouldking.store\/shop\/moc-90136-darth-moore-pixel-art-star-wars-moc-factory\/"},"modified":"2025-12-25T09:19:50","modified_gmt":"2025-12-25T02:19:50","slug":"moc-90136-darth-moore-pixel-art-star-wars-moc-factory","status":"publish","type":"product","link":"https:\/\/mouldking.store\/hu\/shop\/moc-90136-darth-moore-pixel-art-star-wars-moc-factory\/","title":{"rendered":"MOC-90136 Darth Moore Pixel Art Star Wars MOC FACTORY"},"content":{"rendered":"<p>MOC-90136 Darth Moore Pixel Art Star Wars MOC FACTORY is a set in Star Wars collection. This MOC 90136 comes with PDF instruction which is easy to build and find the missing pieces. The set contains 2304 pieces, first released in 2021.<\/p>\n<p><a href=\"https:\/\/pay.lpwstore.com\/wp-content\/uploads\/2021\/05\/MOC-90136-Darth-Moore-Pixel-Art-Star-Wars-MOC-FACTORY.jpg\" target=\"_blank\" rel=\"noopener\"><img fetchpriority=\"high\" decoding=\"async\" class=\"wp-image-206888 size-full\" title=\"MOC-90136 Darth Moore Pixel Art Star Wars MOC FACTORY\" src=\"https:\/\/pay.lpwstore.com\/wp-content\/uploads\/2021\/05\/MOC-90136-Darth-Moore-Pixel-Art-Star-Wars-MOC-FACTORY.jpg\" alt=\"MOC-90136 Darth Moore Pixel Art Star Wars MOC FACTORY\" width=\"800\" height=\"800\" \/><\/a><\/p>\n<figure id=\"attachment_206886\" aria-describedby=\"caption-attachment-206886\" style=\"width: 800px\" class=\"wp-caption aligncenter\"><img decoding=\"async\" class=\"wp-image-206886\" title=\"MOC-90136 Darth Moore Pixel Art Star Wars MOC FACTORY\" src=\"https:\/\/pay.lpwstore.com\/wp-content\/uploads\/2021\/05\/moc-90136-darth-moore-pixel-art-star-wars-moc-factory-230543.jpg\" alt=\"MOC-90136 Darth Moore Pixel Art Star Wars MOC FACTORY\" width=\"800\" height=\"800\" \/><figcaption id=\"caption-attachment-206886\" class=\"wp-caption-text\">MOC-90136 Darth Moore Pixel Art Star Wars MOC FACTORY<\/figcaption><\/figure>\n<figure id=\"attachment_206887\" aria-describedby=\"caption-attachment-206887\" style=\"width: 800px\" class=\"wp-caption aligncenter\"><img decoding=\"async\" class=\"wp-image-206887\" title=\"MOC-90136 Darth Moore Pixel Art Star Wars MOC FACTORY\" src=\"https:\/\/pay.lpwstore.com\/wp-content\/uploads\/2021\/05\/moc-90136-darth-moore-pixel-art-star-wars-moc-factory-230546.jpg\" alt=\"MOC-90136 Darth Moore Pixel Art Star Wars MOC FACTORY\" width=\"800\" height=\"800\" \/><figcaption id=\"caption-attachment-206887\" class=\"wp-caption-text\">MOC-90136 Darth Moore Pixel Art Star Wars MOC FACTORY<\/figcaption><\/figure>","protected":false},"excerpt":{"rendered":"<ul>\n<li>Tartalmazza\u00a0<strong>2304+<\/strong>\u00a0db<\/li>\n<li>Online PDF oktat\u00e1s<\/li>\n<li>Kiv\u00e1l\u00f3 min\u0151s\u00e9g\u0171 ABS blokk<\/li>\n<li>M\u00e9retek: 38,4 x 38,4 x 0,67 cm<\/li>\n<\/ul>","protected":false},"featured_media":24318,"comment_status":"open","ping_status":"closed","template":"","meta":{"_acf_changed":false},"product_cat":[415],"product_tag":[],"class_list":["product","first","outofstock","shipping-taxable","purchasable","product-type-simple"],"acf":[],"_links":{"self":[{"href":"https:\/\/mouldking.store\/hu\/wp-json\/wp\/v2\/product\/24321","targetHints":{"allow":["GET"]}}],"collection":[{"href":"https:\/\/mouldking.store\/hu\/wp-json\/wp\/v2\/product"}],"about":[{"href":"https:\/\/mouldking.store\/hu\/wp-json\/wp\/v2\/types\/product"}],"replies":[{"embeddable":true,"href":"https:\/\/mouldking.store\/hu\/wp-json\/wp\/v2\/comments?post=24321"}],"wp:featuredmedia":[{"embeddable":true,"href":"https:\/\/mouldking.store\/hu\/wp-json\/wp\/v2\/media\/24318"}],"wp:attachment":[{"href":"https:\/\/mouldking.store\/hu\/wp-json\/wp\/v2\/media?parent=24321"}],"wp:term":[{"taxonomy":"product_cat","embeddable":true,"href":"https:\/\/mouldking.store\/hu\/wp-json\/wp\/v2\/product_cat?post=24321"},{"taxonomy":"product_tag","embeddable":true,"href":"https:\/\/mouldking.store\/hu\/wp-json\/wp\/v2\/product_tag?post=24321"}],"curies":[{"name":"wp","href":"https:\/\/api.w.org\/{rel}","templated":true}]}}