{"id":24325,"date":"2021-10-10T05:11:45","date_gmt":"2021-10-10T05:11:45","guid":{"rendered":"https:\/\/mouldking.store\/shop\/moc-90137-spongebob-pixel-art-movie-moc-factory\/"},"modified":"2025-12-25T09:19:50","modified_gmt":"2025-12-25T02:19:50","slug":"moc-90137-spongebob-pixel-art-movie-moc-factory","status":"publish","type":"product","link":"https:\/\/mouldking.store\/hu\/shop\/moc-90137-spongebob-pixel-art-movie-moc-factory\/","title":{"rendered":"MOC-90137 SpongeBob Pixel Art Movie MOC FACTORY"},"content":{"rendered":"<p>MOC-90137 SpongeBob Pixel Art Movie MOC FACTORY is a set in Movie collection. This MOC 90137 comes with PDF instruction which is easy to build and find the missing pieces. The set contains 2304 pieces, first released in 2021.<\/p>\n<figure id=\"attachment_206892\" aria-describedby=\"caption-attachment-206892\" style=\"width: 800px\" class=\"wp-caption aligncenter\"><a href=\"https:\/\/pay.lpwstore.com\/wp-content\/uploads\/2021\/05\/MOC-90137-SpongeBob-Pixel-Art-Movie-MOC-FACTORY.jpg\" target=\"_blank\" rel=\"noopener\"><img fetchpriority=\"high\" decoding=\"async\" class=\"wp-image-206892 size-full\" title=\"MOC-90137 SpongeBob Pixel Art Movie MOC FACTORY\" src=\"https:\/\/pay.lpwstore.com\/wp-content\/uploads\/2021\/05\/MOC-90137-SpongeBob-Pixel-Art-Movie-MOC-FACTORY.jpg\" alt=\"MOC-90137 SpongeBob Pixel Art Movie MOC FACTORY\" width=\"800\" height=\"800\" \/><\/a><figcaption id=\"caption-attachment-206892\" class=\"wp-caption-text\">MOC-90137 SpongeBob Pixel Art Movie MOC FACTORY<\/figcaption><\/figure>\n<figure id=\"attachment_206890\" aria-describedby=\"caption-attachment-206890\" style=\"width: 800px\" class=\"wp-caption aligncenter\"><img decoding=\"async\" class=\"wp-image-206890\" title=\"MOC-90137 SpongeBob Pixel Art Movie MOC FACTORY\" src=\"https:\/\/pay.lpwstore.com\/wp-content\/uploads\/2021\/05\/moc-90137-spongebob-pixel-art-movie-moc-factory-232335.jpg\" alt=\"MOC-90137 SpongeBob Pixel Art Movie MOC FACTORY\" width=\"800\" height=\"800\" \/><figcaption id=\"caption-attachment-206890\" class=\"wp-caption-text\">MOC-90137 SpongeBob Pixel Art Movie MOC FACTORY<\/figcaption><\/figure>\n<figure id=\"attachment_206891\" aria-describedby=\"caption-attachment-206891\" style=\"width: 800px\" class=\"wp-caption aligncenter\"><img decoding=\"async\" class=\"wp-image-206891\" title=\"MOC-90137 SpongeBob Pixel Art Movie MOC FACTORY\" src=\"https:\/\/pay.lpwstore.com\/wp-content\/uploads\/2021\/05\/moc-90137-spongebob-pixel-art-movie-moc-factory-232338.jpg\" alt=\"MOC-90137 SpongeBob Pixel Art Movie MOC FACTORY\" width=\"800\" height=\"800\" \/><figcaption id=\"caption-attachment-206891\" class=\"wp-caption-text\">MOC-90137 SpongeBob Pixel Art Movie MOC FACTORY<\/figcaption><\/figure>","protected":false},"excerpt":{"rendered":"<ul>\n<li>Tartalmazza\u00a0<strong>2304+<\/strong>\u00a0db<\/li>\n<li>Online PDF oktat\u00e1s<\/li>\n<li>Kiv\u00e1l\u00f3 min\u0151s\u00e9g\u0171 ABS blokk<\/li>\n<li>M\u00e9retek: 38,4 x 38,4 x 0,67 cm<\/li>\n<\/ul>","protected":false},"featured_media":24322,"comment_status":"open","ping_status":"closed","template":"","meta":{"_acf_changed":false},"product_cat":[581],"product_tag":[],"class_list":["product","first","outofstock","shipping-taxable","purchasable","product-type-simple"],"acf":[],"_links":{"self":[{"href":"https:\/\/mouldking.store\/hu\/wp-json\/wp\/v2\/product\/24325","targetHints":{"allow":["GET"]}}],"collection":[{"href":"https:\/\/mouldking.store\/hu\/wp-json\/wp\/v2\/product"}],"about":[{"href":"https:\/\/mouldking.store\/hu\/wp-json\/wp\/v2\/types\/product"}],"replies":[{"embeddable":true,"href":"https:\/\/mouldking.store\/hu\/wp-json\/wp\/v2\/comments?post=24325"}],"wp:featuredmedia":[{"embeddable":true,"href":"https:\/\/mouldking.store\/hu\/wp-json\/wp\/v2\/media\/24322"}],"wp:attachment":[{"href":"https:\/\/mouldking.store\/hu\/wp-json\/wp\/v2\/media?parent=24325"}],"wp:term":[{"taxonomy":"product_cat","embeddable":true,"href":"https:\/\/mouldking.store\/hu\/wp-json\/wp\/v2\/product_cat?post=24325"},{"taxonomy":"product_tag","embeddable":true,"href":"https:\/\/mouldking.store\/hu\/wp-json\/wp\/v2\/product_tag?post=24325"}],"curies":[{"name":"wp","href":"https:\/\/api.w.org\/{rel}","templated":true}]}}