{"id":24332,"date":"2021-10-10T05:12:00","date_gmt":"2021-10-10T05:12:00","guid":{"rendered":"https:\/\/mouldking.store\/shop\/moc-47757-side-dumper-truck-with-low-loader-trailer-bussing-42098-c-model-technic-by-time-hh-moc-factory\/"},"modified":"2025-12-25T09:19:50","modified_gmt":"2025-12-25T02:19:50","slug":"moc-47757-side-dumper-truck-with-low-loader-trailer-bussing-42098-c-model-technic-by-time-hh-moc-factory","status":"publish","type":"product","link":"https:\/\/mouldking.store\/hu\/shop\/moc-47757-side-dumper-truck-with-low-loader-trailer-bussing-42098-c-model-technic-by-time-hh-moc-factory\/","title":{"rendered":"MOC-47757 oldals\u00f3 billen\u0151s teheraut\u00f3 alacsony terhel\u00e9s\u0171 p\u00f3tkocsival \u201eB\u00fcssing\u201d ( 42098 C-modell) Technic by time-hh MOC FACTORY"},"content":{"rendered":"<p style=\"text-align: left\">MOC-47757 oldals\u00f3 billen\u0151 teheraut\u00f3 alacsony terhel\u00e9s\u0171 p\u00f3tkocsival \u201eB\u00fcssing\u201d ( 42098 C-modell) Technic by time-hh A MOC FACTORY a Technic kollekci\u00f3 k\u00e9szlete, bytime-hh tervez\u00e9se. Ez a MOC 47757 PDF utas\u00edt\u00e1ssal \u00e9rkezik, amely k\u00f6nnyen \u00f6ssze\u00e1ll\u00edthat\u00f3 \u00e9s megtal\u00e1lhatja a hi\u00e1nyz\u00f3 r\u00e9szeket. A k\u00e9szlet 1210 darabot tartalmaz, el\u0151sz\u00f6r 2021-ben adt\u00e1k ki.<\/p>\n<p style=\"text-align: left\"><strong>JEGYZET:<\/strong><\/p>\n<ul style=\"text-align: center\">\n<li style=\"text-align: left\"><strong>Az egyes r\u00e9szek sz\u00edne nem egyezik a rajzelemek sz\u00edn\u00e9vel, ami a megjelen\u00e9st nem befoly\u00e1solja.<\/strong><\/li>\n<li style=\"text-align: left\"><strong>K\u00e9rj\u00fck, k\u00f6r\u00fcltekint\u0151en v\u00e1s\u00e1roljon azok sz\u00e1m\u00e1ra, akiket nem \u00e9rdekel a hazai alkatr\u00e9szek pontoss\u00e1ga, sz\u00ednk\u00fcl\u00f6nbs\u00e9ge.<\/strong><\/li>\n<li style=\"text-align: left\"><strong>El\u0151fordulhat, hogy a vev\u0151nek az \u00e1ru \u00e1tv\u00e9telekor meg kell fizetnie a plusz v\u00e1md\u00edjat.<\/strong><\/li>\n<\/ul>\n<figure id=\"attachment_206898\" aria-describedby=\"caption-attachment-206898\" style=\"width: 800px\" class=\"wp-caption aligncenter\"><a href=\"https:\/\/pay.lpwstore.com\/wp-content\/uploads\/2021\/05\/MOC-47757-Side-Dumper-Truck-with-Low-Loader-Trailer-B\u00fcssing-42098-C-Model-Technic-by-time-hh-MOC-FACTORY.jpg\" target=\"_blank\" rel=\"noopener\"><img fetchpriority=\"high\" decoding=\"async\" class=\"wp-image-206898 size-full\" title=\"MOC-47757 oldals\u00f3 billen\u0151s teheraut\u00f3 alacsony terhel\u00e9s\u0171 p\u00f3tkocsival &quot;B\u00fcssing&quot; ( 42098 C-Model) Technic by time-hh MOC FACTORY\" src=\"https:\/\/pay.lpwstore.com\/wp-content\/uploads\/2021\/05\/MOC-47757-Side-Dumper-Truck-with-Low-Loader-Trailer-B\u00fcssing-42098-C-Model-Technic-by-time-hh-MOC-FACTORY.jpg\" alt=\"MOC-47757 Side Dumper Truck with Low Loader Trailer &quot;B\u00fcssing&quot; ( 42098 C-Model) Technic by time-hh MOC FACTORY\" width=\"800\" height=\"800\" \/><\/a><figcaption id=\"caption-attachment-206898\" class=\"wp-caption-text\">MOC-47757 oldals\u00f3 billen\u0151s teheraut\u00f3 alacsony terhel\u00e9s\u0171 p\u00f3tkocsival \u201eB\u00fcssing\u201d ( 42098 C-modell) Technic by time-hh MOC FACTORY<\/figcaption><\/figure>\n<p><img decoding=\"async\" class=\"alignnone size-full wp-image-206899 aligncenter\" src=\"https:\/\/pay.lpwstore.com\/wp-content\/uploads\/2021\/05\/MOC-47757-Side-Dumper-Truck-with-Low-Loader-Trailer-B\u00fcssing-42098-C-Model-Technic-by-time-hh-MOC-FACTORY-2.jpg\" alt=\"-\" width=\"800\" height=\"800\" title=\"-\"> <img decoding=\"async\" class=\"alignnone size-full wp-image-206900 aligncenter\" src=\"https:\/\/pay.lpwstore.com\/wp-content\/uploads\/2021\/05\/MOC-47757-Side-Dumper-Truck-with-Low-Loader-Trailer-B\u00fcssing-42098-C-Model-Technic-by-time-hh-MOC-FACTORY-3.jpg\" alt=\"-\" width=\"800\" height=\"800\" title=\"-\"> <img loading=\"lazy\" decoding=\"async\" class=\"alignnone size-full wp-image-206901 aligncenter\" src=\"https:\/\/pay.lpwstore.com\/wp-content\/uploads\/2021\/05\/MOC-47757-Side-Dumper-Truck-with-Low-Loader-Trailer-B\u00fcssing-42098-C-Model-Technic-by-time-hh-MOC-FACTORY-4.jpg\" alt=\"-\" width=\"800\" height=\"800\" title=\"-\"> <img loading=\"lazy\" decoding=\"async\" class=\"alignnone size-full wp-image-206902 aligncenter\" src=\"https:\/\/pay.lpwstore.com\/wp-content\/uploads\/2021\/05\/MOC-47757-Side-Dumper-Truck-with-Low-Loader-Trailer-B\u00fcssing-42098-C-Model-Technic-by-time-hh-MOC-FACTORY-5.jpg\" alt=\"-\" width=\"800\" height=\"800\" title=\"-\"> <img loading=\"lazy\" decoding=\"async\" class=\"alignnone size-full wp-image-206903 aligncenter\" src=\"https:\/\/pay.lpwstore.com\/wp-content\/uploads\/2021\/05\/MOC-47757-Side-Dumper-Truck-with-Low-Loader-Trailer-B\u00fcssing-42098-C-Model-Technic-by-time-hh-MOC-FACTORY-6.jpg\" alt=\"-\" width=\"800\" height=\"800\" title=\"-\"><\/p>","protected":false},"excerpt":{"rendered":"<ul>\n<li>Tartalmazza\u00a0<strong>1210+<\/strong>\u00a0db<\/li>\n<li>Online PDF oktat\u00e1s<\/li>\n<li>Kiv\u00e1l\u00f3 min\u0151s\u00e9g\u0171 ABS blokk<\/li>\n<\/ul>","protected":false},"featured_media":18862,"comment_status":"open","ping_status":"closed","template":"","meta":{"_acf_changed":false},"product_cat":[364],"product_tag":[],"class_list":["product","first","outofstock","shipping-taxable","purchasable","product-type-simple"],"acf":[],"_links":{"self":[{"href":"https:\/\/mouldking.store\/hu\/wp-json\/wp\/v2\/product\/24332","targetHints":{"allow":["GET"]}}],"collection":[{"href":"https:\/\/mouldking.store\/hu\/wp-json\/wp\/v2\/product"}],"about":[{"href":"https:\/\/mouldking.store\/hu\/wp-json\/wp\/v2\/types\/product"}],"replies":[{"embeddable":true,"href":"https:\/\/mouldking.store\/hu\/wp-json\/wp\/v2\/comments?post=24332"}],"wp:featuredmedia":[{"embeddable":true,"href":"https:\/\/mouldking.store\/hu\/wp-json\/wp\/v2\/media\/18862"}],"wp:attachment":[{"href":"https:\/\/mouldking.store\/hu\/wp-json\/wp\/v2\/media?parent=24332"}],"wp:term":[{"taxonomy":"product_cat","embeddable":true,"href":"https:\/\/mouldking.store\/hu\/wp-json\/wp\/v2\/product_cat?post=24332"},{"taxonomy":"product_tag","embeddable":true,"href":"https:\/\/mouldking.store\/hu\/wp-json\/wp\/v2\/product_tag?post=24332"}],"curies":[{"name":"wp","href":"https:\/\/api.w.org\/{rel}","templated":true}]}}