{"id":24352,"date":"2021-10-10T05:12:08","date_gmt":"2021-10-10T05:12:08","guid":{"rendered":"https:\/\/mouldking.store\/shop\/moc-90141-minnie-mouse-pixel-art-movie-moc-factory\/"},"modified":"2025-12-25T09:19:49","modified_gmt":"2025-12-25T02:19:49","slug":"moc-90141-minnie-mouse-pixel-art-movie-moc-factory","status":"publish","type":"product","link":"https:\/\/mouldking.store\/hu\/shop\/moc-90141-minnie-mouse-pixel-art-movie-moc-factory\/","title":{"rendered":"MOC-90141 Minnie Mouse Pixel Art Movie MOC FACTORY"},"content":{"rendered":"<p>A MOC-90141 Minnie Mouse Pixel Art Movie A MOC FACTORY a Movie kollekci\u00f3 k\u00e9szlete. Ez a MOC 90141 PDF utas\u00edt\u00e1ssal \u00e9rkezik, amely k\u00f6nnyen \u00f6ssze\u00e1ll\u00edthat\u00f3 \u00e9s megtal\u00e1lhatja a hi\u00e1nyz\u00f3 r\u00e9szeket. A k\u00e9szlet 2304 darabot tartalmaz, el\u0151sz\u00f6r 2021-ben adt\u00e1k ki.<\/p>\n<figure id=\"attachment_206977\" aria-describedby=\"caption-attachment-206977\" style=\"width: 800px\" class=\"wp-caption aligncenter\"><a href=\"https:\/\/pay.lpwstore.com\/wp-content\/uploads\/2021\/05\/MOC-90141-Minnie-Mouse-Pixel-Art-Movie-MOC-FACTORY.jpg\" target=\"_blank\" rel=\"noopener\"><img fetchpriority=\"high\" decoding=\"async\" class=\"wp-image-206977 size-full\" title=\"MOC-90141 Minnie Mouse Pixel Art Movie MOC FACTORY\" src=\"https:\/\/pay.lpwstore.com\/wp-content\/uploads\/2021\/05\/MOC-90141-Minnie-Mouse-Pixel-Art-Movie-MOC-FACTORY.jpg\" alt=\"MOC-90141 Minnie Mouse Pixel Art Movie MOC FACTORY\" width=\"800\" height=\"800\" \/><\/a><figcaption id=\"caption-attachment-206977\" class=\"wp-caption-text\">MOC-90141 Minnie Mouse Pixel Art Movie MOC FACTORY<\/figcaption><\/figure>\n<figure id=\"attachment_206975\" aria-describedby=\"caption-attachment-206975\" style=\"width: 800px\" class=\"wp-caption aligncenter\"><img decoding=\"async\" class=\"wp-image-206975\" title=\"MOC-90141 Minnie Mouse Pixel Art Movie MOC FACTORY\" src=\"https:\/\/pay.lpwstore.com\/wp-content\/uploads\/2021\/05\/moc-90141-minnie-mouse-pixel-art-movie-moc-factory-220601.jpg\" alt=\"MOC-90141 Minnie Mouse Pixel Art Movie MOC FACTORY\" width=\"800\" height=\"800\" \/><figcaption id=\"caption-attachment-206975\" class=\"wp-caption-text\">MOC-90141 Minnie Mouse Pixel Art Movie MOC FACTORY<\/figcaption><\/figure>\n<figure id=\"attachment_206976\" aria-describedby=\"caption-attachment-206976\" style=\"width: 800px\" class=\"wp-caption aligncenter\"><img decoding=\"async\" class=\"wp-image-206976\" title=\"MOC-90141 Minnie Mouse Pixel Art Movie MOC FACTORY\" src=\"https:\/\/pay.lpwstore.com\/wp-content\/uploads\/2021\/05\/moc-90141-minnie-mouse-pixel-art-movie-moc-factory-220604.jpg\" alt=\"MOC-90141 Minnie Mouse Pixel Art Movie MOC FACTORY\" width=\"800\" height=\"800\" \/><figcaption id=\"caption-attachment-206976\" class=\"wp-caption-text\">MOC-90141 Minnie Mouse Pixel Art Movie MOC FACTORY<\/figcaption><\/figure>\n<p>&nbsp;<\/p>\n<p>&nbsp;<\/p>","protected":false},"excerpt":{"rendered":"<ul>\n<li>Tartalmazza\u00a0<strong>2304+<\/strong>\u00a0db<\/li>\n<li>Online PDF oktat\u00e1s<\/li>\n<li>Kiv\u00e1l\u00f3 min\u0151s\u00e9g\u0171 ABS blokk<\/li>\n<li>M\u00e9retek: 38,4 x 38,4 x 0,67 cm<\/li>\n<\/ul>","protected":false},"featured_media":24349,"comment_status":"open","ping_status":"closed","template":"","meta":{"_acf_changed":false},"product_cat":[581],"product_tag":[],"class_list":["product","first","outofstock","shipping-taxable","purchasable","product-type-simple"],"acf":[],"_links":{"self":[{"href":"https:\/\/mouldking.store\/hu\/wp-json\/wp\/v2\/product\/24352","targetHints":{"allow":["GET"]}}],"collection":[{"href":"https:\/\/mouldking.store\/hu\/wp-json\/wp\/v2\/product"}],"about":[{"href":"https:\/\/mouldking.store\/hu\/wp-json\/wp\/v2\/types\/product"}],"replies":[{"embeddable":true,"href":"https:\/\/mouldking.store\/hu\/wp-json\/wp\/v2\/comments?post=24352"}],"wp:featuredmedia":[{"embeddable":true,"href":"https:\/\/mouldking.store\/hu\/wp-json\/wp\/v2\/media\/24349"}],"wp:attachment":[{"href":"https:\/\/mouldking.store\/hu\/wp-json\/wp\/v2\/media?parent=24352"}],"wp:term":[{"taxonomy":"product_cat","embeddable":true,"href":"https:\/\/mouldking.store\/hu\/wp-json\/wp\/v2\/product_cat?post=24352"},{"taxonomy":"product_tag","embeddable":true,"href":"https:\/\/mouldking.store\/hu\/wp-json\/wp\/v2\/product_tag?post=24352"}],"curies":[{"name":"wp","href":"https:\/\/api.w.org\/{rel}","templated":true}]}}