{"id":24360,"date":"2021-10-10T05:12:15","date_gmt":"2021-10-10T05:12:15","guid":{"rendered":"https:\/\/mouldking.store\/shop\/moc-90143-star-lord-pixel-art-movie-moc-factory\/"},"modified":"2025-12-25T09:17:28","modified_gmt":"2025-12-25T02:17:28","slug":"moc-90143-star-lord-pixel-art-movie-moc-factory","status":"publish","type":"product","link":"https:\/\/mouldking.store\/hu\/shop\/moc-90143-star-lord-pixel-art-movie-moc-factory\/","title":{"rendered":"MOC-90143 Star Lord Pixel Art Movie MOC FACTORY"},"content":{"rendered":"<p>A MOC-90143 Star Lord Pixel Art Movie A MOC FACTORY a Movie kollekci\u00f3 k\u00e9szlete. Ehhez a MOC 90143-hoz PDF utas\u00edt\u00e1sok tartoznak, amelyeket k\u00f6nny\u0171 \u00f6ssze\u00e1ll\u00edtani \u00e9s megtal\u00e1lni a hi\u00e1nyz\u00f3 darabokat. A k\u00e9szlet 2304 darabot tartalmaz, el\u0151sz\u00f6r 2021-ben adt\u00e1k ki.<\/p>\n<figure id=\"attachment_206986\" aria-describedby=\"caption-attachment-206986\" style=\"width: 800px\" class=\"wp-caption aligncenter\"><a href=\"https:\/\/pay.lpwstore.com\/wp-content\/uploads\/2021\/05\/MOC-90143-Star-Lord-Pixel-Art-Movie-MOC-FACTORY.jpg\" target=\"_blank\" rel=\"noopener\"><img fetchpriority=\"high\" decoding=\"async\" class=\"wp-image-206986 size-full\" title=\"MOC-90143 Star Lord Pixel Art Movie MOC FACTORY\" src=\"https:\/\/pay.lpwstore.com\/wp-content\/uploads\/2021\/05\/MOC-90143-Star-Lord-Pixel-Art-Movie-MOC-FACTORY.jpg\" alt=\"MOC-90143 Star Lord Pixel Art Movie MOC FACTORY\" width=\"800\" height=\"800\" \/><\/a><figcaption id=\"caption-attachment-206986\" class=\"wp-caption-text\">MOC-90143 Star Lord Pixel Art Movie MOC FACTORY<\/figcaption><\/figure>\n<figure id=\"attachment_206984\" aria-describedby=\"caption-attachment-206984\" style=\"width: 800px\" class=\"wp-caption aligncenter\"><img decoding=\"async\" class=\"wp-image-206984\" title=\"MOC-90143 Star Lord Pixel Art Movie MOC FACTORY\" src=\"https:\/\/pay.lpwstore.com\/wp-content\/uploads\/2021\/05\/moc-90143-star-lord-pixel-art-movie-moc-factory-223212.jpg\" alt=\"MOC-90143 Star Lord Pixel Art Movie MOC FACTORY\" width=\"800\" height=\"800\" \/><figcaption id=\"caption-attachment-206984\" class=\"wp-caption-text\">MOC-90143 Star Lord Pixel Art Movie MOC FACTORY<\/figcaption><\/figure>\n<figure id=\"attachment_206985\" aria-describedby=\"caption-attachment-206985\" style=\"width: 800px\" class=\"wp-caption aligncenter\"><img decoding=\"async\" class=\"wp-image-206985\" title=\"MOC-90143 Star Lord Pixel Art Movie MOC FACTORY\" src=\"https:\/\/pay.lpwstore.com\/wp-content\/uploads\/2021\/05\/moc-90143-star-lord-pixel-art-movie-moc-factory-223215.jpg\" alt=\"MOC-90143 Star Lord Pixel Art Movie MOC FACTORY\" width=\"800\" height=\"800\" \/><figcaption id=\"caption-attachment-206985\" class=\"wp-caption-text\">MOC-90143 Star Lord Pixel Art Movie MOC FACTORY<\/figcaption><\/figure>\n<p>&nbsp;<\/p>","protected":false},"excerpt":{"rendered":"<ul>\n<li>Tartalmazza\u00a0<strong>2304+<\/strong>\u00a0db<\/li>\n<li>Online PDF oktat\u00e1s<\/li>\n<li>Kiv\u00e1l\u00f3 min\u0151s\u00e9g\u0171 ABS blokk<\/li>\n<li>M\u00e9retek: 38,4 x 38,4 x 0,67 cm<\/li>\n<\/ul>","protected":false},"featured_media":24357,"comment_status":"open","ping_status":"closed","template":"","meta":{"_acf_changed":false},"product_cat":[581],"product_tag":[],"class_list":["product","first","outofstock","shipping-taxable","purchasable","product-type-simple"],"acf":[],"_links":{"self":[{"href":"https:\/\/mouldking.store\/hu\/wp-json\/wp\/v2\/product\/24360","targetHints":{"allow":["GET"]}}],"collection":[{"href":"https:\/\/mouldking.store\/hu\/wp-json\/wp\/v2\/product"}],"about":[{"href":"https:\/\/mouldking.store\/hu\/wp-json\/wp\/v2\/types\/product"}],"replies":[{"embeddable":true,"href":"https:\/\/mouldking.store\/hu\/wp-json\/wp\/v2\/comments?post=24360"}],"wp:featuredmedia":[{"embeddable":true,"href":"https:\/\/mouldking.store\/hu\/wp-json\/wp\/v2\/media\/24357"}],"wp:attachment":[{"href":"https:\/\/mouldking.store\/hu\/wp-json\/wp\/v2\/media?parent=24360"}],"wp:term":[{"taxonomy":"product_cat","embeddable":true,"href":"https:\/\/mouldking.store\/hu\/wp-json\/wp\/v2\/product_cat?post=24360"},{"taxonomy":"product_tag","embeddable":true,"href":"https:\/\/mouldking.store\/hu\/wp-json\/wp\/v2\/product_tag?post=24360"}],"curies":[{"name":"wp","href":"https:\/\/api.w.org\/{rel}","templated":true}]}}