{"id":24366,"date":"2021-10-10T05:12:26","date_gmt":"2021-10-09T22:12:26","guid":{"rendered":"https:\/\/mouldking.store\/shop\/moc-39617-apex-legends-titanfall-2-wingman-revolver-movie-by-nickbrick-moc-factory\/"},"modified":"2025-12-25T09:17:28","modified_gmt":"2025-12-25T02:17:28","slug":"moc-39617-apex-legends-titanfall-2-wingman-revolver-movie-by-nickbrick-moc-factory","status":"publish","type":"product","link":"https:\/\/mouldking.store\/hu\/shop\/moc-39617-apex-legends-titanfall-2-wingman-revolver-movie-by-nickbrick-moc-factory\/","title":{"rendered":"MOC-39617 Apex Legends &amp; Titanfall 2 \u2013 Wingman Revolver film, NickBrick MOC FACTORY"},"content":{"rendered":"<p>MOC-39617 Apex Legends &amp; Titanfall 2 \u2013 Wingman Revolver Movie, NickBrick A MOC FACTORY a NickBrick \u00e1ltal tervezett Movie kollekci\u00f3 k\u00e9szlete. Ez a MOC 39617 PDF utas\u00edt\u00e1ssal \u00e9rkezik, amely k\u00f6nnyen \u00f6ssze\u00e1ll\u00edthat\u00f3 \u00e9s megtal\u00e1lhatja a hi\u00e1nyz\u00f3 darabokat. A k\u00e9szlet 752 darabot tartalmaz, el\u0151sz\u00f6r 2021-ben adt\u00e1k ki.<\/p>\n<p><a href=\"https:\/\/pay.lpwstore.com\/wp-content\/uploads\/2021\/05\/MOC-39617-Apex-Legends-Titanfall-2-Wingman-Revolver-Movie-by-NickBrick-MOC-FACTORY.jpg\" target=\"_blank\" rel=\"noopener\"><img fetchpriority=\"high\" decoding=\"async\" class=\"aligncenter wp-image-207001 size-full\" title=\"MOC-39617 Apex Legends &amp; Titanfall 2 \u2013 Wingman Revolver film, k\u00e9sz\u00edtette: NickBrick MOC FACTORY\" src=\"https:\/\/pay.lpwstore.com\/wp-content\/uploads\/2021\/05\/MOC-39617-Apex-Legends-Titanfall-2-Wingman-Revolver-Movie-by-NickBrick-MOC-FACTORY.jpg\" alt=\"MOC-39617 Apex Legends &amp; Titanfall 2 - Wingman Revolver Movie by NickBrick MOC FACTORY\" width=\"800\" height=\"800\" \/><\/a><\/p>","protected":false},"excerpt":{"rendered":"<ul>\n<li>Tartalmazza <strong>752+<\/strong> db<\/li>\n<li>Online PDF oktat\u00e1s<\/li>\n<li>Kiv\u00e1l\u00f3 min\u0151s\u00e9g\u0171 ABS blokk<\/li>\n<li>M\u00e9retek: 24 x 4 x 10 cm<\/li>\n<\/ul>","protected":false},"featured_media":24365,"comment_status":"open","ping_status":"closed","template":"","meta":{"_acf_changed":false},"product_cat":[581],"product_tag":[],"class_list":["product","first","instock","shipping-taxable","purchasable","product-type-simple"],"acf":[],"_links":{"self":[{"href":"https:\/\/mouldking.store\/hu\/wp-json\/wp\/v2\/product\/24366","targetHints":{"allow":["GET"]}}],"collection":[{"href":"https:\/\/mouldking.store\/hu\/wp-json\/wp\/v2\/product"}],"about":[{"href":"https:\/\/mouldking.store\/hu\/wp-json\/wp\/v2\/types\/product"}],"replies":[{"embeddable":true,"href":"https:\/\/mouldking.store\/hu\/wp-json\/wp\/v2\/comments?post=24366"}],"wp:featuredmedia":[{"embeddable":true,"href":"https:\/\/mouldking.store\/hu\/wp-json\/wp\/v2\/media\/24365"}],"wp:attachment":[{"href":"https:\/\/mouldking.store\/hu\/wp-json\/wp\/v2\/media?parent=24366"}],"wp:term":[{"taxonomy":"product_cat","embeddable":true,"href":"https:\/\/mouldking.store\/hu\/wp-json\/wp\/v2\/product_cat?post=24366"},{"taxonomy":"product_tag","embeddable":true,"href":"https:\/\/mouldking.store\/hu\/wp-json\/wp\/v2\/product_tag?post=24366"}],"curies":[{"name":"wp","href":"https:\/\/api.w.org\/{rel}","templated":true}]}}