{"id":24379,"date":"2021-10-10T05:12:34","date_gmt":"2021-10-09T22:12:34","guid":{"rendered":"https:\/\/mouldking.store\/shop\/moc-22995-fallout-eyebot-creator-by-daarken-moc-factory\/"},"modified":"2025-12-25T09:17:28","modified_gmt":"2025-12-25T02:17:28","slug":"moc-22995-fallout-eyebot-creator-by-daarken-moc-factory","status":"publish","type":"product","link":"https:\/\/mouldking.store\/hu\/shop\/moc-22995-fallout-eyebot-creator-by-daarken-moc-factory\/","title":{"rendered":"MOC-22995 Fallout Eyebot Creator a daarken MOC FACTORY-t\u00f3l"},"content":{"rendered":"<p>A MOC-22995 Fallout Eyebot Creator a daarkent\u0151l A MOC FACTORY egy k\u00e9szlet a Creator kollekci\u00f3ban, amelyet a daarken tervezett. Ez a MOC 22995 PDF utas\u00edt\u00e1ssal \u00e9rkezik, amely k\u00f6nnyen \u00f6ssze\u00e1ll\u00edthat\u00f3 \u00e9s megtal\u00e1lhatja a hi\u00e1nyz\u00f3 darabokat. A k\u00e9szlet 239 darabot tartalmaz, el\u0151sz\u00f6r 2021-ben adt\u00e1k ki.<\/p>\n<p><a href=\"https:\/\/pay.lpwstore.com\/wp-content\/uploads\/2021\/05\/MOC-22995-Fallout-Eyebot-Creator-by-daarken-MOC-FACTORY.jpg\" target=\"_blank\" rel=\"noopener\"><img fetchpriority=\"high\" decoding=\"async\" class=\"aligncenter wp-image-207017 size-full\" title=\"MOC-22995 Fallout Eyebot Creator a daarken MOC FACTORY-t\u00f3l\" src=\"https:\/\/pay.lpwstore.com\/wp-content\/uploads\/2021\/05\/MOC-22995-Fallout-Eyebot-Creator-by-daarken-MOC-FACTORY.jpg\" alt=\"MOC-22995 Fallout Eyebot Creator by daarken MOC FACTORY\" width=\"800\" height=\"800\" \/><\/a><\/p>","protected":false},"excerpt":{"rendered":"<ul>\n<li>Tartalmazza\u00a0<strong>239+<\/strong>\u00a0db<\/li>\n<li>Online PDF oktat\u00e1s<\/li>\n<li>Kiv\u00e1l\u00f3 min\u0151s\u00e9g\u0171 ABS blokk<\/li>\n<li>M\u00e9retek: 10 x 8 x 13 cm<\/li>\n<\/ul>","protected":false},"featured_media":24378,"comment_status":"open","ping_status":"closed","template":"","meta":{"_acf_changed":false},"product_cat":[371],"product_tag":[],"class_list":["product","first","instock","shipping-taxable","purchasable","product-type-simple"],"acf":[],"_links":{"self":[{"href":"https:\/\/mouldking.store\/hu\/wp-json\/wp\/v2\/product\/24379","targetHints":{"allow":["GET"]}}],"collection":[{"href":"https:\/\/mouldking.store\/hu\/wp-json\/wp\/v2\/product"}],"about":[{"href":"https:\/\/mouldking.store\/hu\/wp-json\/wp\/v2\/types\/product"}],"replies":[{"embeddable":true,"href":"https:\/\/mouldking.store\/hu\/wp-json\/wp\/v2\/comments?post=24379"}],"wp:featuredmedia":[{"embeddable":true,"href":"https:\/\/mouldking.store\/hu\/wp-json\/wp\/v2\/media\/24378"}],"wp:attachment":[{"href":"https:\/\/mouldking.store\/hu\/wp-json\/wp\/v2\/media?parent=24379"}],"wp:term":[{"taxonomy":"product_cat","embeddable":true,"href":"https:\/\/mouldking.store\/hu\/wp-json\/wp\/v2\/product_cat?post=24379"},{"taxonomy":"product_tag","embeddable":true,"href":"https:\/\/mouldking.store\/hu\/wp-json\/wp\/v2\/product_tag?post=24379"}],"curies":[{"name":"wp","href":"https:\/\/api.w.org\/{rel}","templated":true}]}}