{"id":24397,"date":"2021-10-10T05:12:48","date_gmt":"2021-10-09T22:12:48","guid":{"rendered":"https:\/\/mouldking.store\/shop\/moc-65500-battle-of-hoth-attack-star-wars-by-jellco-moc-factory\/"},"modified":"2025-12-25T09:17:27","modified_gmt":"2025-12-25T02:17:27","slug":"moc-65500-battle-of-hoth-attack-star-wars-by-jellco-moc-factory","status":"publish","type":"product","link":"https:\/\/mouldking.store\/hu\/shop\/moc-65500-battle-of-hoth-attack-star-wars-by-jellco-moc-factory\/","title":{"rendered":"MOC-65500 Battle Of HOTH: ATTACK Star Wars, jellco MOC FACTORY"},"content":{"rendered":"<p>MOC-65500 Battle Of HOTH: ATTACK Star Wars, jellco A MOC FACTORY a jellco \u00e1ltal tervezett Star Wars kollekci\u00f3 k\u00e9szlete. Ez a MOC 65500 PDF utas\u00edt\u00e1ssal \u00e9rkezik, amely k\u00f6nnyen \u00f6ssze\u00e1ll\u00edthat\u00f3 \u00e9s megtal\u00e1lhatja a hi\u00e1nyz\u00f3 r\u00e9szeket. A k\u00e9szlet 936 darabot tartalmaz, el\u0151sz\u00f6r 2021-ben adt\u00e1k ki.<\/p>\n<p><a href=\"https:\/\/pay.lpwstore.com\/wp-content\/uploads\/2021\/05\/MOC-65500-Battle-Of-HOTH-ATTACK-Star-Wars-by-jellco-MOC-FACTORY.jpg\" target=\"_blank\" rel=\"noopener\"><img fetchpriority=\"high\" decoding=\"async\" class=\"aligncenter wp-image-207089 size-full\" title=\"MOC-65500 Battle Of HOTH: ATTACK Star Wars, jellco MOC FACTORY\" src=\"https:\/\/pay.lpwstore.com\/wp-content\/uploads\/2021\/05\/MOC-65500-Battle-Of-HOTH-ATTACK-Star-Wars-by-jellco-MOC-FACTORY.jpg\" alt=\"MOC-65500 Battle Of HOTH : ATTACK Star Wars by jellco MOC FACTORY\" width=\"800\" height=\"800\" \/><\/a><\/p>\n<figure id=\"attachment_207084\" aria-describedby=\"caption-attachment-207084\" style=\"width: 1000px\" class=\"wp-caption aligncenter\"><img decoding=\"async\" class=\"size-full wp-image-207084\" title=\"MOC-65500 Battle Of HOTH: ATTACK Star Wars, jellco MOC FACTORY\" src=\"https:\/\/pay.lpwstore.com\/wp-content\/uploads\/2021\/05\/moc-65500-battle-of-hoth-attack-star-wars-by-jellco-moc-factory-234416.jpg\" alt=\"MOC-65500 Battle Of HOTH : ATTACK Star Wars by jellco MOC FACTORY\" width=\"1000\" height=\"1000\" \/><figcaption id=\"caption-attachment-207084\" class=\"wp-caption-text\">MOC-65500 Battle Of HOTH: ATTACK Star Wars, jellco MOC FACTORY<\/figcaption><\/figure>\n<figure id=\"attachment_207085\" aria-describedby=\"caption-attachment-207085\" style=\"width: 1000px\" class=\"wp-caption aligncenter\"><img decoding=\"async\" class=\"size-full wp-image-207085\" title=\"MOC-65500 Battle Of HOTH: ATTACK Star Wars, jellco MOC FACTORY\" src=\"https:\/\/pay.lpwstore.com\/wp-content\/uploads\/2021\/05\/moc-65500-battle-of-hoth-attack-star-wars-by-jellco-moc-factory-234420.jpg\" alt=\"MOC-65500 Battle Of HOTH : ATTACK Star Wars by jellco MOC FACTORY\" width=\"1000\" height=\"1000\" \/><figcaption id=\"caption-attachment-207085\" class=\"wp-caption-text\">MOC-65500 Battle Of HOTH: ATTACK Star Wars, jellco MOC FACTORY<\/figcaption><\/figure>\n<figure id=\"attachment_207086\" aria-describedby=\"caption-attachment-207086\" style=\"width: 1000px\" class=\"wp-caption aligncenter\"><img loading=\"lazy\" decoding=\"async\" class=\"size-full wp-image-207086\" title=\"MOC-65500 Battle Of HOTH: ATTACK Star Wars, jellco MOC FACTORY\" src=\"https:\/\/pay.lpwstore.com\/wp-content\/uploads\/2021\/05\/moc-65500-battle-of-hoth-attack-star-wars-by-jellco-moc-factory-234423.jpg\" alt=\"MOC-65500 Battle Of HOTH : ATTACK Star Wars by jellco MOC FACTORY\" width=\"1000\" height=\"1000\" \/><figcaption id=\"caption-attachment-207086\" class=\"wp-caption-text\">MOC-65500 Battle Of HOTH: ATTACK Star Wars, jellco MOC FACTORY<\/figcaption><\/figure>\n<figure id=\"attachment_207087\" aria-describedby=\"caption-attachment-207087\" style=\"width: 1000px\" class=\"wp-caption aligncenter\"><img loading=\"lazy\" decoding=\"async\" class=\"size-full wp-image-207087\" title=\"MOC-65500 Battle Of HOTH: ATTACK Star Wars, jellco MOC FACTORY\" src=\"https:\/\/pay.lpwstore.com\/wp-content\/uploads\/2021\/05\/moc-65500-battle-of-hoth-attack-star-wars-by-jellco-moc-factory-234427.jpg\" alt=\"MOC-65500 Battle Of HOTH : ATTACK Star Wars by jellco MOC FACTORY\" width=\"1000\" height=\"1000\" \/><figcaption id=\"caption-attachment-207087\" class=\"wp-caption-text\">MOC-65500 Battle Of HOTH: ATTACK Star Wars, jellco MOC FACTORY<\/figcaption><\/figure>\n<figure id=\"attachment_207088\" aria-describedby=\"caption-attachment-207088\" style=\"width: 1000px\" class=\"wp-caption aligncenter\"><img loading=\"lazy\" decoding=\"async\" class=\"size-full wp-image-207088\" title=\"MOC-65500 Battle Of HOTH: ATTACK Star Wars, jellco MOC FACTORY\" src=\"https:\/\/pay.lpwstore.com\/wp-content\/uploads\/2021\/05\/moc-65500-battle-of-hoth-attack-star-wars-by-jellco-moc-factory-234430.jpg\" alt=\"MOC-65500 Battle Of HOTH : ATTACK Star Wars by jellco MOC FACTORY\" width=\"1000\" height=\"1000\" \/><figcaption id=\"caption-attachment-207088\" class=\"wp-caption-text\">MOC-65500 Battle Of HOTH: ATTACK Star Wars, jellco MOC FACTORY<\/figcaption><\/figure>\n<p>&nbsp;<\/p>","protected":false},"excerpt":{"rendered":"<ul>\n<li>Tartalmazza <strong>936+<\/strong> db<\/li>\n<li>Online PDF oktat\u00e1s<\/li>\n<li>Kiv\u00e1l\u00f3 min\u0151s\u00e9g\u0171 ABS blokk<\/li>\n<li>M\u00e9retek: 26 x 25 x 10 cm<\/li>\n<\/ul>","protected":false},"featured_media":24391,"comment_status":"open","ping_status":"closed","template":"","meta":{"_acf_changed":false},"product_cat":[415],"product_tag":[],"class_list":["product","first","outofstock","shipping-taxable","purchasable","product-type-simple"],"acf":[],"_links":{"self":[{"href":"https:\/\/mouldking.store\/hu\/wp-json\/wp\/v2\/product\/24397","targetHints":{"allow":["GET"]}}],"collection":[{"href":"https:\/\/mouldking.store\/hu\/wp-json\/wp\/v2\/product"}],"about":[{"href":"https:\/\/mouldking.store\/hu\/wp-json\/wp\/v2\/types\/product"}],"replies":[{"embeddable":true,"href":"https:\/\/mouldking.store\/hu\/wp-json\/wp\/v2\/comments?post=24397"}],"wp:featuredmedia":[{"embeddable":true,"href":"https:\/\/mouldking.store\/hu\/wp-json\/wp\/v2\/media\/24391"}],"wp:attachment":[{"href":"https:\/\/mouldking.store\/hu\/wp-json\/wp\/v2\/media?parent=24397"}],"wp:term":[{"taxonomy":"product_cat","embeddable":true,"href":"https:\/\/mouldking.store\/hu\/wp-json\/wp\/v2\/product_cat?post=24397"},{"taxonomy":"product_tag","embeddable":true,"href":"https:\/\/mouldking.store\/hu\/wp-json\/wp\/v2\/product_tag?post=24397"}],"curies":[{"name":"wp","href":"https:\/\/api.w.org\/{rel}","templated":true}]}}