{"id":24427,"date":"2021-10-10T05:13:16","date_gmt":"2021-10-10T05:13:16","guid":{"rendered":"https:\/\/mouldking.store\/shop\/moc-90148-spiderman-pixel-art-movie-moc-factory\/"},"modified":"2025-12-25T09:17:27","modified_gmt":"2025-12-25T02:17:27","slug":"moc-90148-spiderman-pixel-art-movie-moc-factory","status":"publish","type":"product","link":"https:\/\/mouldking.store\/hu\/shop\/moc-90148-spiderman-pixel-art-movie-moc-factory\/","title":{"rendered":"MOC-90148 Spiderman Pixel Art Movie MOC FACTORY"},"content":{"rendered":"<p>A MOC-90148 Spiderman Pixel Art Movie A MOC FACTORY a Movie kollekci\u00f3 k\u00e9szlete. Ez a MOC 90148 PDF utas\u00edt\u00e1ssal \u00e9rkezik, amely k\u00f6nnyen \u00f6ssze\u00e1ll\u00edthat\u00f3 \u00e9s megtal\u00e1lhatja a hi\u00e1nyz\u00f3 r\u00e9szeket. A k\u00e9szlet 2304 darabot tartalmaz, el\u0151sz\u00f6r 2021-ben adt\u00e1k ki.<\/p>\n<figure id=\"attachment_207157\" aria-describedby=\"caption-attachment-207157\" style=\"width: 800px\" class=\"wp-caption aligncenter\"><a href=\"https:\/\/pay.lpwstore.com\/wp-content\/uploads\/2021\/05\/MOC-90148-Spiderman-Pixel-Art-Movie-MOC-FACTORY.jpg\" target=\"_blank\" rel=\"noopener\"><img fetchpriority=\"high\" decoding=\"async\" class=\"wp-image-207157 size-full\" title=\"MOC-90148 Spiderman Pixel Art Movie MOC FACTORY\" src=\"https:\/\/pay.lpwstore.com\/wp-content\/uploads\/2021\/05\/MOC-90148-Spiderman-Pixel-Art-Movie-MOC-FACTORY.jpg\" alt=\"MOC-90148 Spiderman Pixel Art Movie MOC FACTORY\" width=\"800\" height=\"800\" \/><\/a><figcaption id=\"caption-attachment-207157\" class=\"wp-caption-text\">MOC-90148 Spiderman Pixel Art Movie MOC FACTORY<\/figcaption><\/figure>\n<figure id=\"attachment_207153\" aria-describedby=\"caption-attachment-207153\" style=\"width: 800px\" class=\"wp-caption aligncenter\"><img decoding=\"async\" class=\"wp-image-207153\" title=\"MOC-90148 Spiderman Pixel Art Movie MOC FACTORY\" src=\"https:\/\/pay.lpwstore.com\/wp-content\/uploads\/2021\/05\/moc-90148-spiderman-pixel-art-movie-moc-factory-033638.jpg\" alt=\"MOC-90148 Spiderman Pixel Art Movie MOC FACTORY\" width=\"800\" height=\"800\" \/><figcaption id=\"caption-attachment-207153\" class=\"wp-caption-text\">MOC-90148 Spiderman Pixel Art Movie MOC FACTORY<\/figcaption><\/figure>\n<figure id=\"attachment_207154\" aria-describedby=\"caption-attachment-207154\" style=\"width: 800px\" class=\"wp-caption aligncenter\"><img decoding=\"async\" class=\"wp-image-207154\" title=\"MOC-90148 Spiderman Pixel Art Movie MOC FACTORY\" src=\"https:\/\/pay.lpwstore.com\/wp-content\/uploads\/2021\/05\/moc-90148-spiderman-pixel-art-movie-moc-factory-033641.jpg\" alt=\"MOC-90148 Spiderman Pixel Art Movie MOC FACTORY\" width=\"800\" height=\"800\" \/><figcaption id=\"caption-attachment-207154\" class=\"wp-caption-text\">MOC-90148 Spiderman Pixel Art Movie MOC FACTORY<\/figcaption><\/figure>\n<p>&nbsp;<\/p>\n<figure id=\"attachment_207155\" aria-describedby=\"caption-attachment-207155\" style=\"width: 800px\" class=\"wp-caption aligncenter\"><img loading=\"lazy\" decoding=\"async\" class=\"wp-image-207155\" title=\"MOC-90148 Spiderman Pixel Art Movie MOC FACTORY\" src=\"https:\/\/pay.lpwstore.com\/wp-content\/uploads\/2021\/05\/moc-90148-spiderman-pixel-art-movie-moc-factory-033645.jpg\" alt=\"MOC-90148 Spiderman Pixel Art Movie MOC FACTORY\" width=\"800\" height=\"800\" \/><figcaption id=\"caption-attachment-207155\" class=\"wp-caption-text\">MOC-90148 Spiderman Pixel Art Movie MOC FACTORY<\/figcaption><\/figure>\n<figure id=\"attachment_207156\" aria-describedby=\"caption-attachment-207156\" style=\"width: 800px\" class=\"wp-caption aligncenter\"><img loading=\"lazy\" decoding=\"async\" class=\"wp-image-207156\" title=\"MOC-90148 Spiderman Pixel Art Movie MOC FACTORY\" src=\"https:\/\/pay.lpwstore.com\/wp-content\/uploads\/2021\/05\/moc-90148-spiderman-pixel-art-movie-moc-factory-033648.jpg\" alt=\"MOC-90148 Spiderman Pixel Art Movie MOC FACTORY\" width=\"800\" height=\"800\" \/><figcaption id=\"caption-attachment-207156\" class=\"wp-caption-text\">MOC-90148 Spiderman Pixel Art Movie MOC FACTORY<\/figcaption><\/figure>","protected":false},"excerpt":{"rendered":"<ul>\n<li>Tartalmazza\u00a0<strong>2304+<\/strong>\u00a0db<\/li>\n<li>Online PDF oktat\u00e1s<\/li>\n<li>Kiv\u00e1l\u00f3 min\u0151s\u00e9g\u0171 ABS blokk<\/li>\n<li>M\u00e9retek: 38,4 x 38,4 x 0,67 cm<\/li>\n<\/ul>","protected":false},"featured_media":24422,"comment_status":"open","ping_status":"closed","template":"","meta":{"_acf_changed":false},"product_cat":[581],"product_tag":[],"class_list":["product","first","outofstock","shipping-taxable","purchasable","product-type-simple"],"acf":[],"_links":{"self":[{"href":"https:\/\/mouldking.store\/hu\/wp-json\/wp\/v2\/product\/24427","targetHints":{"allow":["GET"]}}],"collection":[{"href":"https:\/\/mouldking.store\/hu\/wp-json\/wp\/v2\/product"}],"about":[{"href":"https:\/\/mouldking.store\/hu\/wp-json\/wp\/v2\/types\/product"}],"replies":[{"embeddable":true,"href":"https:\/\/mouldking.store\/hu\/wp-json\/wp\/v2\/comments?post=24427"}],"wp:featuredmedia":[{"embeddable":true,"href":"https:\/\/mouldking.store\/hu\/wp-json\/wp\/v2\/media\/24422"}],"wp:attachment":[{"href":"https:\/\/mouldking.store\/hu\/wp-json\/wp\/v2\/media?parent=24427"}],"wp:term":[{"taxonomy":"product_cat","embeddable":true,"href":"https:\/\/mouldking.store\/hu\/wp-json\/wp\/v2\/product_cat?post=24427"},{"taxonomy":"product_tag","embeddable":true,"href":"https:\/\/mouldking.store\/hu\/wp-json\/wp\/v2\/product_tag?post=24427"}],"curies":[{"name":"wp","href":"https:\/\/api.w.org\/{rel}","templated":true}]}}